{"id":3863,"date":"2019-04-24T12:49:30","date_gmt":"2019-04-24T10:49:30","guid":{"rendered":"https:\/\/elexxion.dev.felix.media\/?page_id=3863"},"modified":"2022-01-12T14:49:22","modified_gmt":"2022-01-12T13:49:22","slug":"case-reports-eryag","status":"publish","type":"page","link":"https:\/\/www.elexxion.com\/en\/app\/case-reports-eryag\/","title":{"rendered":"Case Reports Er:YAG"},"content":{"rendered":"<p>[vc_section css=&#8221;.vc_custom_1641995360486{padding-top: 80px !important;padding-bottom: 80px !important;}&#8221; el_id=&#8221;home&#8221; el_class=&#8221;produkte unternehmen investoren home downloads app-home&#8221;][vc_row el_class=&#8221;fm-seo-breadcrumbs&#8221;][vc_column el_class=&#8221;smaller&#8221;][vc_column_text]<span><span><a href=\"https:\/\/www.elexxion.com\/en\/home-kopie\/\">Home<\/a><\/span>[\/vc_column_text][\/vc_column][\/vc_row][vc_row][vc_column el_class=&#8221;smaller&#8221;][vc_column_text]<\/p>\n<h3>Case Reports Er:YAG-Laser<\/h3>\n<h3 class=\"font-weight-400\">Treatment pics and vids<\/h3>\n<p>[\/vc_column_text][\/vc_column][\/vc_row][vc_row equal_height=&#8221;yes&#8221;][vc_column width=&#8221;1\/3&#8243; el_class=&#8221;products&#8221; offset=&#8221;vc_col-lg-3 vc_col-md-4 vc_col-xs-12&#8243; css=&#8221;.vc_custom_1555762518588{margin-top: 30px !important;}&#8221;][vc_row_inner css=&#8221;.vc_custom_1554976324184{padding-top: 20px !important;padding-right: 20px !important;padding-bottom: 20px !important;padding-left: 20px !important;}&#8221;][vc_column_inner el_class=&#8221;product-container&#8221;][vc_single_image image=&#8221;2519&#8243; img_size=&#8221;medium&#8221; alignment=&#8221;center&#8221; onclick=&#8221;custom_link&#8221; link=&#8221;\/en\/app\/case-reports-eryag\/tooth-neck-preparation\/&#8221;][vc_column_text]<a href=\"https:\/\/www.elexxion.com\/en\/app\/case-reports-eryag\/tooth-neck-preparation\/\"><strong>Cervical preparation<\/strong><\/a>[\/vc_column_text][\/vc_column_inner][\/vc_row_inner][\/vc_column][vc_column width=&#8221;1\/3&#8243; offset=&#8221;vc_col-lg-3 vc_col-md-4 vc_col-xs-12&#8243; el_class=&#8221;products&#8221; css=&#8221;.vc_custom_1555762525354{margin-top: 30px !important;}&#8221;][vc_row_inner css=&#8221;.vc_custom_1554976324184{padding-top: 20px !important;padding-right: 20px !important;padding-bottom: 20px !important;padding-left: 20px !important;}&#8221;][vc_column_inner el_class=&#8221;product-container&#8221;][vc_single_image image=&#8221;2519&#8243; img_size=&#8221;medium&#8221; alignment=&#8221;center&#8221; onclick=&#8221;custom_link&#8221; link=&#8221;\/en\/app\/case-reports-eryag\/minimal-invasive-osteotomy\/&#8221;][vc_column_text el_class=&#8221;centered&#8221;]<a href=\"https:\/\/www.elexxion.com\/en\/app\/case-reports-eryag\/minimal-invasive-osteotomy\/\"><strong>Minimally invasive osteotomy<\/strong><\/a>[\/vc_column_text][\/vc_column_inner][\/vc_row_inner][\/vc_column][vc_column width=&#8221;1\/3&#8243; offset=&#8221;vc_col-lg-3 vc_col-md-4 vc_col-xs-12&#8243; el_class=&#8221;products&#8221; css=&#8221;.vc_custom_1555762529742{margin-top: 30px !important;}&#8221;][\/vc_column][vc_column width=&#8221;1\/3&#8243; offset=&#8221;vc_col-lg-3 vc_col-md-4 vc_col-xs-12&#8243; el_class=&#8221;products&#8221; css=&#8221;.vc_custom_1555762534493{margin-top: 30px !important;}&#8221;][\/vc_column][\/vc_row][vc_row equal_height=&#8221;yes&#8221; disable_element=&#8221;yes&#8221;][vc_column width=&#8221;1\/3&#8243; el_class=&#8221;products&#8221; offset=&#8221;vc_col-lg-3 vc_col-md-4 vc_col-xs-12&#8243; css=&#8221;.vc_custom_1555762518588{margin-top: 30px !important;}&#8221;][vc_row_inner css=&#8221;.vc_custom_1554976324184{padding-top: 20px !important;padding-right: 20px !important;padding-bottom: 20px !important;padding-left: 20px !important;}&#8221;][vc_column_inner el_class=&#8221;product-container&#8221;][vc_single_image image=&#8221;2519&#8243; img_size=&#8221;medium&#8221; alignment=&#8221;center&#8221; onclick=&#8221;custom_link&#8221; link=&#8221;\/de\/app\/fallbeispiele-eryag\/kavitaeten-praeparation-ohne-anaesthesie\/&#8221;][vc_column_text]<a href=\"https:\/\/www.elexxion.com\/de\/app\/fallbeispiele-eryag\/kavitaeten-praeparation-ohne-anaesthesie\/\"><strong>Kavit\u00e4ten-Pr\u00e4p ohne An\u00e4sthesie<\/strong><\/a>[\/vc_column_text][\/vc_column_inner][\/vc_row_inner][\/vc_column][vc_column width=&#8221;1\/3&#8243; offset=&#8221;vc_col-lg-3 vc_col-md-4 vc_col-xs-12&#8243; el_class=&#8221;products&#8221; css=&#8221;.vc_custom_1555762525354{margin-top: 30px !important;}&#8221;][vc_row_inner css=&#8221;.vc_custom_1554976324184{padding-top: 20px !important;padding-right: 20px !important;padding-bottom: 20px !important;padding-left: 20px !important;}&#8221;][vc_column_inner el_class=&#8221;product-container&#8221;][vc_single_image image=&#8221;2519&#8243; img_size=&#8221;medium&#8221; alignment=&#8221;center&#8221; onclick=&#8221;custom_link&#8221; link=&#8221;\/de\/app\/fallbeispiele-eryag\/zahnhals-praeparation\/&#8221;][vc_column_text]<a href=\"https:\/\/www.elexxion.com\/de\/app\/fallbeispiele-eryag\/zahnhals-praeparation\/\"><strong>Zahnhals-Pr\u00e4paration<\/strong><\/a>[\/vc_column_text][\/vc_column_inner][\/vc_row_inner][\/vc_column][vc_column width=&#8221;1\/3&#8243; offset=&#8221;vc_col-lg-3 vc_col-md-4 vc_col-xs-12&#8243; el_class=&#8221;products&#8221; css=&#8221;.vc_custom_1555762529742{margin-top: 30px !important;}&#8221;][vc_row_inner css=&#8221;.vc_custom_1554976324184{padding-top: 20px !important;padding-right: 20px !important;padding-bottom: 20px !important;padding-left: 20px !important;}&#8221;][vc_column_inner el_class=&#8221;product-container&#8221;][vc_single_image image=&#8221;2519&#8243; img_size=&#8221;medium&#8221; alignment=&#8221;center&#8221; onclick=&#8221;custom_link&#8221; link=&#8221;\/de\/app\/fallbeispiele-eryag\/root-scaling-und-haemostase\/&#8221;][vc_column_text]<a href=\"https:\/\/www.elexxion.com\/de\/app\/fallbeispiele-eryag\/root-scaling-und-haemostase\/\"><strong>Root Scaling und H\u00e4mostase<\/strong><\/a>[\/vc_column_text][\/vc_column_inner][\/vc_row_inner][\/vc_column][vc_column width=&#8221;1\/3&#8243; offset=&#8221;vc_col-lg-3 vc_col-md-4 vc_col-xs-12&#8243; el_class=&#8221;products&#8221; css=&#8221;.vc_custom_1555762534493{margin-top: 30px !important;}&#8221;][vc_row_inner css=&#8221;.vc_custom_1554976324184{padding-top: 20px !important;padding-right: 20px !important;padding-bottom: 20px !important;padding-left: 20px !important;}&#8221;][vc_column_inner el_class=&#8221;product-container&#8221;][vc_single_image image=&#8221;2519&#8243; img_size=&#8221;medium&#8221; alignment=&#8221;center&#8221; onclick=&#8221;custom_link&#8221; link=&#8221;\/de\/app\/fallbeispiele-eryag\/minimalinvasive-osteotomie-mittels-eryag-laser\/&#8221;][vc_column_text el_class=&#8221;centered&#8221;]<a href=\"https:\/\/www.elexxion.com\/de\/app\/fallbeispiele-eryag\/minimalinvasive-osteotomie-mittels-eryag-laser\/\"><strong>Minimalinvasive Osteotomie<\/strong><\/a>[\/vc_column_text][\/vc_column_inner][\/vc_row_inner][\/vc_column][\/vc_row][\/vc_section]<\/p>\n","protected":false},"excerpt":{"rendered":"<p>[vc_section css=&#8221;.vc_custom_1641995360486{padding-top: 80px !important;padding-bottom: 80px !important;}&#8221; el_id=&#8221;home&#8221; el_class=&#8221;produkte unternehmen investoren home downloads app-home&#8221;][vc_row el_class=&#8221;fm-seo-breadcrumbs&#8221;][vc_column el_class=&#8221;smaller&#8221;][vc_column_text][\/vc_column_text][\/vc_column][\/vc_row][vc_row][vc_column el_class=&#8221;smaller&#8221;][vc_column_text] Case Reports Er:YAG-Laser Treatment&#8230;<\/p>\n","protected":false},"author":1,"featured_media":0,"parent":3793,"menu_order":0,"comment_status":"closed","ping_status":"open","template":"","meta":[],"yoast_head":"<!-- This site is optimized with the Yoast SEO plugin v17.9 - https:\/\/yoast.com\/wordpress\/plugins\/seo\/ -->\n<title>Case Reports Er:YAG - elexxion AG - dental laser - dentale Diodenlaser (Weichgewebe)<\/title>\n<meta name=\"robots\" content=\"index, follow, max-snippet:-1, max-image-preview:large, max-video-preview:-1\" \/>\n<link rel=\"canonical\" href=\"https:\/\/www.elexxion.com\/en\/app\/case-reports-eryag\/\" \/>\n<meta property=\"og:locale\" content=\"en_US\" \/>\n<meta property=\"og:type\" content=\"article\" \/>\n<meta property=\"og:title\" content=\"Case Reports Er:YAG - elexxion AG - dental laser - dentale Diodenlaser (Weichgewebe)\" \/>\n<meta property=\"og:description\" content=\"[vc_section css=&#8221;.vc_custom_1641995360486{padding-top: 80px !important;padding-bottom: 80px !important;}&#8221; el_id=&#8221;home&#8221; el_class=&#8221;produkte unternehmen investoren home downloads app-home&#8221;][vc_row el_class=&#8221;fm-seo-breadcrumbs&#8221;][vc_column el_class=&#8221;smaller&#8221;][vc_column_text][\/vc_column_text][\/vc_column][\/vc_row][vc_row][vc_column el_class=&#8221;smaller&#8221;][vc_column_text] Case Reports Er:YAG-Laser Treatment...\" \/>\n<meta property=\"og:url\" content=\"https:\/\/www.elexxion.com\/en\/app\/case-reports-eryag\/\" \/>\n<meta property=\"og:site_name\" content=\"elexxion AG - dental laser - dentale Diodenlaser (Weichgewebe)\" \/>\n<meta property=\"article:modified_time\" content=\"2022-01-12T13:49:22+00:00\" \/>\n<meta name=\"twitter:card\" content=\"summary_large_image\" \/>\n<meta name=\"twitter:label1\" content=\"Est. reading time\" \/>\n\t<meta name=\"twitter:data1\" content=\"3 minutes\" \/>\n<script type=\"application\/ld+json\" class=\"yoast-schema-graph\">{\"@context\":\"https:\/\/schema.org\",\"@graph\":[{\"@type\":\"WebSite\",\"@id\":\"https:\/\/www.elexxion.com\/de\/#website\",\"url\":\"https:\/\/www.elexxion.com\/de\/\",\"name\":\"elexxion AG - dental laser - dentale Diodenlaser (Weichgewebe)\",\"description\":\"elexxion AG - dental laser - dentale Diodenlaser (Weichgewebe)\",\"potentialAction\":[{\"@type\":\"SearchAction\",\"target\":{\"@type\":\"EntryPoint\",\"urlTemplate\":\"https:\/\/www.elexxion.com\/de\/?s={search_term_string}\"},\"query-input\":\"required name=search_term_string\"}],\"inLanguage\":\"en-US\"},{\"@type\":\"WebPage\",\"@id\":\"https:\/\/www.elexxion.com\/en\/app\/case-reports-eryag\/#webpage\",\"url\":\"https:\/\/www.elexxion.com\/en\/app\/case-reports-eryag\/\",\"name\":\"Case Reports Er:YAG - elexxion AG - dental laser - dentale Diodenlaser (Weichgewebe)\",\"isPartOf\":{\"@id\":\"https:\/\/www.elexxion.com\/de\/#website\"},\"datePublished\":\"2019-04-24T10:49:30+00:00\",\"dateModified\":\"2022-01-12T13:49:22+00:00\",\"breadcrumb\":{\"@id\":\"https:\/\/www.elexxion.com\/en\/app\/case-reports-eryag\/#breadcrumb\"},\"inLanguage\":\"en-US\",\"potentialAction\":[{\"@type\":\"ReadAction\",\"target\":[\"https:\/\/www.elexxion.com\/en\/app\/case-reports-eryag\/\"]}]},{\"@type\":\"BreadcrumbList\",\"@id\":\"https:\/\/www.elexxion.com\/en\/app\/case-reports-eryag\/#breadcrumb\",\"itemListElement\":[{\"@type\":\"ListItem\",\"position\":1,\"name\":\"Home\",\"item\":\"https:\/\/www.elexxion.com\/en\/home-kopie\/\"},{\"@type\":\"ListItem\",\"position\":2,\"name\":\"App\",\"item\":\"https:\/\/www.elexxion.com\/en\/app\/\"},{\"@type\":\"ListItem\",\"position\":3,\"name\":\"Case Reports Er:YAG\"}]}]}<\/script>\n<!-- \/ Yoast SEO plugin. -->","yoast_head_json":{"title":"Case Reports Er:YAG - elexxion AG - dental laser - dentale Diodenlaser (Weichgewebe)","robots":{"index":"index","follow":"follow","max-snippet":"max-snippet:-1","max-image-preview":"max-image-preview:large","max-video-preview":"max-video-preview:-1"},"canonical":"https:\/\/www.elexxion.com\/en\/app\/case-reports-eryag\/","og_locale":"en_US","og_type":"article","og_title":"Case Reports Er:YAG - elexxion AG - dental laser - dentale Diodenlaser (Weichgewebe)","og_description":"[vc_section css=&#8221;.vc_custom_1641995360486{padding-top: 80px !important;padding-bottom: 80px !important;}&#8221; el_id=&#8221;home&#8221; el_class=&#8221;produkte unternehmen investoren home downloads app-home&#8221;][vc_row el_class=&#8221;fm-seo-breadcrumbs&#8221;][vc_column el_class=&#8221;smaller&#8221;][vc_column_text][\/vc_column_text][\/vc_column][\/vc_row][vc_row][vc_column el_class=&#8221;smaller&#8221;][vc_column_text] Case Reports Er:YAG-Laser Treatment...","og_url":"https:\/\/www.elexxion.com\/en\/app\/case-reports-eryag\/","og_site_name":"elexxion AG - dental laser - dentale Diodenlaser (Weichgewebe)","article_modified_time":"2022-01-12T13:49:22+00:00","twitter_card":"summary_large_image","twitter_misc":{"Est. reading time":"3 minutes"},"schema":{"@context":"https:\/\/schema.org","@graph":[{"@type":"WebSite","@id":"https:\/\/www.elexxion.com\/de\/#website","url":"https:\/\/www.elexxion.com\/de\/","name":"elexxion AG - dental laser - dentale Diodenlaser (Weichgewebe)","description":"elexxion AG - dental laser - dentale Diodenlaser (Weichgewebe)","potentialAction":[{"@type":"SearchAction","target":{"@type":"EntryPoint","urlTemplate":"https:\/\/www.elexxion.com\/de\/?s={search_term_string}"},"query-input":"required name=search_term_string"}],"inLanguage":"en-US"},{"@type":"WebPage","@id":"https:\/\/www.elexxion.com\/en\/app\/case-reports-eryag\/#webpage","url":"https:\/\/www.elexxion.com\/en\/app\/case-reports-eryag\/","name":"Case Reports Er:YAG - elexxion AG - dental laser - dentale Diodenlaser (Weichgewebe)","isPartOf":{"@id":"https:\/\/www.elexxion.com\/de\/#website"},"datePublished":"2019-04-24T10:49:30+00:00","dateModified":"2022-01-12T13:49:22+00:00","breadcrumb":{"@id":"https:\/\/www.elexxion.com\/en\/app\/case-reports-eryag\/#breadcrumb"},"inLanguage":"en-US","potentialAction":[{"@type":"ReadAction","target":["https:\/\/www.elexxion.com\/en\/app\/case-reports-eryag\/"]}]},{"@type":"BreadcrumbList","@id":"https:\/\/www.elexxion.com\/en\/app\/case-reports-eryag\/#breadcrumb","itemListElement":[{"@type":"ListItem","position":1,"name":"Home","item":"https:\/\/www.elexxion.com\/en\/home-kopie\/"},{"@type":"ListItem","position":2,"name":"App","item":"https:\/\/www.elexxion.com\/en\/app\/"},{"@type":"ListItem","position":3,"name":"Case Reports Er:YAG"}]}]}},"_links":{"self":[{"href":"https:\/\/www.elexxion.com\/en\/wp-json\/wp\/v2\/pages\/3863"}],"collection":[{"href":"https:\/\/www.elexxion.com\/en\/wp-json\/wp\/v2\/pages"}],"about":[{"href":"https:\/\/www.elexxion.com\/en\/wp-json\/wp\/v2\/types\/page"}],"author":[{"embeddable":true,"href":"https:\/\/www.elexxion.com\/en\/wp-json\/wp\/v2\/users\/1"}],"replies":[{"embeddable":true,"href":"https:\/\/www.elexxion.com\/en\/wp-json\/wp\/v2\/comments?post=3863"}],"version-history":[{"count":8,"href":"https:\/\/www.elexxion.com\/en\/wp-json\/wp\/v2\/pages\/3863\/revisions"}],"predecessor-version":[{"id":5188,"href":"https:\/\/www.elexxion.com\/en\/wp-json\/wp\/v2\/pages\/3863\/revisions\/5188"}],"up":[{"embeddable":true,"href":"https:\/\/www.elexxion.com\/en\/wp-json\/wp\/v2\/pages\/3793"}],"wp:attachment":[{"href":"https:\/\/www.elexxion.com\/en\/wp-json\/wp\/v2\/media?parent=3863"}],"curies":[{"name":"wp","href":"https:\/\/api.w.org\/{rel}","templated":true}]}}