{"id":3634,"date":"2019-04-23T16:48:17","date_gmt":"2019-04-23T14:48:17","guid":{"rendered":"https:\/\/elexxion.dev.felix.media\/?page_id=3634"},"modified":"2025-03-04T09:11:29","modified_gmt":"2025-03-04T08:11:29","slug":"downloads","status":"publish","type":"page","link":"https:\/\/www.elexxion.com\/en\/downloads\/","title":{"rendered":"Downloads"},"content":{"rendered":"<p>[vc_section css=&#8221;.vc_custom_1641994179648{padding-top: 80px !important;padding-bottom: 80px !important;}&#8221; el_id=&#8221;home&#8221; el_class=&#8221;produkte unternehmen investoren home downloads&#8221;][vc_row el_class=&#8221;fm-seo-breadcrumbs&#8221;][vc_column el_class=&#8221;smaller&#8221;][vc_column_text]<span><span><a href=\"https:\/\/www.elexxion.com\/en\/home-kopie\/\">Home<\/a><\/span>[\/vc_column_text][\/vc_column][\/vc_row][vc_row][vc_column el_class=&#8221;smaller&#8221;][vc_column_text]<\/p>\n<h3>Downloads<\/h3>\n<h3 class=\"font-weight-400\">of elexxion AG<\/h3>\n<p>[\/vc_column_text][\/vc_column][\/vc_row][vc_row][vc_column el_class=&#8221;products&#8221;][\/vc_column][\/vc_row][vc_row][vc_column el_class=&#8221;products&#8221;][vc_row_inner css=&#8221;.vc_custom_1554976324184{padding-top: 20px !important;padding-right: 20px !important;padding-bottom: 20px !important;padding-left: 20px !important;}&#8221;][vc_column_inner el_class=&#8221;product-container&#8221;][vc_column_text]<\/p>\n<div class=\"bigger font-weight-600\">Instruction for use<\/div>\n<p>[\/vc_column_text][vc_column_text]<a href=\"https:\/\/www.elexxion.com\/wp-content\/uploads\/2024\/12\/pico_Instructions-for-Use_ENG_V3.0_June_2022.pdf\">claros\u00ae pico 2.0 V3.0 June 2022<\/a><\/p>\n<p><a href=\"https:\/\/www.elexxion.com\/wp-content\/uploads\/2024\/12\/nano-Instructions-for-Use_ENG_V3.3_June_2022.pdf\">claros\u00ae nano V3.3 June 2022<\/a><\/p>\n<p><a href=\"https:\/\/www.elexxion.com\/wp-content\/uploads\/2024\/12\/claros-Instructions-for-Use_ENG_V4.8-June_2022.pdf\">claros\u00ae V4.8 June 2022<\/a>[\/vc_column_text][\/vc_column_inner][\/vc_row_inner][\/vc_column][\/vc_row][vc_row][vc_column el_class=&#8221;products&#8221;][vc_row_inner css=&#8221;.vc_custom_1554976324184{padding-top: 20px !important;padding-right: 20px !important;padding-bottom: 20px !important;padding-left: 20px !important;}&#8221;][vc_column_inner el_class=&#8221;product-container bilder&#8221;][vc_column_text]<\/p>\n<div class=\"bigger font-weight-600\">Product images<\/div>\n<p>[\/vc_column_text][vc_column_text]<\/p>\n<ul>\n<li><a href=\"https:\/\/www.elexxion.com\/wp-content\/uploads\/2019\/04\/pico-lite-2013.jpg\">elexxion pico lite<\/a><\/li>\n<li><a href=\"https:\/\/www.elexxion.com\/wp-content\/uploads\/2019\/04\/pico-2013.jpg\">elexxion pico<\/a><\/li>\n<li><a href=\"https:\/\/www.elexxion.com\/wp-content\/uploads\/2019\/04\/elexxion-nano-aktuell.jpg\">elexxion nano<\/a><\/li>\n<li><a href=\"https:\/\/www.elexxion.com\/wp-content\/uploads\/2019\/04\/claros-2013.jpg\">elexxion claros\u00ae<\/a><\/li>\n<li><a href=\"https:\/\/www.elexxion.com\/wp-content\/uploads\/2019\/04\/packshot_perio_green-2013.jpg\">perio green\u00ae<\/a><\/li>\n<\/ul>\n<p>[\/vc_column_text][\/vc_column_inner][\/vc_row_inner][\/vc_column][\/vc_row][vc_row][vc_column el_class=&#8221;products&#8221;][vc_row_inner css=&#8221;.vc_custom_1554976324184{padding-top: 20px !important;padding-right: 20px !important;padding-bottom: 20px !important;padding-left: 20px !important;}&#8221;][vc_column_inner el_class=&#8221;product-container&#8221;][vc_column_text]<\/p>\n<div class=\"bigger font-weight-600\">References and reports<\/div>\n<p>[\/vc_column_text][vc_column_text]<\/p>\n<ul>\n<li><a href=\"\/wp-content\/uploads\/2019\/04\/le0213_26_28_elexxion_borchers-1.pdf\">Dr. Ralf Borchers photodynamic therapy perio green<\/a><\/li>\n<li><a href=\"https:\/\/www.elexxion.com\/wp-content\/uploads\/2019\/04\/Remove-Gingival-Pigmentation-with-a-Diode-Laser.pdf\">Dr. Bassam &#8211; Remove Gingival Pigmentation with a Diode Laser Dr. Bassam &#8211; Remove Gingival Pigmentation with a Diode Laser<\/a><\/li>\n<\/ul>\n<p>[\/vc_column_text][\/vc_column_inner][\/vc_row_inner][\/vc_column][\/vc_row][vc_row][vc_column el_class=&#8221;products&#8221;][vc_row_inner css=&#8221;.vc_custom_1554976324184{padding-top: 20px !important;padding-right: 20px !important;padding-bottom: 20px !important;padding-left: 20px !important;}&#8221;][vc_column_inner el_class=&#8221;product-container&#8221;][vc_column_text]<\/p>\n<div class=\"bigger font-weight-600\">Medical Studies<\/div>\n<p>[\/vc_column_text][vc_column_text]<\/p>\n<ul>\n<li><a href=\"https:\/\/www.elexxion.com\/wp-content\/uploads\/2019\/04\/bactericidial_effect_of_different_laser_systems_in_the_deep_layers_of_dentin.pdf\">Bactericidial effect of different laser systems in the deep layers of dentin<\/a><\/li>\n<li><a href=\"https:\/\/www.elexxion.com\/wp-content\/uploads\/2019\/04\/clinical_application_of_a_digital_pulsed_diode_laser_in_depigmentation_therapy.pdf\">Clinical Application of a digital Pulsed Diode Laser in Depigmentation Therapy<\/a><\/li>\n<li><a href=\"https:\/\/www.elexxion.com\/wp-content\/uploads\/2019\/04\/clinical_status_of_clinical_laser_applications_in_periodontal_therapy.pdf\">Current status of clinical laser applications in periodontal therapy<\/a><\/li>\n<li><a href=\"https:\/\/www.elexxion.com\/wp-content\/uploads\/2019\/04\/comparison_of_diode_lasers_in_soft_tissue_surgery.pdf\">Comparison of diode lasers in soft tissue surgery<\/a><\/li>\n<li><a href=\"https:\/\/www.elexxion.com\/wp-content\/uploads\/2019\/04\/comparison_of_eryag_and_erysgg_laser_ablation.pdf\">Comparison of Er:YAG and Er:YSGG laser ablation of dental kard tissues<\/a><\/li>\n<li><a href=\"https:\/\/www.elexxion.com\/wp-content\/uploads\/2019\/04\/decontamination_efficacy_of_erbiumyttrium_aluminium_garnet.pdf\">Decontamination efficacy of erbiumyttrium aluminium garnet and diode laser light on Candida albicans isolates od a 5 days in vitro biofilm model<\/a><\/li>\n<li><a href=\"https:\/\/www.elexxion.com\/wp-content\/uploads\/2019\/04\/decontamination_of_rough_titanium_surfaces_with_diode_lasers.pdf\">Decontamination of rough titanium surfaces with diode lasers: microbiological findings on in vivo grown biofilms<\/a><\/li>\n<li><a href=\"https:\/\/www.elexxion.com\/wp-content\/uploads\/2019\/04\/der_laser_ein_rueckgekoppelter_optischer_verstaerker_in_selbsterregung.pdf\">Der Laser &#8211; ein r\u00fcckgekoppelter optischer Verst\u00e4rker in Selbsterregung<\/a><\/li>\n<li><a href=\"https:\/\/www.elexxion.com\/wp-content\/uploads\/2019\/04\/effects_on_oral_soft_tissue.pdf\">Effects on oral soft tissue produced by a diode laser in vitro<\/a><\/li>\n<li><a href=\"https:\/\/www.elexxion.com\/wp-content\/uploads\/2019\/04\/elexxion_claros_ein_neuer_dioden_laser_im_praxistest.pdf\">Elexxion claros ein neuer Dioden Laser im Praxistest<\/a><\/li>\n<li><a href=\"https:\/\/www.elexxion.com\/wp-content\/uploads\/2019\/04\/entfernung_bakterieller_plaque_biofilme.pdf\">Entfernung bakterieller Plaque Biofilme von strukturiertem Titanium Plantaten unter Verwendung von Laserwellenl\u00e4ngen im Bereich von 3\u00b5m<\/a><\/li>\n<li><a href=\"https:\/\/www.elexxion.com\/wp-content\/uploads\/2019\/04\/erfahrungsbericht_ein_jahr_elexxion_claros.pdf\">Ein Jahr Elexxion claros<\/a><\/li>\n<li><a href=\"https:\/\/www.elexxion.com\/wp-content\/uploads\/2019\/04\/laser_applications_in_oral_surgery_and_implant_dentristry.pdf\">Laser applications in oral surgery and implant dentristry<\/a><\/li>\n<li><a href=\"https:\/\/www.elexxion.com\/wp-content\/uploads\/2019\/04\/lasers_and_soft_tissue_peridontal_therapy.pdf\">Lasers and soft tissue: peridontal therapy<\/a><\/li>\n<li><a href=\"https:\/\/www.elexxion.com\/wp-content\/uploads\/2019\/04\/mehr_behandlungssicherheit_bei_der_chirurgischen_anwendung_von_fasergestuetzten_lasersystemen.pdf\">Mehr Behandlungssicherheit bei der chirurgischen Anwendung von fasergest\u00fctzten Lasersystemen<\/a><\/li>\n<li><a href=\"https:\/\/www.elexxion.com\/wp-content\/uploads\/2019\/04\/mit_der_kraft_des_lichts.pdf\">Mit der Kraft des Lichts<\/a><\/li>\n<li><a href=\"https:\/\/www.elexxion.com\/wp-content\/uploads\/2019\/04\/periodontal_treatment_with_an_eryag_laser.pdf\">Peridontal treatment with an Er:YAG laser or scaling and root planing<\/a><\/li>\n<li><a href=\"https:\/\/www.elexxion.com\/wp-content\/uploads\/2019\/04\/pulp_capping.pdf\">Pulp capping &#8211; from Conventional to Laser-assisted Therapy<\/a><\/li>\n<li><a href=\"https:\/\/www.elexxion.com\/wp-content\/uploads\/2019\/04\/schmerztabletten_oder_softlaser.pdf\">Schmerztabletten oder Softlaser?<\/a><\/li>\n<li><a href=\"https:\/\/www.elexxion.com\/wp-content\/uploads\/2019\/04\/shear_bond_strengh_of_compsite_bonded.pdf\">Shear bond strengh of composite bonded to erbium:yttrium-aluminium-garnet laser-prepared dentin<\/a><\/li>\n<li><a href=\"https:\/\/www.elexxion.com\/wp-content\/uploads\/2019\/04\/the_antimicrobial_efficacy_of_the_erbium_chromiumyttrium_scandium_gallium_garnet_laser.pdf\">The antimicrobial efficacy of the erbium chromiumyttrium scandium gallium garnet laser<\/a><\/li>\n<li><a href=\"https:\/\/www.elexxion.com\/wp-content\/uploads\/2019\/04\/the_evolution_of_the_diode_laser.pdf\">The evolution of the diode laser<\/a><\/li>\n<li><a href=\"https:\/\/www.elexxion.com\/wp-content\/uploads\/2019\/04\/the_use_of_the_erbium_chromiumyttrium_scandium_gallium_garnet_laser.pdf\">The use of the erbium chromiumyttrium scandium gallium garnet laser in endodontic treatment<\/a><\/li>\n<li><a href=\"https:\/\/www.elexxion.com\/wp-content\/uploads\/2019\/04\/treatment_of_periodontal_pockets_with_a_diode_laser.pdf\">Treatments of periodontal pockets with a diode laser<\/a><\/li>\n<li><a href=\"https:\/\/www.elexxion.com\/wp-content\/uploads\/2019\/04\/versatility_of_a_superpulsed_diode_laser_in_oral_surgery.pdf\">Versatility of a superpulsed diode laser in oral surgery: A clinical report<\/a><\/li>\n<li><a href=\"https:\/\/www.elexxion.com\/wp-content\/uploads\/2019\/04\/Zeigen-Sie-den-Bakterien-die-rote-Karte-mit-Indocyanin-gr\u00fcn.pdf\">Zeigen Sie den Bakterien die rote Karte mit Indocyanin gr\u00fcn<\/a><\/li>\n<\/ul>\n<p>[\/vc_column_text][\/vc_column_inner][\/vc_row_inner][\/vc_column][\/vc_row][vc_row][vc_column el_class=&#8221;products&#8221;][vc_row_inner css=&#8221;.vc_custom_1554976324184{padding-top: 20px !important;padding-right: 20px !important;padding-bottom: 20px !important;padding-left: 20px !important;}&#8221;][vc_column_inner el_class=&#8221;product-container&#8221;][vc_column_text]<\/p>\n<div class=\"bigger font-weight-600\">Work instructions<\/div>\n<p>[\/vc_column_text][vc_column_text]<\/p>\n<ul>\n<li><a href=\"https:\/\/www.elexxion.com\/wp-content\/uploads\/2019\/04\/Arbeitsanweisung-Wiederaufbereitung-Instrumente-neu-final.pdf\">Arbeitsanweisung zur Wiederaufbereitung von resterilisierbaren Handst\u00fccken und Fasern gem\u00e4\u00df DIN ISO 17 664<\/a><\/li>\n<li><a href=\"https:\/\/www.elexxion.com\/wp-content\/uploads\/2019\/04\/zwischenbericht_elexxion_hygiene_12.2011.pdf\">Untersuchung von Alterungsprozessen optischer Fasern nach thermischer Sterilisation 12.2011<\/a><\/li>\n<\/ul>\n<p>[\/vc_column_text][\/vc_column_inner][\/vc_row_inner][\/vc_column][\/vc_row][\/vc_section]<\/p>\n","protected":false},"excerpt":{"rendered":"<p>[vc_section css=&#8221;.vc_custom_1641994179648{padding-top: 80px !important;padding-bottom: 80px !important;}&#8221; el_id=&#8221;home&#8221; el_class=&#8221;produkte unternehmen investoren home downloads&#8221;][vc_row el_class=&#8221;fm-seo-breadcrumbs&#8221;][vc_column el_class=&#8221;smaller&#8221;][vc_column_text][\/vc_column_text][\/vc_column][\/vc_row][vc_row][vc_column el_class=&#8221;smaller&#8221;][vc_column_text] Downloads of elexxion AG [\/vc_column_text][\/vc_column][\/vc_row][vc_row][vc_column&#8230;<\/p>\n","protected":false},"author":1,"featured_media":0,"parent":0,"menu_order":0,"comment_status":"closed","ping_status":"open","template":"","meta":[],"yoast_head":"<!-- This site is optimized with the Yoast SEO plugin v17.9 - https:\/\/yoast.com\/wordpress\/plugins\/seo\/ -->\n<title>Downloads - elexxion AG - dental laser - dentale Diodenlaser (Weichgewebe)<\/title>\n<meta name=\"robots\" content=\"index, follow, max-snippet:-1, max-image-preview:large, max-video-preview:-1\" \/>\n<link rel=\"canonical\" href=\"https:\/\/www.elexxion.com\/en\/downloads\/\" \/>\n<meta property=\"og:locale\" content=\"en_US\" \/>\n<meta property=\"og:type\" content=\"article\" \/>\n<meta property=\"og:title\" content=\"Downloads - elexxion AG - dental laser - dentale Diodenlaser (Weichgewebe)\" \/>\n<meta property=\"og:description\" content=\"[vc_section css=&#8221;.vc_custom_1641994179648{padding-top: 80px !important;padding-bottom: 80px !important;}&#8221; el_id=&#8221;home&#8221; el_class=&#8221;produkte unternehmen investoren home downloads&#8221;][vc_row el_class=&#8221;fm-seo-breadcrumbs&#8221;][vc_column el_class=&#8221;smaller&#8221;][vc_column_text][\/vc_column_text][\/vc_column][\/vc_row][vc_row][vc_column el_class=&#8221;smaller&#8221;][vc_column_text] Downloads of elexxion AG [\/vc_column_text][\/vc_column][\/vc_row][vc_row][vc_column...\" \/>\n<meta property=\"og:url\" content=\"https:\/\/www.elexxion.com\/en\/downloads\/\" \/>\n<meta property=\"og:site_name\" content=\"elexxion AG - dental laser - dentale Diodenlaser (Weichgewebe)\" \/>\n<meta property=\"article:modified_time\" content=\"2025-03-04T08:11:29+00:00\" \/>\n<meta name=\"twitter:card\" content=\"summary_large_image\" \/>\n<meta name=\"twitter:label1\" content=\"Est. reading time\" \/>\n\t<meta name=\"twitter:data1\" content=\"3 minutes\" \/>\n<script type=\"application\/ld+json\" class=\"yoast-schema-graph\">{\"@context\":\"https:\/\/schema.org\",\"@graph\":[{\"@type\":\"WebSite\",\"@id\":\"https:\/\/www.elexxion.com\/de\/#website\",\"url\":\"https:\/\/www.elexxion.com\/de\/\",\"name\":\"elexxion AG - dental laser - dentale Diodenlaser (Weichgewebe)\",\"description\":\"elexxion AG - dental laser - dentale Diodenlaser (Weichgewebe)\",\"potentialAction\":[{\"@type\":\"SearchAction\",\"target\":{\"@type\":\"EntryPoint\",\"urlTemplate\":\"https:\/\/www.elexxion.com\/de\/?s={search_term_string}\"},\"query-input\":\"required name=search_term_string\"}],\"inLanguage\":\"en-US\"},{\"@type\":\"WebPage\",\"@id\":\"https:\/\/www.elexxion.com\/en\/downloads\/#webpage\",\"url\":\"https:\/\/www.elexxion.com\/en\/downloads\/\",\"name\":\"Downloads - elexxion AG - dental laser - dentale Diodenlaser (Weichgewebe)\",\"isPartOf\":{\"@id\":\"https:\/\/www.elexxion.com\/de\/#website\"},\"datePublished\":\"2019-04-23T14:48:17+00:00\",\"dateModified\":\"2025-03-04T08:11:29+00:00\",\"breadcrumb\":{\"@id\":\"https:\/\/www.elexxion.com\/en\/downloads\/#breadcrumb\"},\"inLanguage\":\"en-US\",\"potentialAction\":[{\"@type\":\"ReadAction\",\"target\":[\"https:\/\/www.elexxion.com\/en\/downloads\/\"]}]},{\"@type\":\"BreadcrumbList\",\"@id\":\"https:\/\/www.elexxion.com\/en\/downloads\/#breadcrumb\",\"itemListElement\":[{\"@type\":\"ListItem\",\"position\":1,\"name\":\"Home\",\"item\":\"https:\/\/www.elexxion.com\/en\/home-kopie\/\"},{\"@type\":\"ListItem\",\"position\":2,\"name\":\"Downloads\"}]}]}<\/script>\n<!-- \/ Yoast SEO plugin. -->","yoast_head_json":{"title":"Downloads - elexxion AG - dental laser - dentale Diodenlaser (Weichgewebe)","robots":{"index":"index","follow":"follow","max-snippet":"max-snippet:-1","max-image-preview":"max-image-preview:large","max-video-preview":"max-video-preview:-1"},"canonical":"https:\/\/www.elexxion.com\/en\/downloads\/","og_locale":"en_US","og_type":"article","og_title":"Downloads - elexxion AG - dental laser - dentale Diodenlaser (Weichgewebe)","og_description":"[vc_section css=&#8221;.vc_custom_1641994179648{padding-top: 80px !important;padding-bottom: 80px !important;}&#8221; el_id=&#8221;home&#8221; el_class=&#8221;produkte unternehmen investoren home downloads&#8221;][vc_row el_class=&#8221;fm-seo-breadcrumbs&#8221;][vc_column el_class=&#8221;smaller&#8221;][vc_column_text][\/vc_column_text][\/vc_column][\/vc_row][vc_row][vc_column el_class=&#8221;smaller&#8221;][vc_column_text] Downloads of elexxion AG [\/vc_column_text][\/vc_column][\/vc_row][vc_row][vc_column...","og_url":"https:\/\/www.elexxion.com\/en\/downloads\/","og_site_name":"elexxion AG - dental laser - dentale Diodenlaser (Weichgewebe)","article_modified_time":"2025-03-04T08:11:29+00:00","twitter_card":"summary_large_image","twitter_misc":{"Est. reading time":"3 minutes"},"schema":{"@context":"https:\/\/schema.org","@graph":[{"@type":"WebSite","@id":"https:\/\/www.elexxion.com\/de\/#website","url":"https:\/\/www.elexxion.com\/de\/","name":"elexxion AG - dental laser - dentale Diodenlaser (Weichgewebe)","description":"elexxion AG - dental laser - dentale Diodenlaser (Weichgewebe)","potentialAction":[{"@type":"SearchAction","target":{"@type":"EntryPoint","urlTemplate":"https:\/\/www.elexxion.com\/de\/?s={search_term_string}"},"query-input":"required name=search_term_string"}],"inLanguage":"en-US"},{"@type":"WebPage","@id":"https:\/\/www.elexxion.com\/en\/downloads\/#webpage","url":"https:\/\/www.elexxion.com\/en\/downloads\/","name":"Downloads - elexxion AG - dental laser - dentale Diodenlaser (Weichgewebe)","isPartOf":{"@id":"https:\/\/www.elexxion.com\/de\/#website"},"datePublished":"2019-04-23T14:48:17+00:00","dateModified":"2025-03-04T08:11:29+00:00","breadcrumb":{"@id":"https:\/\/www.elexxion.com\/en\/downloads\/#breadcrumb"},"inLanguage":"en-US","potentialAction":[{"@type":"ReadAction","target":["https:\/\/www.elexxion.com\/en\/downloads\/"]}]},{"@type":"BreadcrumbList","@id":"https:\/\/www.elexxion.com\/en\/downloads\/#breadcrumb","itemListElement":[{"@type":"ListItem","position":1,"name":"Home","item":"https:\/\/www.elexxion.com\/en\/home-kopie\/"},{"@type":"ListItem","position":2,"name":"Downloads"}]}]}},"_links":{"self":[{"href":"https:\/\/www.elexxion.com\/en\/wp-json\/wp\/v2\/pages\/3634"}],"collection":[{"href":"https:\/\/www.elexxion.com\/en\/wp-json\/wp\/v2\/pages"}],"about":[{"href":"https:\/\/www.elexxion.com\/en\/wp-json\/wp\/v2\/types\/page"}],"author":[{"embeddable":true,"href":"https:\/\/www.elexxion.com\/en\/wp-json\/wp\/v2\/users\/1"}],"replies":[{"embeddable":true,"href":"https:\/\/www.elexxion.com\/en\/wp-json\/wp\/v2\/comments?post=3634"}],"version-history":[{"count":13,"href":"https:\/\/www.elexxion.com\/en\/wp-json\/wp\/v2\/pages\/3634\/revisions"}],"predecessor-version":[{"id":5463,"href":"https:\/\/www.elexxion.com\/en\/wp-json\/wp\/v2\/pages\/3634\/revisions\/5463"}],"wp:attachment":[{"href":"https:\/\/www.elexxion.com\/en\/wp-json\/wp\/v2\/media?parent=3634"}],"curies":[{"name":"wp","href":"https:\/\/api.w.org\/{rel}","templated":true}]}}