{"id":620,"date":"2019-02-15T12:15:10","date_gmt":"2019-02-15T11:15:10","guid":{"rendered":"https:\/\/wellnessdrops.dev.felix.media\/?page_id=620"},"modified":"2022-01-12T14:29:46","modified_gmt":"2022-01-12T13:29:46","slug":"impressum","status":"publish","type":"page","link":"https:\/\/www.elexxion.com\/de\/impressum\/","title":{"rendered":"Impressum"},"content":{"rendered":"<p>[vc_section css=&#8220;.vc_custom_1641994184238{padding-top: 80px !important;padding-bottom: 80px !important;}&#8220; el_class=&#8220;datenschutz&#8220;][vc_row el_class=&#8220;fm-seo-breadcrumbs&#8220;][vc_column el_class=&#8220;smaller&#8220;][vc_column_text css_animation=&#8220;none&#8220;]<span><span><a href=\"https:\/\/www.elexxion.com\/de\/\">Home<\/a><\/span>[\/vc_column_text][\/vc_column][\/vc_row][vc_row][vc_column]<div class=\"gem-button-container gem-button-position-inline thegem-button-69e0913505f469793 no-text-transform\" ><a title=\"Datenschutz\" class=\"gem-button gem-button-size-small gem-button-style-flat gem-button-text-weight-thin gem-button-icon-position-right\" style=\"border-radius: 0px;\" onmouseleave=\"\" onmouseenter=\"\" href=\"https:\/\/www.elexxion.com\/de\/datenschutz\/\" target=\"_self\">Zur Datenschutzerkl\u00e4rung<i class=\"gem-print-icon gem-icon-pack-elegant \">&#x35;<\/i><\/a><\/div> <div class=\"clearboth\"><\/div><div class=\"gem-divider \" style=\"margin-top: 20px;\"><\/div><div class=\"clearboth\"><\/div><div class=\"gem-divider \" style=\"margin-top: 20px;\"><\/div>[vc_column_text css_animation=&#8220;none&#8220;]<\/p>\n<h2 class=\"infrarot-wellness no-text-transform\">Impressum<\/h2>\n<p>[\/vc_column_text][vc_column_text css_animation=&#8220;none&#8220;]Der Hauptsitz der elexxion AG ist in Singen in der N\u00e4he vom Bodensee im Dreil\u00e4ndereck Deutschland,<br \/>\nSchweiz und \u00d6sterreich und somit im Herzen von Europa.<\/p>\n<p><strong>elexxion AG<\/strong><br \/>\nOtto-Hahn-Stra\u00dfe 7<br \/>\n78224 Singen<br \/>\nDeutschland<\/p>\n<p>Telefon: +49 (0) 7731 90733-0<br \/>\nFax: +49 (0) 7731 90733-55<br \/>\ninfo[at]elexxion.com<br \/>\nwww.elexxion.com<\/p>\n<p><strong>Handelsregister:<\/strong><br \/>\nAmtsgericht Freiburg i.B.<br \/>\nHRB 550787 R<\/p>\n<p><strong>Finanzamt Singen<\/strong><br \/>\nUSt-IdNr. DE 250255447<\/p>\n<p><strong>Vorstand:<\/strong><br \/>\nXianlin Song<\/p>\n<p><strong>Aufsichtsrat:<\/strong><br \/>\nRafael Mu\u00f1oz Navarro (Vorsitzender)<br \/>\nG\u00fcnter Paczkowski<br \/>\nDr. Oswald Gasser<\/p>\n<p>\u00a9 2026:\u00a0elexxion AG<\/p>\n<p>elexxion\u00ae, claros\u00ae, duros\u00ae, delos\u00ae, dpl\u00ae, odobleach\u00ae, perio green\u00ae sind\u00a0eingetragene Warenzeichen der elexxion AG.<\/p>\n<p><strong>Website-Umsetzung und Marketing<br \/>\n<\/strong><a href=\"https:\/\/www.felix.media\/marketing-agentur\/konstanz\/\" target=\"_blank\" rel=\"noopener noreferrer\">Werbeagentur Konstanz<\/a>:\u00a0felix.media<br \/>\n<a class=\"werbeagentur-konstanz\" href=\"https:\/\/www.felix.media\/marketing-agentur\/konstanz\/\"><img style=\"width: 210px;\" title=\"felix.media Ihre Werbe- und Online-Marketing-Agentur in S\u00fcd-Deutschland\" src=\"https:\/\/www.felix.media\/wp-content\/uploads\/2017\/11\/online-marketing-agentur.png\" alt=\"felix.media Ihre Werbe- und Online-Marketing-Agentur in S\u00fcd-Deutschland\" data-lazy-src=\"https:\/\/www.felix.media\/wp-content\/uploads\/2017\/11\/online-marketing-agentur.png\" data-was-processed=\"true\" \/><\/a>[\/vc_column_text][vc_column_text css_animation=&#8220;none&#8220;]<\/p>\n<div class=\"title-h2\">Haftungsausschluss (Disclaimer)<\/div>\n<div class=\"title-h3\">Haftung f\u00fcr Inhalte<\/div>\n<p>Als Diensteanbieter sind wir gem\u00e4\u00df \u00a7 7 Abs.1 TMG f\u00fcr eigene Inhalte auf diesen Seiten nach den allgemeinen Gesetzen verantwortlich. Nach \u00a7\u00a7 8 bis 10 TMG sind wir als Diensteanbieter jedoch nicht verpflichtet, \u00fcbermittelte oder gespeicherte fremde Informationen zu \u00fcberwachen oder nach Umst\u00e4nden zu forschen, die auf eine rechtswidrige T\u00e4tigkeit hinweisen. Verpflichtungen zur Entfernung oder Sperrung der Nutzung von Informationen nach den allgemeinen Gesetzen bleiben hiervon unber\u00fchrt. Eine diesbez\u00fcgliche Haftung ist jedoch erst ab dem Zeitpunkt der Kenntnis einer konkreten Rechtsverletzung m\u00f6glich. Bei Bekanntwerden von entsprechenden Rechtsverletzungen werden wir diese Inhalte umgehend entfernen.<\/p>\n<div class=\"title-h3\">Haftung f\u00fcr Links<\/div>\n<p>Unser Angebot enth\u00e4lt Links zu externen Webseiten Dritter, auf deren Inhalte wir keinen Einfluss haben. Deshalb k\u00f6nnen wir f\u00fcr diese fremden Inhalte auch keine Gew\u00e4hr \u00fcbernehmen. F\u00fcr die Inhalte der verlinkten Seiten ist stets der jeweilige Anbieter oder Betreiber der Seiten verantwortlich. Die verlinkten Seiten wurden zum Zeitpunkt der Verlinkung auf m\u00f6gliche Rechtsverst\u00f6\u00dfe \u00fcberpr\u00fcft. Rechtswidrige Inhalte waren zum Zeitpunkt der Verlinkung nicht erkennbar. Eine permanente inhaltliche Kontrolle der verlinkten Seiten ist jedoch ohne konkrete Anhaltspunkte einer Rechtsverletzung nicht zumutbar. Bei Bekanntwerden von Rechtsverletzungen werden wir derartige Links umgehend entfernen.<\/p>\n<div class=\"title-h3\">Haftung f\u00fcr Urheberrecht<\/div>\n<p>Die durch die Seitenbetreiber erstellten Inhalte und Werke auf diesen Seiten unterliegen dem deutschen Urheberrecht. Die Vervielf\u00e4ltigung, Bearbeitung, Verbreitung und jede Art der Verwertung au\u00dferhalb der Grenzen des Urheberrechtes bed\u00fcrfen der schriftlichen Zustimmung des jeweiligen Autors bzw. Erstellers. Downloads und Kopien dieser Seite sind nur f\u00fcr den privaten, nicht kommerziellen Gebrauch gestattet. Soweit die Inhalte auf dieser Seite nicht vom Betreiber erstellt wurden, werden die Urheberrechte Dritter beachtet. Insbesondere werden Inhalte Dritter als solche gekennzeichnet. Sollten Sie trotzdem auf eine Urheberrechtsverletzung aufmerksam werden, bitten wir um einen entsprechenden Hinweis. Bei Bekanntwerden von Rechtsverletzungen werden wir derartige Inhalte umgehend entfernen.[\/vc_column_text][\/vc_column][\/vc_row][\/vc_section]<\/p>\n","protected":false},"excerpt":{"rendered":"<p>[vc_section css=&#8220;.vc_custom_1641994184238{padding-top: 80px !important;padding-bottom: 80px !important;}&#8220; el_class=&#8220;datenschutz&#8220;][vc_row el_class=&#8220;fm-seo-breadcrumbs&#8220;][vc_column el_class=&#8220;smaller&#8220;][vc_column_text css_animation=&#8220;none&#8220;][\/vc_column_text][\/vc_column][\/vc_row][vc_row][vc_column][vc_column_text css_animation=&#8220;none&#8220;] Impressum [\/vc_column_text][vc_column_text css_animation=&#8220;none&#8220;]Der Hauptsitz der elexxion AG ist in&#8230;<\/p>\n","protected":false},"author":1,"featured_media":0,"parent":0,"menu_order":0,"comment_status":"closed","ping_status":"open","template":"","meta":[],"yoast_head":"<!-- This site is optimized with the Yoast SEO plugin v17.9 - https:\/\/yoast.com\/wordpress\/plugins\/seo\/ -->\n<title>Impressum - elexxion AG - dental laser - dentale Diodenlaser (Weichgewebe)<\/title>\n<meta name=\"robots\" content=\"noindex, follow\" \/>\n<meta property=\"og:locale\" content=\"de_DE\" \/>\n<meta property=\"og:type\" content=\"article\" \/>\n<meta property=\"og:title\" content=\"Impressum - elexxion AG - dental laser - dentale Diodenlaser (Weichgewebe)\" \/>\n<meta property=\"og:description\" content=\"[vc_section css=&#8220;.vc_custom_1641994184238{padding-top: 80px !important;padding-bottom: 80px !important;}&#8220; el_class=&#8220;datenschutz&#8220;][vc_row el_class=&#8220;fm-seo-breadcrumbs&#8220;][vc_column el_class=&#8220;smaller&#8220;][vc_column_text css_animation=&#8220;none&#8220;][\/vc_column_text][\/vc_column][\/vc_row][vc_row][vc_column][vc_column_text css_animation=&#8220;none&#8220;] Impressum [\/vc_column_text][vc_column_text css_animation=&#8220;none&#8220;]Der Hauptsitz der elexxion AG ist in...\" \/>\n<meta property=\"og:url\" content=\"https:\/\/www.elexxion.com\/de\/impressum\/\" \/>\n<meta property=\"og:site_name\" content=\"elexxion AG - dental laser - dentale Diodenlaser (Weichgewebe)\" \/>\n<meta property=\"article:modified_time\" content=\"2022-01-12T13:29:46+00:00\" \/>\n<meta property=\"og:image\" content=\"https:\/\/www.felix.media\/wp-content\/uploads\/2017\/11\/online-marketing-agentur.png\" \/>\n<meta name=\"twitter:card\" content=\"summary_large_image\" \/>\n<meta name=\"twitter:label1\" content=\"Gesch\u00e4tzte Lesezeit\" \/>\n\t<meta name=\"twitter:data1\" content=\"3 Minuten\" \/>\n<script type=\"application\/ld+json\" class=\"yoast-schema-graph\">{\"@context\":\"https:\/\/schema.org\",\"@graph\":[{\"@type\":\"WebSite\",\"@id\":\"https:\/\/www.elexxion.com\/de\/#website\",\"url\":\"https:\/\/www.elexxion.com\/de\/\",\"name\":\"elexxion AG - dental laser - dentale Diodenlaser (Weichgewebe)\",\"description\":\"elexxion AG - dental laser - dentale Diodenlaser (Weichgewebe)\",\"potentialAction\":[{\"@type\":\"SearchAction\",\"target\":{\"@type\":\"EntryPoint\",\"urlTemplate\":\"https:\/\/www.elexxion.com\/de\/?s={search_term_string}\"},\"query-input\":\"required name=search_term_string\"}],\"inLanguage\":\"de-DE\"},{\"@type\":\"ImageObject\",\"@id\":\"https:\/\/www.elexxion.com\/de\/impressum\/#primaryimage\",\"inLanguage\":\"de-DE\",\"url\":\"https:\/\/www.felix.media\/wp-content\/uploads\/2017\/11\/online-marketing-agentur.png\",\"contentUrl\":\"https:\/\/www.felix.media\/wp-content\/uploads\/2017\/11\/online-marketing-agentur.png\"},{\"@type\":\"WebPage\",\"@id\":\"https:\/\/www.elexxion.com\/de\/impressum\/#webpage\",\"url\":\"https:\/\/www.elexxion.com\/de\/impressum\/\",\"name\":\"Impressum - elexxion AG - dental laser - dentale Diodenlaser (Weichgewebe)\",\"isPartOf\":{\"@id\":\"https:\/\/www.elexxion.com\/de\/#website\"},\"primaryImageOfPage\":{\"@id\":\"https:\/\/www.elexxion.com\/de\/impressum\/#primaryimage\"},\"datePublished\":\"2019-02-15T11:15:10+00:00\",\"dateModified\":\"2022-01-12T13:29:46+00:00\",\"breadcrumb\":{\"@id\":\"https:\/\/www.elexxion.com\/de\/impressum\/#breadcrumb\"},\"inLanguage\":\"de-DE\",\"potentialAction\":[{\"@type\":\"ReadAction\",\"target\":[\"https:\/\/www.elexxion.com\/de\/impressum\/\"]}]},{\"@type\":\"BreadcrumbList\",\"@id\":\"https:\/\/www.elexxion.com\/de\/impressum\/#breadcrumb\",\"itemListElement\":[{\"@type\":\"ListItem\",\"position\":1,\"name\":\"Home\",\"item\":\"https:\/\/www.elexxion.com\/de\/\"},{\"@type\":\"ListItem\",\"position\":2,\"name\":\"Impressum\"}]}]}<\/script>\n<!-- \/ Yoast SEO plugin. -->","yoast_head_json":{"title":"Impressum - elexxion AG - dental laser - dentale Diodenlaser (Weichgewebe)","robots":{"index":"noindex","follow":"follow"},"og_locale":"de_DE","og_type":"article","og_title":"Impressum - elexxion AG - dental laser - dentale Diodenlaser (Weichgewebe)","og_description":"[vc_section css=&#8220;.vc_custom_1641994184238{padding-top: 80px !important;padding-bottom: 80px !important;}&#8220; el_class=&#8220;datenschutz&#8220;][vc_row el_class=&#8220;fm-seo-breadcrumbs&#8220;][vc_column el_class=&#8220;smaller&#8220;][vc_column_text css_animation=&#8220;none&#8220;][\/vc_column_text][\/vc_column][\/vc_row][vc_row][vc_column][vc_column_text css_animation=&#8220;none&#8220;] Impressum [\/vc_column_text][vc_column_text css_animation=&#8220;none&#8220;]Der Hauptsitz der elexxion AG ist in...","og_url":"https:\/\/www.elexxion.com\/de\/impressum\/","og_site_name":"elexxion AG - dental laser - dentale Diodenlaser (Weichgewebe)","article_modified_time":"2022-01-12T13:29:46+00:00","og_image":[{"url":"https:\/\/www.felix.media\/wp-content\/uploads\/2017\/11\/online-marketing-agentur.png"}],"twitter_card":"summary_large_image","twitter_misc":{"Gesch\u00e4tzte Lesezeit":"3 Minuten"},"schema":{"@context":"https:\/\/schema.org","@graph":[{"@type":"WebSite","@id":"https:\/\/www.elexxion.com\/de\/#website","url":"https:\/\/www.elexxion.com\/de\/","name":"elexxion AG - dental laser - dentale Diodenlaser (Weichgewebe)","description":"elexxion AG - dental laser - dentale Diodenlaser (Weichgewebe)","potentialAction":[{"@type":"SearchAction","target":{"@type":"EntryPoint","urlTemplate":"https:\/\/www.elexxion.com\/de\/?s={search_term_string}"},"query-input":"required name=search_term_string"}],"inLanguage":"de-DE"},{"@type":"ImageObject","@id":"https:\/\/www.elexxion.com\/de\/impressum\/#primaryimage","inLanguage":"de-DE","url":"https:\/\/www.felix.media\/wp-content\/uploads\/2017\/11\/online-marketing-agentur.png","contentUrl":"https:\/\/www.felix.media\/wp-content\/uploads\/2017\/11\/online-marketing-agentur.png"},{"@type":"WebPage","@id":"https:\/\/www.elexxion.com\/de\/impressum\/#webpage","url":"https:\/\/www.elexxion.com\/de\/impressum\/","name":"Impressum - elexxion AG - dental laser - dentale Diodenlaser (Weichgewebe)","isPartOf":{"@id":"https:\/\/www.elexxion.com\/de\/#website"},"primaryImageOfPage":{"@id":"https:\/\/www.elexxion.com\/de\/impressum\/#primaryimage"},"datePublished":"2019-02-15T11:15:10+00:00","dateModified":"2022-01-12T13:29:46+00:00","breadcrumb":{"@id":"https:\/\/www.elexxion.com\/de\/impressum\/#breadcrumb"},"inLanguage":"de-DE","potentialAction":[{"@type":"ReadAction","target":["https:\/\/www.elexxion.com\/de\/impressum\/"]}]},{"@type":"BreadcrumbList","@id":"https:\/\/www.elexxion.com\/de\/impressum\/#breadcrumb","itemListElement":[{"@type":"ListItem","position":1,"name":"Home","item":"https:\/\/www.elexxion.com\/de\/"},{"@type":"ListItem","position":2,"name":"Impressum"}]}]}},"_links":{"self":[{"href":"https:\/\/www.elexxion.com\/de\/wp-json\/wp\/v2\/pages\/620"}],"collection":[{"href":"https:\/\/www.elexxion.com\/de\/wp-json\/wp\/v2\/pages"}],"about":[{"href":"https:\/\/www.elexxion.com\/de\/wp-json\/wp\/v2\/types\/page"}],"author":[{"embeddable":true,"href":"https:\/\/www.elexxion.com\/de\/wp-json\/wp\/v2\/users\/1"}],"replies":[{"embeddable":true,"href":"https:\/\/www.elexxion.com\/de\/wp-json\/wp\/v2\/comments?post=620"}],"version-history":[{"count":17,"href":"https:\/\/www.elexxion.com\/de\/wp-json\/wp\/v2\/pages\/620\/revisions"}],"predecessor-version":[{"id":5102,"href":"https:\/\/www.elexxion.com\/de\/wp-json\/wp\/v2\/pages\/620\/revisions\/5102"}],"wp:attachment":[{"href":"https:\/\/www.elexxion.com\/de\/wp-json\/wp\/v2\/media?parent=620"}],"curies":[{"name":"wp","href":"https:\/\/api.w.org\/{rel}","templated":true}]}}