{"id":4067,"date":"2019-04-26T11:35:55","date_gmt":"2019-04-26T09:35:55","guid":{"rendered":"https:\/\/elexxion.dev.felix.media\/versand__lieferung\/"},"modified":"2022-01-12T14:30:37","modified_gmt":"2022-01-12T13:30:37","slug":"versand-lieferung","status":"publish","type":"page","link":"https:\/\/www.elexxion.com\/de\/versand-lieferung\/","title":{"rendered":"Versand &#038; Lieferung"},"content":{"rendered":"<p>[vc_section css=&#8220;.vc_custom_1641994234774{padding-top: 80px !important;padding-bottom: 80px !important;}&#8220; el_class=&#8220;datenschutz&#8220;][vc_row el_class=&#8220;fm-seo-breadcrumbs&#8220;][vc_column el_class=&#8220;smaller&#8220;][vc_column_text css_animation=&#8220;none&#8220;]<span><span><a href=\"https:\/\/www.elexxion.com\/de\/\">Home<\/a><\/span>[\/vc_column_text][\/vc_column][\/vc_row][vc_row][vc_column][vc_column_text css_animation=&#8220;none&#8220;]<\/p>\n<h2 class=\"infrarot-wellness no-text-transform\">Versand &amp; Lieferung<\/h2>\n<p>[\/vc_column_text][vc_column_text]<strong>Preise, Versandkosten und Lieferinformationen<\/strong><\/p>\n<p>Unsere Preise verstehen sich in Euro und soweit nichts anderes vereinbart ist, jeweils zzgl. der am Auslieferungstag g\u00fcltigen gesetzlichen Mehrwertsteuer \/Z\u00f6lle.<\/p>\n<p>Wir liefern nur innerhalb Deutschlands.<\/p>\n<p>Zus\u00e4tzlich zu den angegebenen Preisen berechnen wir f\u00fcr die Lieferung innerhalb Deutschlands abh\u00e4ngig von Ma\u00df, St\u00fcckzahl und Gewicht der von Ihnen bestellten Produkten entsprechende Versandkosten.<\/p>\n<p>\u00dcber die H\u00f6he der Versandkosten und die voraussichtliche Lieferzeit kl\u00e4ren wir Sie mit der Auftragsbest\u00e4tigung auf.[\/vc_column_text]<div class=\"clearboth\"><\/div><div class=\"gem-divider \" style=\"margin-top: 460px;\"><\/div>[\/vc_column][\/vc_row][\/vc_section]<\/p>\n","protected":false},"excerpt":{"rendered":"<p>[vc_section css=&#8220;.vc_custom_1641994234774{padding-top: 80px !important;padding-bottom: 80px !important;}&#8220; el_class=&#8220;datenschutz&#8220;][vc_row el_class=&#8220;fm-seo-breadcrumbs&#8220;][vc_column el_class=&#8220;smaller&#8220;][vc_column_text css_animation=&#8220;none&#8220;][\/vc_column_text][\/vc_column][\/vc_row][vc_row][vc_column][vc_column_text css_animation=&#8220;none&#8220;] Versand &amp; Lieferung [\/vc_column_text][vc_column_text]Preise, Versandkosten und Lieferinformationen Unsere Preise&#8230;<\/p>\n","protected":false},"author":1,"featured_media":0,"parent":0,"menu_order":0,"comment_status":"closed","ping_status":"closed","template":"","meta":[],"yoast_head":"<!-- This site is optimized with the Yoast SEO plugin v17.9 - https:\/\/yoast.com\/wordpress\/plugins\/seo\/ -->\n<title>Versand &amp; Lieferung - elexxion AG - dental laser - dentale Diodenlaser (Weichgewebe)<\/title>\n<meta name=\"robots\" content=\"index, follow, max-snippet:-1, max-image-preview:large, max-video-preview:-1\" \/>\n<link rel=\"canonical\" href=\"https:\/\/www.elexxion.com\/de\/versand-lieferung\/\" \/>\n<meta property=\"og:locale\" content=\"de_DE\" \/>\n<meta property=\"og:type\" content=\"article\" \/>\n<meta property=\"og:title\" content=\"Versand &amp; Lieferung - elexxion AG - dental laser - dentale Diodenlaser (Weichgewebe)\" \/>\n<meta property=\"og:description\" content=\"[vc_section css=&#8220;.vc_custom_1641994234774{padding-top: 80px !important;padding-bottom: 80px !important;}&#8220; el_class=&#8220;datenschutz&#8220;][vc_row el_class=&#8220;fm-seo-breadcrumbs&#8220;][vc_column el_class=&#8220;smaller&#8220;][vc_column_text css_animation=&#8220;none&#8220;][\/vc_column_text][\/vc_column][\/vc_row][vc_row][vc_column][vc_column_text css_animation=&#8220;none&#8220;] Versand &amp; Lieferung [\/vc_column_text][vc_column_text]Preise, Versandkosten und Lieferinformationen Unsere Preise...\" \/>\n<meta property=\"og:url\" content=\"https:\/\/www.elexxion.com\/de\/versand-lieferung\/\" \/>\n<meta property=\"og:site_name\" content=\"elexxion AG - dental laser - dentale Diodenlaser (Weichgewebe)\" \/>\n<meta property=\"article:modified_time\" content=\"2022-01-12T13:30:37+00:00\" \/>\n<meta name=\"twitter:card\" content=\"summary_large_image\" \/>\n<meta name=\"twitter:label1\" content=\"Gesch\u00e4tzte Lesezeit\" \/>\n\t<meta name=\"twitter:data1\" content=\"1 Minute\" \/>\n<script type=\"application\/ld+json\" class=\"yoast-schema-graph\">{\"@context\":\"https:\/\/schema.org\",\"@graph\":[{\"@type\":\"WebSite\",\"@id\":\"https:\/\/www.elexxion.com\/de\/#website\",\"url\":\"https:\/\/www.elexxion.com\/de\/\",\"name\":\"elexxion AG - dental laser - dentale Diodenlaser (Weichgewebe)\",\"description\":\"elexxion AG - dental laser - dentale Diodenlaser (Weichgewebe)\",\"potentialAction\":[{\"@type\":\"SearchAction\",\"target\":{\"@type\":\"EntryPoint\",\"urlTemplate\":\"https:\/\/www.elexxion.com\/de\/?s={search_term_string}\"},\"query-input\":\"required name=search_term_string\"}],\"inLanguage\":\"de-DE\"},{\"@type\":\"WebPage\",\"@id\":\"https:\/\/www.elexxion.com\/de\/versand-lieferung\/#webpage\",\"url\":\"https:\/\/www.elexxion.com\/de\/versand-lieferung\/\",\"name\":\"Versand & Lieferung - elexxion AG - dental laser - dentale Diodenlaser (Weichgewebe)\",\"isPartOf\":{\"@id\":\"https:\/\/www.elexxion.com\/de\/#website\"},\"datePublished\":\"2019-04-26T09:35:55+00:00\",\"dateModified\":\"2022-01-12T13:30:37+00:00\",\"breadcrumb\":{\"@id\":\"https:\/\/www.elexxion.com\/de\/versand-lieferung\/#breadcrumb\"},\"inLanguage\":\"de-DE\",\"potentialAction\":[{\"@type\":\"ReadAction\",\"target\":[\"https:\/\/www.elexxion.com\/de\/versand-lieferung\/\"]}]},{\"@type\":\"BreadcrumbList\",\"@id\":\"https:\/\/www.elexxion.com\/de\/versand-lieferung\/#breadcrumb\",\"itemListElement\":[{\"@type\":\"ListItem\",\"position\":1,\"name\":\"Home\",\"item\":\"https:\/\/www.elexxion.com\/de\/\"},{\"@type\":\"ListItem\",\"position\":2,\"name\":\"Versand &#038; Lieferung\"}]}]}<\/script>\n<!-- \/ Yoast SEO plugin. -->","yoast_head_json":{"title":"Versand & Lieferung - elexxion AG - dental laser - dentale Diodenlaser (Weichgewebe)","robots":{"index":"index","follow":"follow","max-snippet":"max-snippet:-1","max-image-preview":"max-image-preview:large","max-video-preview":"max-video-preview:-1"},"canonical":"https:\/\/www.elexxion.com\/de\/versand-lieferung\/","og_locale":"de_DE","og_type":"article","og_title":"Versand & Lieferung - elexxion AG - dental laser - dentale Diodenlaser (Weichgewebe)","og_description":"[vc_section css=&#8220;.vc_custom_1641994234774{padding-top: 80px !important;padding-bottom: 80px !important;}&#8220; el_class=&#8220;datenschutz&#8220;][vc_row el_class=&#8220;fm-seo-breadcrumbs&#8220;][vc_column el_class=&#8220;smaller&#8220;][vc_column_text css_animation=&#8220;none&#8220;][\/vc_column_text][\/vc_column][\/vc_row][vc_row][vc_column][vc_column_text css_animation=&#8220;none&#8220;] Versand &amp; Lieferung [\/vc_column_text][vc_column_text]Preise, Versandkosten und Lieferinformationen Unsere Preise...","og_url":"https:\/\/www.elexxion.com\/de\/versand-lieferung\/","og_site_name":"elexxion AG - dental laser - dentale Diodenlaser (Weichgewebe)","article_modified_time":"2022-01-12T13:30:37+00:00","twitter_card":"summary_large_image","twitter_misc":{"Gesch\u00e4tzte Lesezeit":"1 Minute"},"schema":{"@context":"https:\/\/schema.org","@graph":[{"@type":"WebSite","@id":"https:\/\/www.elexxion.com\/de\/#website","url":"https:\/\/www.elexxion.com\/de\/","name":"elexxion AG - dental laser - dentale Diodenlaser (Weichgewebe)","description":"elexxion AG - dental laser - dentale Diodenlaser (Weichgewebe)","potentialAction":[{"@type":"SearchAction","target":{"@type":"EntryPoint","urlTemplate":"https:\/\/www.elexxion.com\/de\/?s={search_term_string}"},"query-input":"required name=search_term_string"}],"inLanguage":"de-DE"},{"@type":"WebPage","@id":"https:\/\/www.elexxion.com\/de\/versand-lieferung\/#webpage","url":"https:\/\/www.elexxion.com\/de\/versand-lieferung\/","name":"Versand & Lieferung - elexxion AG - dental laser - dentale Diodenlaser (Weichgewebe)","isPartOf":{"@id":"https:\/\/www.elexxion.com\/de\/#website"},"datePublished":"2019-04-26T09:35:55+00:00","dateModified":"2022-01-12T13:30:37+00:00","breadcrumb":{"@id":"https:\/\/www.elexxion.com\/de\/versand-lieferung\/#breadcrumb"},"inLanguage":"de-DE","potentialAction":[{"@type":"ReadAction","target":["https:\/\/www.elexxion.com\/de\/versand-lieferung\/"]}]},{"@type":"BreadcrumbList","@id":"https:\/\/www.elexxion.com\/de\/versand-lieferung\/#breadcrumb","itemListElement":[{"@type":"ListItem","position":1,"name":"Home","item":"https:\/\/www.elexxion.com\/de\/"},{"@type":"ListItem","position":2,"name":"Versand &#038; Lieferung"}]}]}},"_links":{"self":[{"href":"https:\/\/www.elexxion.com\/de\/wp-json\/wp\/v2\/pages\/4067"}],"collection":[{"href":"https:\/\/www.elexxion.com\/de\/wp-json\/wp\/v2\/pages"}],"about":[{"href":"https:\/\/www.elexxion.com\/de\/wp-json\/wp\/v2\/types\/page"}],"author":[{"embeddable":true,"href":"https:\/\/www.elexxion.com\/de\/wp-json\/wp\/v2\/users\/1"}],"replies":[{"embeddable":true,"href":"https:\/\/www.elexxion.com\/de\/wp-json\/wp\/v2\/comments?post=4067"}],"version-history":[{"count":9,"href":"https:\/\/www.elexxion.com\/de\/wp-json\/wp\/v2\/pages\/4067\/revisions"}],"predecessor-version":[{"id":5106,"href":"https:\/\/www.elexxion.com\/de\/wp-json\/wp\/v2\/pages\/4067\/revisions\/5106"}],"wp:attachment":[{"href":"https:\/\/www.elexxion.com\/de\/wp-json\/wp\/v2\/media?parent=4067"}],"curies":[{"name":"wp","href":"https:\/\/api.w.org\/{rel}","templated":true}]}}