{"id":2048,"date":"2019-04-12T18:12:59","date_gmt":"2019-04-12T16:12:59","guid":{"rendered":"https:\/\/elexxion.dev.felix.media\/?page_id=2048"},"modified":"2022-07-25T08:37:59","modified_gmt":"2022-07-25T06:37:59","slug":"download","status":"publish","type":"page","link":"https:\/\/www.elexxion.com\/de\/investoren\/download\/","title":{"rendered":"Downloads"},"content":{"rendered":"<p>[vc_section css=&#8220;.vc_custom_1641993331532{padding-top: 80px !important;padding-bottom: 80px !important;}&#8220; el_id=&#8220;home&#8220; el_class=&#8220;produkte unternehmen investoren downloads&#8220;][vc_row el_class=&#8220;fm-seo-breadcrumbs&#8220;][vc_column el_class=&#8220;smaller&#8220;][vc_column_text]<span><span><a href=\"https:\/\/www.elexxion.com\/de\/\">Home<\/a><\/span>[\/vc_column_text][\/vc_column][\/vc_row][vc_row][vc_column width=&#8220;1\/3&#8243; el_class=&#8220;smaller&#8220; offset=&#8220;vc_col-lg-3 vc_col-md-3 vc_col-xs-12&#8243;][\/vc_column][vc_column width=&#8220;2\/3&#8243; offset=&#8220;vc_col-lg-9 vc_col-md-9 vc_col-xs-12&#8243;][vc_column_text]<\/p>\n<h3>Downloads<\/h3>\n<h3 class=\"font-weight-400\">der elexxion AG<\/h3>\n<p>[\/vc_column_text][\/vc_column][\/vc_row][vc_row][vc_column width=&#8220;1\/3&#8243; offset=&#8220;vc_col-lg-3 vc_col-md-3 vc_col-xs-12&#8243; el_class=&#8220;side-navi-wrapper&#8220;][vc_column_text]<\/p>\n<div class=\"smaller side-navi\">\n<ul>\n<li><a href=\"https:\/\/www.elexxion.com\/de\/investoren\/aktie\/\">Aktie<\/a><\/li>\n<li><a href=\"https:\/\/www.elexxion.com\/de\/investoren\/finanzkalender\/\">Finanzkalender<\/a><\/li>\n<li><a href=\"https:\/\/www.elexxion.com\/de\/investoren\/veroeffentlichungen\/\">Ver\u00f6ffentlichungen<\/a><\/li>\n<li><span class=\"active\">Downloads<\/span><\/li>\n<li><a href=\"https:\/\/www.elexxion.com\/de\/investoren\/ir-kontakt\/\">IR Kontakt<\/a><\/li>\n<\/ul>\n<\/div>\n<p>[\/vc_column_text][\/vc_column][vc_column width=&#8220;2\/3&#8243; offset=&#8220;vc_col-lg-9 vc_col-md-9 vc_col-xs-12&#8243; el_class=&#8220;products&#8220;][vc_row_inner css=&#8220;.vc_custom_1554976324184{padding-top: 20px !important;padding-right: 20px !important;padding-bottom: 20px !important;padding-left: 20px !important;}&#8220;][vc_column_inner el_class=&#8220;product-container&#8220;][vc_column_text]<\/p>\n<div class=\"bigger font-weight-600\">Download 2022<\/div>\n<p>[\/vc_column_text][vc_column_text]<\/p>\n<ul>\n<li><a href=\"https:\/\/www.elexxion.com\/wp-content\/uploads\/2022\/07\/elexxion_GB21.pdf\">Gesch\u00e4ftsbericht 2021<\/a><\/li>\n<li><a href=\"https:\/\/www.elexxion.com\/wp-content\/uploads\/2022\/07\/elexxion-AG_Einberufung-HV-2022-07.07.2022-V1.0_Rev.-RP.pdf\">Einladung Hauptversammlung 31. August 2022<\/a><\/li>\n<li><a href=\"https:\/\/www.elexxion.com\/wp-content\/uploads\/2022\/07\/elexxion-AG_Vollmachtsvordruck_Vertretung-HV-2022.pdf\">Vollmachtsvordruck Vertretung Hauptversammlung 31. August 2022<\/a><\/li>\n<li><a href=\"https:\/\/www.elexxion.com\/wp-content\/uploads\/2022\/07\/elexxion-AG_Vollmachtsvordruck_Wortmeldungen-HV-2022.pdf\">Vollmachtsvordruck Wortmeldungen Hauptversammlung 31. August 2022<\/a><\/li>\n<\/ul>\n<p>[\/vc_column_text][\/vc_column_inner][\/vc_row_inner][vc_row_inner css=&#8220;.vc_custom_1554976324184{padding-top: 20px !important;padding-right: 20px !important;padding-bottom: 20px !important;padding-left: 20px !important;}&#8220;][vc_column_inner el_class=&#8220;product-container&#8220;][vc_column_text]<\/p>\n<div class=\"bigger font-weight-600\">Download 2021<\/div>\n<p>[\/vc_column_text][vc_column_text]<\/p>\n<ul>\n<li><a href=\"https:\/\/www.elexxion.com\/wp-content\/uploads\/2021\/11\/elexxion_HJB21.pdf\">Halbjahresbericht 2021<\/a><\/li>\n<li><a href=\"https:\/\/www.elexxion.com\/wp-content\/uploads\/2021\/06\/elexxion_GB20.pdf\">Gesch\u00e4ftsbericht 2020<\/a><\/li>\n<li><a href=\"https:\/\/www.elexxion.com\/wp-content\/uploads\/2021\/09\/elexxion-AG_Einberufung-HV-2021-03.09.2021_Rev-RP-1.pdf\">Einladung Hauptversammlung 20. Oktober 2021<\/a><\/li>\n<li><a href=\"https:\/\/www.elexxion.com\/wp-content\/uploads\/2021\/09\/elexxion-AG_Vollmachtsvordruck_Vertretung-HV-2021.pdf\">Vollmachtsvordruck Vertretung Hauptversammlung 20. Oktober 2021<\/a><\/li>\n<li><a href=\"https:\/\/www.elexxion.com\/wp-content\/uploads\/2021\/09\/elexxion-AG_Vollmachtsvordruck_Wortmeldungen-HV-2021.pdf\">Vollmachtsvordruck Wortmeldungen Hauptversammlung 20. Oktober 2021<\/a><\/li>\n<\/ul>\n<p>[\/vc_column_text][\/vc_column_inner][\/vc_row_inner][vc_row_inner css=&#8220;.vc_custom_1554976324184{padding-top: 20px !important;padding-right: 20px !important;padding-bottom: 20px !important;padding-left: 20px !important;}&#8220;][vc_column_inner el_class=&#8220;product-container&#8220;][vc_column_text]<\/p>\n<div class=\"bigger font-weight-600\">Download 2020<\/div>\n<p>[\/vc_column_text][vc_column_text]<\/p>\n<ul>\n<li>Protokoll der Hauptversammlung 2020 vom 25.11.2020<\/li>\n<\/ul>\n<p>[\/vc_column_text][\/vc_column_inner][\/vc_row_inner][vc_row_inner css=&#8220;.vc_custom_1554976324184{padding-top: 20px !important;padding-right: 20px !important;padding-bottom: 20px !important;padding-left: 20px !important;}&#8220;][vc_column_inner el_class=&#8220;product-container&#8220;][vc_column_text]<\/p>\n<div class=\"bigger font-weight-600\">Download 2018<\/div>\n<p>[\/vc_column_text][vc_column_text]<\/p>\n<ul>\n<li><a href=\"\/wp-content\/uploads\/2019\/04\/Gegenantraege-zur-Hauptversammlung.pdf\">Gegenantr\u00e4ge zur Hauptversammlung am 27.11.2018 von Aktion\u00e4r Wilm Diedrich M\u00fcller<\/a><\/li>\n<li><a href=\"\/wp-content\/uploads\/2019\/04\/elexxion_Vordruck_Wortmeldungen-HV.pdf\">Vordruck Wortmeldung in Hauptversammlung 2018<\/a><\/li>\n<li><a href=\"\/wp-content\/uploads\/2019\/04\/elexxion_Vollmachtsvordruck_Vertretung-HV.pdf\">Vordruck Vollmacht Vertretung in der Hauptversammlung 2018<\/a><\/li>\n<li><a href=\"\/wp-content\/uploads\/2019\/04\/Einladung-zur-Hauptversammlung-2018.pdf\">Einladung zur Hauptversammlung 2018<\/a><\/li>\n<\/ul>\n<p>[\/vc_column_text][\/vc_column_inner][\/vc_row_inner][\/vc_column][\/vc_row][vc_row][vc_column width=&#8220;1\/3&#8243; offset=&#8220;vc_col-lg-3 vc_col-md-3 vc_col-xs-12&#8243;][\/vc_column][vc_column width=&#8220;2\/3&#8243; offset=&#8220;vc_col-lg-9 vc_col-md-9 vc_col-xs-12&#8243; el_class=&#8220;products&#8220;][vc_row_inner css=&#8220;.vc_custom_1554976324184{padding-top: 20px !important;padding-right: 20px !important;padding-bottom: 20px !important;padding-left: 20px !important;}&#8220;][vc_column_inner el_class=&#8220;product-container&#8220;][vc_column_text]<\/p>\n<div class=\"bigger font-weight-600\">Download 2017<\/div>\n<p>[\/vc_column_text][vc_column_text]<\/p>\n<ul>\n<li><a href=\"\/wp-content\/uploads\/2019\/04\/Geschaeftsbericht-elexxion-31.12.2017-09.10.-2018.pdf\">Gesch\u00e4ftsbericht 2017<\/a><\/li>\n<li><a href=\"\/wp-content\/uploads\/2019\/04\/HV-2017-Abstimmungsergebnisse_elexxion-AG.pdf\">Abstimmungsergebnis Ordentliche Hauptversammlung<\/a><\/li>\n<li><a href=\"\/wp-content\/uploads\/2019\/04\/Gegenantraege-Top-2-und-Top-3.pdf\">Gegenantr\u00e4ge Top 2 und Top 3<\/a><\/li>\n<li><a href=\"\/wp-content\/uploads\/2019\/04\/elexxion_HJ17.pdf\">Halbjahresbericht 2017<\/a><\/li>\n<li><a href=\"\/wp-content\/uploads\/2019\/04\/Einladung-zur-Hauptversammlung-2017.pdf\">Einladung zur Hauptversammlung 2017<\/a><\/li>\n<li><a href=\"\/wp-content\/uploads\/2019\/04\/HV-2017-Bericht-des-Vorstands-zu-Tagesordnugspunkt-6.pdf\">HV 2017 &#8211; Bericht des Vorstands zu Tagesordnungspunkt 6<\/a><\/li>\n<li><a href=\"\/wp-content\/uploads\/2019\/04\/HV-2017-Bericht-des-Vorstands-zu-Tagesordnungspunkt-7.pdf\">HV 2017 &#8211; Bericht des Vorstands zu Tagesordnungspunkt 7<\/a><\/li>\n<\/ul>\n<p>[\/vc_column_text][\/vc_column_inner][\/vc_row_inner][\/vc_column][\/vc_row][vc_row][vc_column width=&#8220;1\/3&#8243; offset=&#8220;vc_col-lg-3 vc_col-md-3 vc_col-xs-12&#8243;][\/vc_column][vc_column width=&#8220;2\/3&#8243; offset=&#8220;vc_col-lg-9 vc_col-md-9 vc_col-xs-12&#8243; el_class=&#8220;products&#8220;][vc_row_inner css=&#8220;.vc_custom_1554976324184{padding-top: 20px !important;padding-right: 20px !important;padding-bottom: 20px !important;padding-left: 20px !important;}&#8220;][vc_column_inner el_class=&#8220;product-container&#8220;][vc_column_text]<\/p>\n<div class=\"bigger font-weight-600\">Download 2016<\/div>\n<p>[\/vc_column_text][vc_column_text]<\/p>\n<ul>\n<li><a href=\"\/wp-content\/uploads\/2019\/04\/Bericht-des-Aufsichtsrats-2016.pdf\">Bericht des Aufsichtsrats 2016<\/a><\/li>\n<li><a href=\"\/wp-content\/uploads\/2019\/04\/elexxion_GB16.pdf\">Gesch\u00e4ftsbericht 2016<\/a><\/li>\n<li><a href=\"\/wp-content\/uploads\/2019\/04\/elexxion_HJ16.pdf\">Halbjahresbericht 2016<\/a><\/li>\n<li><a href=\"\/wp-content\/uploads\/2019\/04\/HV-2016-Abstimmungsergebnisse_elexxion-AG-160825.pdf\">Abstimmungsergebnis Ordentliche Hauptversammlung<\/a><\/li>\n<li><a href=\"\/wp-content\/uploads\/2019\/04\/HV-2016-Bericht-des-Vorstands-zu-TOP-6.pdf\">Bericht des Vorstands<\/a><\/li>\n<li><a href=\"\/wp-content\/uploads\/2019\/04\/HV-2016-Einberufung-160825.pdf\">Einladung zur Hauptversammlung 2016<\/a><\/li>\n<\/ul>\n<p>[\/vc_column_text][\/vc_column_inner][\/vc_row_inner][\/vc_column][\/vc_row][vc_row][vc_column width=&#8220;1\/3&#8243; offset=&#8220;vc_col-lg-3 vc_col-md-3 vc_col-xs-12&#8243;][\/vc_column][vc_column width=&#8220;2\/3&#8243; offset=&#8220;vc_col-lg-9 vc_col-md-9 vc_col-xs-12&#8243; el_class=&#8220;products&#8220;][vc_row_inner css=&#8220;.vc_custom_1554976324184{padding-top: 20px !important;padding-right: 20px !important;padding-bottom: 20px !important;padding-left: 20px !important;}&#8220;][vc_column_inner el_class=&#8220;product-container&#8220;][vc_column_text]<\/p>\n<div class=\"bigger font-weight-600\">Download 2015<\/div>\n<p>[\/vc_column_text][vc_column_text]<\/p>\n<ul>\n<li><a href=\"\/wp-content\/uploads\/2019\/04\/elexxion_GB15.pdf\">Gesch\u00e4ftsbericht 2015<\/a><\/li>\n<li><a href=\"\/wp-content\/uploads\/2019\/04\/elexxion_HJ15.pdf\">Halbjahresbericht 2015<\/a><\/li>\n<li><a href=\"\/wp-content\/uploads\/2019\/04\/HV-2015-Abstimmungsergebnisse_elexxion-AG-150820.pdf\">Abstimmungsergebnis Ordentliche Hauptversammlung<\/a><\/li>\n<li><a href=\"\/wp-content\/uploads\/2019\/04\/HV-2015-Einberufung-150820.pdf\">Einladung zur Hauptversammlung 2015<\/a><\/li>\n<\/ul>\n<p>[\/vc_column_text][\/vc_column_inner][\/vc_row_inner][\/vc_column][\/vc_row][vc_row][vc_column width=&#8220;1\/3&#8243; offset=&#8220;vc_col-lg-3 vc_col-md-3 vc_col-xs-12&#8243;][\/vc_column][vc_column width=&#8220;2\/3&#8243; offset=&#8220;vc_col-lg-9 vc_col-md-9 vc_col-xs-12&#8243; el_class=&#8220;products&#8220;][vc_row_inner css=&#8220;.vc_custom_1554976324184{padding-top: 20px !important;padding-right: 20px !important;padding-bottom: 20px !important;padding-left: 20px !important;}&#8220;][vc_column_inner el_class=&#8220;product-container&#8220;][vc_column_text]<\/p>\n<div class=\"bigger font-weight-600\">Download 2014<\/div>\n<p>[\/vc_column_text][vc_column_text]<\/p>\n<ul>\n<li><a href=\"\/wp-content\/uploads\/2019\/04\/elexxion_GB14.pdf\">Gesch\u00e4ftsbericht 2014<\/a><\/li>\n<li><a href=\"\/wp-content\/uploads\/2019\/04\/Abstimmungsergebnisse_elexxion-AG-141014.pdf\">Abstimmungsergebnis Ordentliche Hauptversammlung<\/a><\/li>\n<li><a href=\"\/wp-content\/uploads\/2019\/04\/elexxion_HJ14.pdf\">Halbjahresbericht 2014<\/a><\/li>\n<li><a href=\"\/wp-content\/uploads\/2019\/04\/n_HV-2014-Einberufung-140807.pdf\">Einladung zur Hauptversammlung 2014<\/a><\/li>\n<\/ul>\n<p>[\/vc_column_text][\/vc_column_inner][\/vc_row_inner][\/vc_column][\/vc_row][vc_row][vc_column width=&#8220;1\/3&#8243; offset=&#8220;vc_col-lg-3 vc_col-md-3 vc_col-xs-12&#8243;][\/vc_column][vc_column width=&#8220;2\/3&#8243; offset=&#8220;vc_col-lg-9 vc_col-md-9 vc_col-xs-12&#8243; el_class=&#8220;products&#8220;][vc_row_inner css=&#8220;.vc_custom_1554976324184{padding-top: 20px !important;padding-right: 20px !important;padding-bottom: 20px !important;padding-left: 20px !important;}&#8220;][vc_column_inner el_class=&#8220;product-container&#8220;][vc_column_text]<\/p>\n<div class=\"bigger font-weight-600\">Download 2013<\/div>\n<p>[\/vc_column_text][vc_column_text]<\/p>\n<ul>\n<li><a href=\"\/wp-content\/uploads\/2019\/04\/2elexxion_GB13.pdf\">Gesch\u00e4ftsbericht 2013<\/a><\/li>\n<li><a href=\"\/wp-content\/uploads\/2019\/04\/Abstimmungsergebnisse_elexxion-AG.pdf\">Abstimmungsergebnis Ordentliche Hauptversammlung<\/a><\/li>\n<li><a href=\"\/wp-content\/uploads\/2019\/04\/HV-2013-Einladung-130819.pdf\">Einladung zur Hauptversammlung 2013<\/a><\/li>\n<li><a href=\"\/wp-content\/uploads\/2019\/04\/elexxion_HJ13.pdf\">Halbjahresbericht 2013<\/a><\/li>\n<\/ul>\n<p>[\/vc_column_text][\/vc_column_inner][\/vc_row_inner][\/vc_column][\/vc_row][vc_row][vc_column width=&#8220;1\/3&#8243; offset=&#8220;vc_col-lg-3 vc_col-md-3 vc_col-xs-12&#8243;][\/vc_column][vc_column width=&#8220;2\/3&#8243; offset=&#8220;vc_col-lg-9 vc_col-md-9 vc_col-xs-12&#8243; el_class=&#8220;products&#8220;][vc_row_inner css=&#8220;.vc_custom_1554976324184{padding-top: 20px !important;padding-right: 20px !important;padding-bottom: 20px !important;padding-left: 20px !important;}&#8220;][vc_column_inner el_class=&#8220;product-container&#8220;][vc_column_text]<\/p>\n<div class=\"bigger font-weight-600\">Download 2012<\/div>\n<p>[\/vc_column_text][vc_column_text]<\/p>\n<ul>\n<li><a href=\"\/wp-content\/uploads\/2019\/04\/geschaeftsbericht_2012.pdf\">Gesch\u00e4ftsbericht 2012<\/a><\/li>\n<li><a href=\"\/wp-content\/uploads\/2019\/04\/halbjahresbericht_2012.pdf\">Halbjahresbericht 2012<\/a><\/li>\n<li><a href=\"\/wp-content\/uploads\/2019\/04\/unternehmenskurzportraet_der_elexxion_ag.pdf\">Unternehmenskurzportr\u00e4t der elexxion AG<\/a><\/li>\n<li><a href=\"\/wp-content\/uploads\/2019\/04\/einladung_zur_hauptversammlung_2012.pdf\">Einladung zur Hauptversammlung 2012<\/a><\/li>\n<li><a href=\"\/wp-content\/uploads\/2019\/04\/hv_2012_bericht_des_vorstands_zu_tagesordnungspunkt_5.pdf\">HV 2012 Bericht des Vorstands zu Tagesordnungspunkt 5 HV 2012 Bericht des Vorstands zu Tagesordnungspunkt 5<\/a><\/li>\n<li><a href=\"\/wp-content\/uploads\/2019\/04\/hv_2012_bericht_des_vorstands_zu_tagesordnungspunkt_6.pdf\">HV 2012 Bericht des Vorstands zu Tagesordnungspunkt 6<\/a><\/li>\n<\/ul>\n<p>[\/vc_column_text][\/vc_column_inner][\/vc_row_inner][\/vc_column][\/vc_row][\/vc_section]<\/p>\n","protected":false},"excerpt":{"rendered":"<p>[vc_section css=&#8220;.vc_custom_1641993331532{padding-top: 80px !important;padding-bottom: 80px !important;}&#8220; el_id=&#8220;home&#8220; el_class=&#8220;produkte unternehmen investoren downloads&#8220;][vc_row el_class=&#8220;fm-seo-breadcrumbs&#8220;][vc_column el_class=&#8220;smaller&#8220;][vc_column_text][\/vc_column_text][\/vc_column][\/vc_row][vc_row][vc_column width=&#8220;1\/3&#8243; el_class=&#8220;smaller&#8220; offset=&#8220;vc_col-lg-3 vc_col-md-3 vc_col-xs-12&#8243;][\/vc_column][vc_column width=&#8220;2\/3&#8243; offset=&#8220;vc_col-lg-9&#8230;<\/p>\n","protected":false},"author":1,"featured_media":0,"parent":1980,"menu_order":0,"comment_status":"closed","ping_status":"open","template":"","meta":[],"yoast_head":"<!-- This site is optimized with the Yoast SEO plugin v17.9 - https:\/\/yoast.com\/wordpress\/plugins\/seo\/ -->\n<title>Downloads - elexxion AG - dental laser - dentale Diodenlaser (Weichgewebe)<\/title>\n<meta name=\"description\" content=\"elexxion ag - deutscher Hersteller von Dental Lasern. Diodenlaser f\u00fcr Weichgewebe und Er:YAG-Laser f\u00fcr Hartgewebe\" \/>\n<meta name=\"robots\" content=\"index, follow, max-snippet:-1, max-image-preview:large, max-video-preview:-1\" \/>\n<link rel=\"canonical\" href=\"https:\/\/www.elexxion.com\/de\/investoren\/download\/\" \/>\n<meta property=\"og:locale\" content=\"de_DE\" \/>\n<meta property=\"og:type\" content=\"article\" \/>\n<meta property=\"og:title\" content=\"Downloads - elexxion AG - dental laser - dentale Diodenlaser (Weichgewebe)\" \/>\n<meta property=\"og:description\" content=\"elexxion ag - deutscher Hersteller von Dental Lasern. Diodenlaser f\u00fcr Weichgewebe und Er:YAG-Laser f\u00fcr Hartgewebe\" \/>\n<meta property=\"og:url\" content=\"https:\/\/www.elexxion.com\/de\/investoren\/download\/\" \/>\n<meta property=\"og:site_name\" content=\"elexxion AG - dental laser - dentale Diodenlaser (Weichgewebe)\" \/>\n<meta property=\"article:modified_time\" content=\"2022-07-25T06:37:59+00:00\" \/>\n<meta name=\"twitter:card\" content=\"summary_large_image\" \/>\n<meta name=\"twitter:label1\" content=\"Gesch\u00e4tzte Lesezeit\" \/>\n\t<meta name=\"twitter:data1\" content=\"3 Minuten\" \/>\n<script type=\"application\/ld+json\" class=\"yoast-schema-graph\">{\"@context\":\"https:\/\/schema.org\",\"@graph\":[{\"@type\":\"WebSite\",\"@id\":\"https:\/\/www.elexxion.com\/de\/#website\",\"url\":\"https:\/\/www.elexxion.com\/de\/\",\"name\":\"elexxion AG - dental laser - dentale Diodenlaser (Weichgewebe)\",\"description\":\"elexxion AG - dental laser - dentale Diodenlaser (Weichgewebe)\",\"potentialAction\":[{\"@type\":\"SearchAction\",\"target\":{\"@type\":\"EntryPoint\",\"urlTemplate\":\"https:\/\/www.elexxion.com\/de\/?s={search_term_string}\"},\"query-input\":\"required name=search_term_string\"}],\"inLanguage\":\"de-DE\"},{\"@type\":\"WebPage\",\"@id\":\"https:\/\/www.elexxion.com\/de\/investoren\/download\/#webpage\",\"url\":\"https:\/\/www.elexxion.com\/de\/investoren\/download\/\",\"name\":\"Downloads - elexxion AG - dental laser - dentale Diodenlaser (Weichgewebe)\",\"isPartOf\":{\"@id\":\"https:\/\/www.elexxion.com\/de\/#website\"},\"datePublished\":\"2019-04-12T16:12:59+00:00\",\"dateModified\":\"2022-07-25T06:37:59+00:00\",\"description\":\"elexxion ag - deutscher Hersteller von Dental Lasern. Diodenlaser f\\u00fcr Weichgewebe und Er:YAG-Laser f\\u00fcr Hartgewebe\",\"breadcrumb\":{\"@id\":\"https:\/\/www.elexxion.com\/de\/investoren\/download\/#breadcrumb\"},\"inLanguage\":\"de-DE\",\"potentialAction\":[{\"@type\":\"ReadAction\",\"target\":[\"https:\/\/www.elexxion.com\/de\/investoren\/download\/\"]}]},{\"@type\":\"BreadcrumbList\",\"@id\":\"https:\/\/www.elexxion.com\/de\/investoren\/download\/#breadcrumb\",\"itemListElement\":[{\"@type\":\"ListItem\",\"position\":1,\"name\":\"Home\",\"item\":\"https:\/\/www.elexxion.com\/de\/\"},{\"@type\":\"ListItem\",\"position\":2,\"name\":\"Investoren\",\"item\":\"https:\/\/www.elexxion.com\/de\/investoren\/\"},{\"@type\":\"ListItem\",\"position\":3,\"name\":\"Downloads\"}]}]}<\/script>\n<!-- \/ Yoast SEO plugin. -->","yoast_head_json":{"title":"Downloads - elexxion AG - dental laser - dentale Diodenlaser (Weichgewebe)","description":"elexxion ag - deutscher Hersteller von Dental Lasern. Diodenlaser f\u00fcr Weichgewebe und Er:YAG-Laser f\u00fcr Hartgewebe","robots":{"index":"index","follow":"follow","max-snippet":"max-snippet:-1","max-image-preview":"max-image-preview:large","max-video-preview":"max-video-preview:-1"},"canonical":"https:\/\/www.elexxion.com\/de\/investoren\/download\/","og_locale":"de_DE","og_type":"article","og_title":"Downloads - elexxion AG - dental laser - dentale Diodenlaser (Weichgewebe)","og_description":"elexxion ag - deutscher Hersteller von Dental Lasern. Diodenlaser f\u00fcr Weichgewebe und Er:YAG-Laser f\u00fcr Hartgewebe","og_url":"https:\/\/www.elexxion.com\/de\/investoren\/download\/","og_site_name":"elexxion AG - dental laser - dentale Diodenlaser (Weichgewebe)","article_modified_time":"2022-07-25T06:37:59+00:00","twitter_card":"summary_large_image","twitter_misc":{"Gesch\u00e4tzte Lesezeit":"3 Minuten"},"schema":{"@context":"https:\/\/schema.org","@graph":[{"@type":"WebSite","@id":"https:\/\/www.elexxion.com\/de\/#website","url":"https:\/\/www.elexxion.com\/de\/","name":"elexxion AG - dental laser - dentale Diodenlaser (Weichgewebe)","description":"elexxion AG - dental laser - dentale Diodenlaser (Weichgewebe)","potentialAction":[{"@type":"SearchAction","target":{"@type":"EntryPoint","urlTemplate":"https:\/\/www.elexxion.com\/de\/?s={search_term_string}"},"query-input":"required name=search_term_string"}],"inLanguage":"de-DE"},{"@type":"WebPage","@id":"https:\/\/www.elexxion.com\/de\/investoren\/download\/#webpage","url":"https:\/\/www.elexxion.com\/de\/investoren\/download\/","name":"Downloads - elexxion AG - dental laser - dentale Diodenlaser (Weichgewebe)","isPartOf":{"@id":"https:\/\/www.elexxion.com\/de\/#website"},"datePublished":"2019-04-12T16:12:59+00:00","dateModified":"2022-07-25T06:37:59+00:00","description":"elexxion ag - deutscher Hersteller von Dental Lasern. Diodenlaser f\u00fcr Weichgewebe und Er:YAG-Laser f\u00fcr Hartgewebe","breadcrumb":{"@id":"https:\/\/www.elexxion.com\/de\/investoren\/download\/#breadcrumb"},"inLanguage":"de-DE","potentialAction":[{"@type":"ReadAction","target":["https:\/\/www.elexxion.com\/de\/investoren\/download\/"]}]},{"@type":"BreadcrumbList","@id":"https:\/\/www.elexxion.com\/de\/investoren\/download\/#breadcrumb","itemListElement":[{"@type":"ListItem","position":1,"name":"Home","item":"https:\/\/www.elexxion.com\/de\/"},{"@type":"ListItem","position":2,"name":"Investoren","item":"https:\/\/www.elexxion.com\/de\/investoren\/"},{"@type":"ListItem","position":3,"name":"Downloads"}]}]}},"_links":{"self":[{"href":"https:\/\/www.elexxion.com\/de\/wp-json\/wp\/v2\/pages\/2048"}],"collection":[{"href":"https:\/\/www.elexxion.com\/de\/wp-json\/wp\/v2\/pages"}],"about":[{"href":"https:\/\/www.elexxion.com\/de\/wp-json\/wp\/v2\/types\/page"}],"author":[{"embeddable":true,"href":"https:\/\/www.elexxion.com\/de\/wp-json\/wp\/v2\/users\/1"}],"replies":[{"embeddable":true,"href":"https:\/\/www.elexxion.com\/de\/wp-json\/wp\/v2\/comments?post=2048"}],"version-history":[{"count":27,"href":"https:\/\/www.elexxion.com\/de\/wp-json\/wp\/v2\/pages\/2048\/revisions"}],"predecessor-version":[{"id":5258,"href":"https:\/\/www.elexxion.com\/de\/wp-json\/wp\/v2\/pages\/2048\/revisions\/5258"}],"up":[{"embeddable":true,"href":"https:\/\/www.elexxion.com\/de\/wp-json\/wp\/v2\/pages\/1980"}],"wp:attachment":[{"href":"https:\/\/www.elexxion.com\/de\/wp-json\/wp\/v2\/media?parent=2048"}],"curies":[{"name":"wp","href":"https:\/\/api.w.org\/{rel}","templated":true}]}}