{"id":1984,"date":"2019-04-12T17:11:37","date_gmt":"2019-04-12T15:11:37","guid":{"rendered":"https:\/\/elexxion.dev.felix.media\/?page_id=1984"},"modified":"2022-01-12T14:15:27","modified_gmt":"2022-01-12T13:15:27","slug":"aktie","status":"publish","type":"page","link":"https:\/\/www.elexxion.com\/de\/investoren\/aktie\/","title":{"rendered":"Aktie"},"content":{"rendered":"<p>[vc_section css=&#8220;.vc_custom_1641993325646{padding-top: 80px !important;padding-bottom: 80px !important;}&#8220; el_id=&#8220;home&#8220; el_class=&#8220;produkte unternehmen&#8220;][vc_row el_class=&#8220;fm-seo-breadcrumbs&#8220;][vc_column el_class=&#8220;smaller&#8220;][vc_column_text]<span><span><a href=\"https:\/\/www.elexxion.com\/de\/\">Home<\/a><\/span>[\/vc_column_text][\/vc_column][\/vc_row][vc_row][vc_column width=&#8220;1\/3&#8243; el_class=&#8220;smaller&#8220; offset=&#8220;vc_col-lg-3 vc_col-md-3 vc_col-xs-12&#8243;][\/vc_column][vc_column width=&#8220;2\/3&#8243; offset=&#8220;vc_col-lg-9 vc_col-md-9 vc_col-xs-12&#8243;][vc_column_text]<\/p>\n<h3>Kurs &amp; Chart<\/h3>\n<h3 class=\"font-weight-400\">elexxion AG<\/h3>\n<p>[\/vc_column_text][\/vc_column][\/vc_row][vc_row][vc_column width=&#8220;1\/3&#8243; offset=&#8220;vc_col-lg-3 vc_col-md-3 vc_col-xs-12&#8243; el_class=&#8220;side-navi-wrapper&#8220;][vc_column_text]<\/p>\n<div class=\"smaller side-navi\">\n<ul>\n<li><span class=\"active\">Aktie<\/span><\/li>\n<li><a href=\"https:\/\/www.elexxion.com\/de\/investoren\/finanzkalender\/\">Finanzkalender<\/a><\/li>\n<li><a href=\"https:\/\/www.elexxion.com\/de\/investoren\/veroeffentlichungen\/\">Ver\u00f6ffentlichungen<\/a><\/li>\n<li><a href=\"https:\/\/www.elexxion.com\/de\/investoren\/download\/\">Downloads<\/a><\/li>\n<li><a href=\"https:\/\/www.elexxion.com\/de\/investoren\/ir-kontakt\/\">IR Kontakt<\/a><\/li>\n<\/ul>\n<\/div>\n<p>[\/vc_column_text][\/vc_column][vc_column width=&#8220;2\/3&#8243; offset=&#8220;vc_col-lg-9 vc_col-md-9 vc_col-xs-12&#8243; el_class=&#8220;products&#8220;][vc_row_inner css=&#8220;.vc_custom_1554976324184{padding-top: 20px !important;padding-right: 20px !important;padding-bottom: 20px !important;padding-left: 20px !important;}&#8220;][vc_column_inner el_class=&#8220;product-container&#8220;][vc_column_text]Den aktuellen Aktienkurs der elexxion AG finden Sie auf <a href=\"http:\/\/www.onvista.de\/aktien\/ELEXXION-AG-Aktie-DE000A0KFKH0\" target=\"_blank\" rel=\"noopener noreferrer\">OnVista.de<\/a>[\/vc_column_text][vc_column_text]<\/p>\n<table rules=\"all\">\n<tbody>\n<tr>\n<td align=\"left\" valign=\"top\">Gesamtzahl der Aktien<\/td>\n<td align=\"left\" valign=\"top\">9.896.123<\/td>\n<\/tr>\n<tr>\n<td align=\"left\" valign=\"top\">H\u00f6he Grundkapital<\/td>\n<td align=\"left\" valign=\"top\">9.896.123 EUR<\/td>\n<\/tr>\n<tr>\n<td align=\"left\" valign=\"top\">Angaben zur Aktion\u00e4rsstruktur<\/td>\n<td align=\"left\" valign=\"top\">Tian Ying Medical Instrument Co., Ltd 86 %<br \/>\nFreefloat 14 %<\/td>\n<\/tr>\n<tr>\n<td align=\"left\" valign=\"top\">ISIN<\/td>\n<td align=\"left\" valign=\"top\">DE000A0KFKH0<\/td>\n<\/tr>\n<tr>\n<td align=\"left\" valign=\"top\">WKN<\/td>\n<td align=\"left\" valign=\"top\">A0KFKH<\/td>\n<\/tr>\n<tr>\n<td align=\"left\" valign=\"top\">Gr\u00fcndungsdatum<\/td>\n<td align=\"left\" valign=\"top\">2002<\/td>\n<\/tr>\n<tr>\n<td align=\"left\" valign=\"top\">Designated Sponsor<\/td>\n<td align=\"left\" valign=\"top\">Steubing AG<\/td>\n<\/tr>\n<tr>\n<td align=\"left\" valign=\"top\">Acc. Standard<\/td>\n<td align=\"left\" valign=\"top\">HGB<\/td>\n<\/tr>\n<tr>\n<td align=\"left\" valign=\"top\">Ende des Gesch\u00e4ftsjahres<\/td>\n<td align=\"left\" valign=\"top\">31. Dezember<\/td>\n<\/tr>\n<tr>\n<td align=\"left\" valign=\"top\">Vorstand<\/td>\n<td align=\"left\" valign=\"top\">Xianlin Song<\/td>\n<\/tr>\n<tr>\n<td align=\"left\" valign=\"top\">Name der Mitglieder des Aufsichtsrats<\/td>\n<td align=\"left\" valign=\"top\">Rafael Mu\u00f1oz Navarro (Vorsitzender)<br \/>\nDr. Oswald Gasser<br \/>\nG\u00fcnter Paczkowski<\/td>\n<\/tr>\n<tr>\n<td align=\"left\" valign=\"top\">Kurze Beschreibung des operativen Gesch\u00e4fts<\/td>\n<td align=\"left\" valign=\"top\">Die elexxion AG (elexxion) ist ein innovatives deutsches Medizintechnikunternehmen, das sich auf L\u00f6sungen und Produkte im Bereich Dental-Laser-Systeme spezialisiert hat. Seit \u00fcber 10 Jahren sind die Bed\u00fcrfnisse von Zahn\u00e4rzten und Dentalkliniken die Grundlage und der zentrale Bestandteil f\u00fcr Produktentwicklungen und -innovationen. Aufbauend auf einer ausgereiften Produktfamilie von technologisch \u00fcberlegenen Hochleistungs-Dioden-Lasern und Erbium: YAG-Lasern, zur Behandlung von Hart- und Weichgewebe im Mundraum, erweitert elexxion sein Produktangebot stetig. Mit einer Pulsierung von bis zu 20.000 Hz und bis zu 50 Watt Leistung bietet elexxion als f\u00fchrendes Technologieunternehmen Dental-Laser mit unmittelbaren Vorteilen in der Dentalbehandlung an. elexxion stellt seinen Kunden Produkte und Materialien zur Verf\u00fcgung, die einen echten Mehrwert liefern und neue M\u00f6glichkeiten der schmerzarmen und wirkungsvollen Zahnbehandlung von Patienten er\u00f6ffnen. Das Unternehmen ist heute bereits in Europa, Asien und USA pr\u00e4sent.<\/p>\n<p>elexxion ist in den Gesch\u00e4ftsbereichen Dental-Laser sowie Verbrauchsmaterialien t\u00e4tig. Der Bereich Dental-Laser konzentriert sich auf die Weiterentwicklung von Lasern, die sich durch ihre f\u00fchrende Technologie und ein hervorragendes Preis-Leistungs-Verh\u00e4ltnis auszeichnen. Der Bereich Verbrauchsmaterial beinhaltet den Vertrieb von Fasern, Ersatzteilen und <em>perio green\u00ae<\/em> f\u00fcr die Anwendung in der Parodontitistherapie. Erg\u00e4nzend wird auch eine Anwenderschulung in Form eines EDV-basierten eLearning-Tools angeboten.<\/p>\n<p>Die Produkte von elexxion sind technologisch f\u00fchrend, durch zahlreiche Patentanmeldungen abgesichert und zeichnen sich durch eine sehr benutzerfreundliche Bedienbarkeit aus.<\/td>\n<\/tr>\n<tr>\n<td align=\"left\" valign=\"top\">Nennung der Produkte<\/td>\n<td align=\"left\" valign=\"top\">pico, nano und claros<\/p>\n<p>Neben den Ger\u00e4ten bietet elexxion Verbrauchsmaterialien an wie Fasern<\/p>\n<p>und den photothermischen Wirkstoff perio green.<\/td>\n<\/tr>\n<\/tbody>\n<\/table>\n<p>[\/vc_column_text][\/vc_column_inner][\/vc_row_inner][\/vc_column][\/vc_row][\/vc_section]<\/p>\n","protected":false},"excerpt":{"rendered":"<p>[vc_section css=&#8220;.vc_custom_1641993325646{padding-top: 80px !important;padding-bottom: 80px !important;}&#8220; el_id=&#8220;home&#8220; el_class=&#8220;produkte unternehmen&#8220;][vc_row el_class=&#8220;fm-seo-breadcrumbs&#8220;][vc_column el_class=&#8220;smaller&#8220;][vc_column_text][\/vc_column_text][\/vc_column][\/vc_row][vc_row][vc_column width=&#8220;1\/3&#8243; el_class=&#8220;smaller&#8220; offset=&#8220;vc_col-lg-3 vc_col-md-3 vc_col-xs-12&#8243;][\/vc_column][vc_column width=&#8220;2\/3&#8243; offset=&#8220;vc_col-lg-9 vc_col-md-9 vc_col-xs-12&#8243;][vc_column_text]&#8230;<\/p>\n","protected":false},"author":1,"featured_media":0,"parent":1980,"menu_order":0,"comment_status":"closed","ping_status":"open","template":"","meta":[],"yoast_head":"<!-- This site is optimized with the Yoast SEO plugin v17.9 - https:\/\/yoast.com\/wordpress\/plugins\/seo\/ -->\n<title>Aktie - elexxion AG - dental laser - dentale Diodenlaser (Weichgewebe)<\/title>\n<meta name=\"description\" content=\"elexxion ag - deutscher Hersteller von Dental Lasern. Diodenlaser f\u00fcr Weichgewebe und Er:YAG-Laser f\u00fcr Hartgewebe\" \/>\n<meta name=\"robots\" content=\"index, follow, max-snippet:-1, max-image-preview:large, max-video-preview:-1\" \/>\n<link rel=\"canonical\" href=\"https:\/\/www.elexxion.com\/de\/investoren\/aktie\/\" \/>\n<meta property=\"og:locale\" content=\"de_DE\" \/>\n<meta property=\"og:type\" content=\"article\" \/>\n<meta property=\"og:title\" content=\"Aktie - elexxion AG - dental laser - dentale Diodenlaser (Weichgewebe)\" \/>\n<meta property=\"og:description\" content=\"elexxion ag - deutscher Hersteller von Dental Lasern. Diodenlaser f\u00fcr Weichgewebe und Er:YAG-Laser f\u00fcr Hartgewebe\" \/>\n<meta property=\"og:url\" content=\"https:\/\/www.elexxion.com\/de\/investoren\/aktie\/\" \/>\n<meta property=\"og:site_name\" content=\"elexxion AG - dental laser - dentale Diodenlaser (Weichgewebe)\" \/>\n<meta property=\"article:modified_time\" content=\"2022-01-12T13:15:27+00:00\" \/>\n<meta name=\"twitter:card\" content=\"summary_large_image\" \/>\n<meta name=\"twitter:label1\" content=\"Gesch\u00e4tzte Lesezeit\" \/>\n\t<meta name=\"twitter:data1\" content=\"2 Minuten\" \/>\n<script type=\"application\/ld+json\" class=\"yoast-schema-graph\">{\"@context\":\"https:\/\/schema.org\",\"@graph\":[{\"@type\":\"WebSite\",\"@id\":\"https:\/\/www.elexxion.com\/de\/#website\",\"url\":\"https:\/\/www.elexxion.com\/de\/\",\"name\":\"elexxion AG - dental laser - dentale Diodenlaser (Weichgewebe)\",\"description\":\"elexxion AG - dental laser - dentale Diodenlaser (Weichgewebe)\",\"potentialAction\":[{\"@type\":\"SearchAction\",\"target\":{\"@type\":\"EntryPoint\",\"urlTemplate\":\"https:\/\/www.elexxion.com\/de\/?s={search_term_string}\"},\"query-input\":\"required name=search_term_string\"}],\"inLanguage\":\"de-DE\"},{\"@type\":\"WebPage\",\"@id\":\"https:\/\/www.elexxion.com\/de\/investoren\/aktie\/#webpage\",\"url\":\"https:\/\/www.elexxion.com\/de\/investoren\/aktie\/\",\"name\":\"Aktie - elexxion AG - dental laser - dentale Diodenlaser (Weichgewebe)\",\"isPartOf\":{\"@id\":\"https:\/\/www.elexxion.com\/de\/#website\"},\"datePublished\":\"2019-04-12T15:11:37+00:00\",\"dateModified\":\"2022-01-12T13:15:27+00:00\",\"description\":\"elexxion ag - deutscher Hersteller von Dental Lasern. Diodenlaser f\\u00fcr Weichgewebe und Er:YAG-Laser f\\u00fcr Hartgewebe\",\"breadcrumb\":{\"@id\":\"https:\/\/www.elexxion.com\/de\/investoren\/aktie\/#breadcrumb\"},\"inLanguage\":\"de-DE\",\"potentialAction\":[{\"@type\":\"ReadAction\",\"target\":[\"https:\/\/www.elexxion.com\/de\/investoren\/aktie\/\"]}]},{\"@type\":\"BreadcrumbList\",\"@id\":\"https:\/\/www.elexxion.com\/de\/investoren\/aktie\/#breadcrumb\",\"itemListElement\":[{\"@type\":\"ListItem\",\"position\":1,\"name\":\"Home\",\"item\":\"https:\/\/www.elexxion.com\/de\/\"},{\"@type\":\"ListItem\",\"position\":2,\"name\":\"Investoren\",\"item\":\"https:\/\/www.elexxion.com\/de\/investoren\/\"},{\"@type\":\"ListItem\",\"position\":3,\"name\":\"Aktie\"}]}]}<\/script>\n<!-- \/ Yoast SEO plugin. -->","yoast_head_json":{"title":"Aktie - elexxion AG - dental laser - dentale Diodenlaser (Weichgewebe)","description":"elexxion ag - deutscher Hersteller von Dental Lasern. Diodenlaser f\u00fcr Weichgewebe und Er:YAG-Laser f\u00fcr Hartgewebe","robots":{"index":"index","follow":"follow","max-snippet":"max-snippet:-1","max-image-preview":"max-image-preview:large","max-video-preview":"max-video-preview:-1"},"canonical":"https:\/\/www.elexxion.com\/de\/investoren\/aktie\/","og_locale":"de_DE","og_type":"article","og_title":"Aktie - elexxion AG - dental laser - dentale Diodenlaser (Weichgewebe)","og_description":"elexxion ag - deutscher Hersteller von Dental Lasern. Diodenlaser f\u00fcr Weichgewebe und Er:YAG-Laser f\u00fcr Hartgewebe","og_url":"https:\/\/www.elexxion.com\/de\/investoren\/aktie\/","og_site_name":"elexxion AG - dental laser - dentale Diodenlaser (Weichgewebe)","article_modified_time":"2022-01-12T13:15:27+00:00","twitter_card":"summary_large_image","twitter_misc":{"Gesch\u00e4tzte Lesezeit":"2 Minuten"},"schema":{"@context":"https:\/\/schema.org","@graph":[{"@type":"WebSite","@id":"https:\/\/www.elexxion.com\/de\/#website","url":"https:\/\/www.elexxion.com\/de\/","name":"elexxion AG - dental laser - dentale Diodenlaser (Weichgewebe)","description":"elexxion AG - dental laser - dentale Diodenlaser (Weichgewebe)","potentialAction":[{"@type":"SearchAction","target":{"@type":"EntryPoint","urlTemplate":"https:\/\/www.elexxion.com\/de\/?s={search_term_string}"},"query-input":"required name=search_term_string"}],"inLanguage":"de-DE"},{"@type":"WebPage","@id":"https:\/\/www.elexxion.com\/de\/investoren\/aktie\/#webpage","url":"https:\/\/www.elexxion.com\/de\/investoren\/aktie\/","name":"Aktie - elexxion AG - dental laser - dentale Diodenlaser (Weichgewebe)","isPartOf":{"@id":"https:\/\/www.elexxion.com\/de\/#website"},"datePublished":"2019-04-12T15:11:37+00:00","dateModified":"2022-01-12T13:15:27+00:00","description":"elexxion ag - deutscher Hersteller von Dental Lasern. Diodenlaser f\u00fcr Weichgewebe und Er:YAG-Laser f\u00fcr Hartgewebe","breadcrumb":{"@id":"https:\/\/www.elexxion.com\/de\/investoren\/aktie\/#breadcrumb"},"inLanguage":"de-DE","potentialAction":[{"@type":"ReadAction","target":["https:\/\/www.elexxion.com\/de\/investoren\/aktie\/"]}]},{"@type":"BreadcrumbList","@id":"https:\/\/www.elexxion.com\/de\/investoren\/aktie\/#breadcrumb","itemListElement":[{"@type":"ListItem","position":1,"name":"Home","item":"https:\/\/www.elexxion.com\/de\/"},{"@type":"ListItem","position":2,"name":"Investoren","item":"https:\/\/www.elexxion.com\/de\/investoren\/"},{"@type":"ListItem","position":3,"name":"Aktie"}]}]}},"_links":{"self":[{"href":"https:\/\/www.elexxion.com\/de\/wp-json\/wp\/v2\/pages\/1984"}],"collection":[{"href":"https:\/\/www.elexxion.com\/de\/wp-json\/wp\/v2\/pages"}],"about":[{"href":"https:\/\/www.elexxion.com\/de\/wp-json\/wp\/v2\/types\/page"}],"author":[{"embeddable":true,"href":"https:\/\/www.elexxion.com\/de\/wp-json\/wp\/v2\/users\/1"}],"replies":[{"embeddable":true,"href":"https:\/\/www.elexxion.com\/de\/wp-json\/wp\/v2\/comments?post=1984"}],"version-history":[{"count":17,"href":"https:\/\/www.elexxion.com\/de\/wp-json\/wp\/v2\/pages\/1984\/revisions"}],"predecessor-version":[{"id":5053,"href":"https:\/\/www.elexxion.com\/de\/wp-json\/wp\/v2\/pages\/1984\/revisions\/5053"}],"up":[{"embeddable":true,"href":"https:\/\/www.elexxion.com\/de\/wp-json\/wp\/v2\/pages\/1980"}],"wp:attachment":[{"href":"https:\/\/www.elexxion.com\/de\/wp-json\/wp\/v2\/media?parent=1984"}],"curies":[{"name":"wp","href":"https:\/\/api.w.org\/{rel}","templated":true}]}}