{"id":1555,"date":"2019-04-11T13:45:37","date_gmt":"2019-04-11T11:45:37","guid":{"rendered":"https:\/\/elexxion.dev.felix.media\/?page_id=1555"},"modified":"2022-01-12T14:13:45","modified_gmt":"2022-01-12T13:13:45","slug":"referenten","status":"publish","type":"page","link":"https:\/\/www.elexxion.com\/de\/events\/referenten\/","title":{"rendered":"Referenten"},"content":{"rendered":"<p>[vc_section css=&#8220;.vc_custom_1641993216972{padding-top: 80px !important;padding-bottom: 80px !important;}&#8220; el_id=&#8220;home&#8220; el_class=&#8220;produkte team fortbildung&#8220;][vc_row el_class=&#8220;fm-seo-breadcrumbs&#8220;][vc_column el_class=&#8220;smaller&#8220;][vc_column_text]<span><span><a href=\"https:\/\/www.elexxion.com\/de\/\">Home<\/a><\/span>[\/vc_column_text][\/vc_column][\/vc_row][vc_row][vc_column width=&#8220;1\/3&#8243; el_class=&#8220;smaller&#8220; offset=&#8220;vc_col-lg-3 vc_col-md-3 vc_col-xs-12&#8243;][\/vc_column][vc_column width=&#8220;2\/3&#8243; offset=&#8220;vc_col-lg-9 vc_col-md-9 vc_col-xs-12&#8243;][vc_column_text]<\/p>\n<h3>elexxion referenten<\/h3>\n<h3 class=\"font-weight-400\">Geballte Erfahrung und Wissen, unsere Referenten vermitteln sie.<\/h3>\n<p>[\/vc_column_text][\/vc_column][\/vc_row][vc_row][vc_column][vc_column_text]<br \/>\n[\/vc_column_text][\/vc_column][\/vc_row][vc_row][vc_column width=&#8220;1\/3&#8243; offset=&#8220;vc_col-lg-3 vc_col-md-3 vc_col-xs-12&#8243; el_class=&#8220;side-navi-wrapper&#8220;][vc_column_text]<\/p>\n<div class=\"smaller side-navi\">\n<ul>\n<li><a href=\"https:\/\/www.elexxion.com\/de\/events\/\">Events<\/a>\n<ul>\n<li><a href=\"https:\/\/www.elexxion.com\/de\/events\/messen\/\">Messen<\/a><\/li>\n<li><span class=\"active\">Referenten<\/span><\/li>\n<\/ul>\n<\/li>\n<\/ul>\n<\/div>\n<p>[\/vc_column_text][\/vc_column][vc_column width=&#8220;2\/3&#8243; offset=&#8220;vc_col-lg-9 vc_col-md-9 vc_col-xs-12&#8243; el_class=&#8220;products&#8220;][vc_row_inner css=&#8220;.vc_custom_1555075672676{padding-top: 20px !important;padding-right: 20px !important;padding-bottom: 0px !important;padding-left: 20px !important;}&#8220;][vc_column_inner el_class=&#8220;product-container&#8220; width=&#8220;1\/3&#8243;][vc_single_image image=&#8220;1729&#8243; img_size=&#8220;medium&#8220;][\/vc_column_inner][vc_column_inner width=&#8220;2\/3&#8243;][vc_column_text]<\/p>\n<div class=\"bigger font-weight-600\">Dr. Kenneth Luk<\/div>\n<p>[\/vc_column_text][vc_column_text]Dr. Kenneth Luk obtained his BDS at the University of Liverpool. He was awarded the Diploma in General Dental Practice from the Royal College of Surgeons (England) and Membership in General Dentistry by the Hong Kong College of Dental Surgeons.<\/p>\n<p>[\/vc_column_text][vc_toggle title=&#8220;Read more&#8220;]<strong>Curriculum vitae<\/strong><br \/>\nDr. Luk spent the early years in the NHS and private sectors as well as serving part-time in conservative dentistry in the University of Liverpool before returning to Hong Kong. He is now in private practice and is also part-time Clinical Lecturer at the Prince Philip Dental Hospital, University of Hong Kong.<\/p>\n<p>Dr. Luk has incorporated lasers in Dentistry since 2002. He has since developed novel techniques in depigmentation and coagulation\/tissue regeneration with Elexxion DPL technology. He is instrumental in the design and development of the Elexxion Ergoflex plus Diode Handpiece.<\/p>\n<p>Dr. Luk served as the secretary general as well as chairman of the Basic Laser Certification Course at the WFLD Congress 2008 Hong Kong. He is the secretary of the Asia Pacific Division of WFLD. Dr Luk is also a Fellow of ICOI, member of HK Surgical Laser Association, Academy of Laser Dentistry.<\/p>\n<p>Dr. Luk is active in publications and education in laser dentistry. He is part of the lecturing team of WFLD AP Division and AALZ(HK).[\/vc_toggle][\/vc_column_inner][\/vc_row_inner][\/vc_column][\/vc_row][vc_row][vc_column width=&#8220;1\/3&#8243; offset=&#8220;vc_col-lg-3 vc_col-md-3 vc_col-xs-12&#8243;][\/vc_column][vc_column width=&#8220;2\/3&#8243; offset=&#8220;vc_col-lg-9 vc_col-md-9 vc_col-xs-12&#8243; el_class=&#8220;products&#8220;][vc_row_inner css=&#8220;.vc_custom_1555075666928{padding-top: 20px !important;padding-right: 20px !important;padding-bottom: 0px !important;padding-left: 20px !important;}&#8220;][vc_column_inner el_class=&#8220;product-container&#8220; width=&#8220;1\/3&#8243;][vc_single_image image=&#8220;1666&#8243; img_size=&#8220;medium&#8220;][\/vc_column_inner][vc_column_inner width=&#8220;2\/3&#8243;][vc_column_text]<\/p>\n<div class=\"bigger font-weight-600\">Rudolf Binder<\/div>\n<p>[\/vc_column_text][vc_column_text]Seit 1984 Praxis in \/ Since 1984 Practice in<br \/>\nAdlerplatz 12<br \/>\n88605 Me\u00dfkirch<\/p>\n<p>Tel. 07575-92450<br \/>\nFax 07575-924518<\/p>\n<p>E-Mail: <a href=\"mailto:info@zahnarzt-messkirch.de\">info@zahnarzt-messkirch.de<\/a><br \/>\nWeb: <a href=\"http:\/\/www.zahnarzt-messkirch.de\/\" target=\"_blank\" rel=\"noopener noreferrer\">www.zahnarzt-messkirch.de<\/a>[\/vc_column_text][vc_toggle title=&#8220;Weitere Infos&#8220;]<strong>Werdegang<\/strong><br \/>\nSeit 1991: Gemeinschaftspraxis mit Manfred Kr\u00e4mer T\u00e4tigkeitsschwerpunkt ImplantologieSeit 1985: implantologisch t\u00e4tig<\/p>\n<p>Seit 2004: Laserbehandlungen Elexxion Claros<\/p>\n<p>Since 1991: Group practice with Manfred Kr\u00e4emer Field of expertise Implant Dentistry<\/p>\n<p>Since 1985: Implant Dentstry<\/p>\n<p>Since 2004: Laser Surgery Elexxion Claros[\/vc_toggle][\/vc_column_inner][\/vc_row_inner][\/vc_column][\/vc_row][vc_row][vc_column width=&#8220;1\/3&#8243; offset=&#8220;vc_col-lg-3 vc_col-md-3 vc_col-xs-12&#8243;][\/vc_column][vc_column width=&#8220;2\/3&#8243; offset=&#8220;vc_col-lg-9 vc_col-md-9 vc_col-xs-12&#8243; el_class=&#8220;products&#8220;][vc_row_inner css=&#8220;.vc_custom_1555075672676{padding-top: 20px !important;padding-right: 20px !important;padding-bottom: 0px !important;padding-left: 20px !important;}&#8220;][vc_column_inner el_class=&#8220;product-container&#8220; width=&#8220;1\/3&#8243;][vc_single_image image=&#8220;1660&#8243; img_size=&#8220;medium&#8220;][\/vc_column_inner][vc_column_inner width=&#8220;2\/3&#8243;][vc_column_text]<\/p>\n<div class=\"bigger font-weight-600\">Dr. Frank W. F\u00f6rster<\/div>\n<p>[\/vc_column_text][vc_column_text]Diedenhofer Str. 12<br \/>\n10405 Berlin<\/p>\n<p>Telefon: 030.4425618<br \/>\nTelefax: 030.40301059<\/p>\n<p>E-Mail: <a href=\"mailto:info@zaek-berlin.de\">info@zaek-berlin.de <\/a><br \/>\nWeb: <a href=\"http:\/\/www.zahnarzt-dr-foerster-berlin.de\/\" target=\"_blank\" rel=\"noopener noreferrer\">www.zahnarzt-dr-foerster-berlin.de<\/a>[\/vc_column_text][vc_toggle title=&#8220;Weitere Infos&#8220;]<strong>Werdegang<\/strong><br \/>\nStudium der Zahnmedizin von 1979-1984 an der Medizinischen Fakult\u00e4t ( Charite ) der Humboldt-Universit\u00e4t zu Berlin<\/p>\n<p>Von 1984-1986 Assistent am Anatomischen Institut der Charite<\/p>\n<p>Von 1986-1992 Assistent am Zentrum f\u00fcr Zahnmedizin der Charite<\/p>\n<p>Seit 1992 Mitglied im Implantologischen Zentrum Berlin e.V.<\/p>\n<p>1986 Promotion zum Dr.med.<\/p>\n<p>1992 Niederlassung in eigener Praxis in Berlin Prenzlauer-Berg<\/p>\n<p>2007 Abschlu\u00df des Diploms an der Esola Laser Acadamy oft the University of Vienna mit dem T\u00e4tigkeitsschwerpunkt Laserzahnmedizin<\/p>\n<p><strong>Mitglied der DGL<\/strong>[\/vc_toggle][\/vc_column_inner][\/vc_row_inner][\/vc_column][\/vc_row][vc_row][vc_column width=&#8220;1\/3&#8243; offset=&#8220;vc_col-lg-3 vc_col-md-3 vc_col-xs-12&#8243;][\/vc_column][vc_column width=&#8220;2\/3&#8243; offset=&#8220;vc_col-lg-9 vc_col-md-9 vc_col-xs-12&#8243; el_class=&#8220;products&#8220;][vc_row_inner css=&#8220;.vc_custom_1555075678841{padding-top: 20px !important;padding-right: 20px !important;padding-bottom: 0px !important;padding-left: 20px !important;}&#8220;][vc_column_inner el_class=&#8220;product-container&#8220; width=&#8220;1\/3&#8243;][vc_single_image image=&#8220;1664&#8243; img_size=&#8220;medium&#8220;][\/vc_column_inner][vc_column_inner width=&#8220;2\/3&#8243;][vc_column_text]<\/p>\n<div class=\"bigger font-weight-600\">Prof. Dr. Martin J\u00f6rgens<\/div>\n<p>[\/vc_column_text][vc_column_text]<strong>DENTALSPECIALISTS<\/strong><br \/>\nProf. Dr. Martin J\u00f6rgens<br \/>\nKaiserswerther Markt 25<br \/>\nD-40489 D\u00fcsseldorf<\/p>\n<p>Telefon 0211.4790079<br \/>\nTelefax 0211.4790009<\/p>\n<p>E-Mail: <a href=\"mailto:info@dentalspecialists.de\">info@dentalspecialists.de<\/a>[\/vc_column_text][vc_toggle title=&#8220;Weitere Infos&#8220;]<strong>Werdegang<\/strong><br \/>\n1989 \u2013 Abschluss des Zahnmedizinstudiums an der WWU M\u00fcnster<\/p>\n<p>1990 \u2013 Promotion zum Dr. med. dent. an der WWU M\u00fcnster<\/p>\n<p>1992 \u2013 Er\u00f6ffnung der Zahnarztpraxis in D\u00fcsseldorf-Kaiserswerth<\/p>\n<p>1995 \u2013 Referentent\u00e4tigkeiten in den Bereichen Lasermedizin, Bleaching, Esthetic Dentistry, Patientenkommunikation, Marketing, Abrechnung, Implantologie mit eigenen Schulungsr\u00e4umen<\/p>\n<p>1997 \u2013 Begleitarztt\u00e4tigkeit f\u00fcr alle internationalen Land Rover Events<\/p>\n<p>1999 \u2013 Gastdozent f\u00fcr Aesthetic Laser Medicine der Universit\u00e4t Greifswald<\/p>\n<p>1999 \u2013 Ausbildungspartner der Universit\u00e4t Greifswald f\u00fcr den postgraduierten Studiengang Aesthetic Laser Medicine mit zahlreichen Laserkursen in der Praxis<\/p>\n<p>2002 \u2013 Zahnmedizinische Konsiliart\u00e4tigkeit f\u00fcr den WDR<\/p>\n<p>2003 \u2013 Marketingpreis IBE 2003 f\u00fcr \u201eModerne Patientenkommunikation und hochspezialisierte Behandlungsmethoden in der Praxis\u201c.<\/p>\n<p>2007 \u2013 Pr\u00e4sident der DGKZ &#8211; Deutsche Gesellschaft f\u00fcr Kosmetische Zahnmedizin<\/p>\n<p>2007 \u2013 Prof. f\u00fcr Lasermedizin der Universit\u00e4t Sevilla<\/p>\n<p>2008 \u2013 Certified Member and Specialists in Cosmetic Dentistry ESCD<\/p>\n<p>2008 \u2013 1. Laser Diploma f\u00fcr Laser in der<br \/>\nOralchirurgie &#8211; Universit\u00e4t Sevilla<\/p>\n<p>2009 \u2013 Zahnmedizinischer Beirat der IG\u00c4M &#8211; Internationale Gesellschaft f\u00fcr \u00c4sthetische Medizin<\/p>\n<p>2009 \u2013 Fellow of the IADFE &#8211; International Academy for Dental Facial Esthetics<\/p>\n<p>2009 \u2013 2. Laser Diploma f\u00fcr Laser in der Oralchirurgie &#8211; Universit\u00e4t Sevilla Studie zur Fibromentfernung mittels Laser auf 532 NM &#8211; Universit\u00e4t Sevilla<\/p>\n<p>2010 \u2013 Pr\u00e4sident der DGKZ &#8211; Deutsche Gesellschaft f\u00fcr Kosmetische Zahnmedizin<\/p>\n<p>2010 \u2013 3. Laser Diploma f\u00fcr Laser in der Oralchirurgie &#8211; Universit\u00e4t Sevilla<\/p>\n<p>2010 \u2013 Dozent der Steinbeis Universit\u00e4t im Studiengang Master of Science in Esthetic Dentistry<\/p>\n<p>2011 \u2013 4. Laser Diploma f\u00fcr Laser in der Oralchirurgie &#8211; Universit\u00e4t Sevilla Masterkurs f\u00fcr Veneertechniken der NYU &#8211; New York University Fachausbildung zum DROS-Therapeuten f\u00fcr CMD-Erkrankungen und Funktionstherapie<\/p>\n<p>2012 \u2013 Mitglied des BEGO Dental Teams zur Betreuung der deutschen Olympioniken London 2012<\/p>\n<p>2013 \u2013 Pr\u00e4sident der DGKZ &#8211; Deutsche Gesellschaft f\u00fcr Kosmetische Zahnmedizin<\/p>\n<p>Moderation und Fachvortr\u00e4ge Weltweit. In vielen Zeitschriften ver\u00f6ffentlichte Artikel, wie Elle, Prinz, Stern, Bild der Frau, Cosmetic Dentistry und vielen Fachzeitschriften f\u00fcr Zahn\u00e4rzte.[\/vc_toggle][\/vc_column_inner][\/vc_row_inner][\/vc_column][\/vc_row][vc_row][vc_column width=&#8220;1\/3&#8243; offset=&#8220;vc_col-lg-3 vc_col-md-3 vc_col-xs-12&#8243;][\/vc_column][vc_column width=&#8220;2\/3&#8243; offset=&#8220;vc_col-lg-9 vc_col-md-9 vc_col-xs-12&#8243; el_class=&#8220;products&#8220;][vc_row_inner css=&#8220;.vc_custom_1555075678841{padding-top: 20px !important;padding-right: 20px !important;padding-bottom: 0px !important;padding-left: 20px !important;}&#8220;][vc_column_inner el_class=&#8220;product-container&#8220; width=&#8220;1\/3&#8243;][vc_single_image image=&#8220;1662&#8243; img_size=&#8220;medium&#8220;][\/vc_column_inner][vc_column_inner width=&#8220;2\/3&#8243;][vc_column_text]<\/p>\n<div class=\"bigger font-weight-600\">Priv.-Doz. Dr. J\u00f6rg Meister<\/div>\n<p>[\/vc_column_text][vc_column_text]Department of Periodontology, Conservative and Preventive Dentistry \/ Bonn University Dental Faculty<br \/>\nWelschnonnenstrasse 17<br \/>\n53111 Bonn, Germany<\/p>\n<p>Tel: +49 (0)228 287 22268<br \/>\nFax:\u00a0\u00a0 +49 (0)228 287 22694<\/p>\n<p>Email: <a href=\"mailto:jmeister@uni-bonn.de\">jmeister@uni-bonn.de<\/a>[\/vc_column_text][vc_toggle title=&#8220;Weitere Infos&#8220;]<strong>Werdegang<\/strong><br \/>\n1979-1982: abgeschlossene Berufsausbildung als Maschinenschlosser bei der Fa. Carl Schenck AG in Darmstadt (Gesellenbrief)<br \/>\n1985-1986: Grundwehrdienst: Ausbildung und Einsatz als Luftfahrzeugmechaniker<br \/>\n1986-1994: Studium der Physik an der Technischen Hochschule Darmstadt mit dem Abschluss als Diplom-Physiker<br \/>\n1994-2000: Wissenschaftlicher Mitarbeiter am Institut f\u00fcr Lasermedizin an der Heinrich-Heine-Universit\u00e4t in D\u00fcsseldorf 1998 Promotion als Dr. rer. nat.<br \/>\n2000-2009: Wissenschaftlicher Mitarbeiter an der Klinik f\u00fcr Zahnerhaltung, Parodontologie und Pr\u00e4ventive Zahnheilkunde am Universit\u00e4tsklinikum der RWTH Aachen<br \/>\nseit 2010: Wissenschaftlicher Mitarbeiter an der Poliklinik f\u00fcr Parodontologie, Zahnerhaltung und Pr\u00e4ventive Zahnheilkunde des Universit\u00e4tsklinikums Bonn[\/vc_toggle][\/vc_column_inner][\/vc_row_inner][\/vc_column][\/vc_row][vc_row][vc_column width=&#8220;1\/3&#8243; offset=&#8220;vc_col-lg-3 vc_col-md-3 vc_col-xs-12&#8243;][\/vc_column][vc_column width=&#8220;2\/3&#8243; offset=&#8220;vc_col-lg-9 vc_col-md-9 vc_col-xs-12&#8243; el_class=&#8220;products&#8220;][vc_row_inner css=&#8220;.vc_custom_1555075678841{padding-top: 20px !important;padding-right: 20px !important;padding-bottom: 0px !important;padding-left: 20px !important;}&#8220;][vc_column_inner el_class=&#8220;product-container&#8220; width=&#8220;1\/3&#8243;][vc_single_image image=&#8220;1658&#8243; img_size=&#8220;medium&#8220;][\/vc_column_inner][vc_column_inner width=&#8220;2\/3&#8243;][vc_column_text]<\/p>\n<div class=\"bigger font-weight-600\">Dr. Darius Moghtader<\/div>\n<p>[\/vc_column_text][vc_column_text]<strong>Dr. med. dent. Darius Moghtader<\/strong><br \/>\nIn den Weing\u00e4rten 47<br \/>\n55276 Oppenheim<\/p>\n<p>Telefon 06133.2371<br \/>\nTelefax 06133.925479<\/p>\n<p>E-Mail: <a href=\"mailto:dr-moghtader@hotmail.de\">dr-moghtader@hotmail.de<\/a><br \/>\n<a href=\"http:\/\/www.oppenheim-zahnarzt.de\" target=\"_blank\" rel=\"noopener noreferrer\">www.oppenheim-zahnarzt.de<\/a>[\/vc_column_text][vc_toggle title=&#8220;Weitere Infos&#8220;]<strong>Werdegang<\/strong><br \/>\nStaatsexamen 1991 an der Medizinischen Fakult\u00e4t der Johann-Wolfgang-Goethe-Universit\u00e4t in Frankfurt am Main.\u009f Promotion zum Dr. med. dent. 1993 an der Medizinischen Fakult\u00e4t der Johann-Wolfgang-Goethe-Universit\u00e4t in Frankfurt am Main.<\/p>\n<p>\u009f Nach 2- j\u00e4hriger Assistentenzeit Niederlassung 1993 in Oppenheim, zun\u00e4chst in Gemeinschaftspraxis, dann in eigener Praxis f\u00fcr Zahnerhaltung mit den Schwerpunkten Prophylaxe, Lasertherapie und Implantologie.<\/p>\n<p>\u009f Mitglied der deutschen Gesellschaft f\u00fcr Laserzahnheilkunde seit 2004 und Laseranwender seit 6 Jahren mit 3 verschiedenen Wellenl\u00e4ngen und Lasersystemen.<\/p>\n<p>\u009f J\u00e4hrliche Informationsveranstaltungen f\u00fcr Eltern in den Oppenheimer Kinderg\u00e4rten<\/p>\n<p>\u009f Zahlreiche Fortbildungsveranstaltungen zum Thema Laser und Photodynamische Therapie<\/p>\n<p>\u009f Ver\u00f6ffentlichung zum Thema Laserzahnheilkunde im national und international in USA, Frankreich, Russland und China.<\/p>\n<p>\u009f Entwickler und Referent zur hochgepulsten laserassistierten Parodontitis Therapie (HLP), der hochgepulsten high level Herpes Labialis Therapie (HLH) und der hochgepulsten high level H\u00e4mangiom Therapie(HHH).<\/p>\n<p><strong>Nationale Publikationen:<\/strong><\/p>\n<p>\u009f Herpes labialis einfach, schnell und nachhaltig therapieren (Dental Barometer 05\/2011)<\/p>\n<p>\u009f Kolumbus oder Parodontitistherapie mit 3000 % mehr Leistung (Dental Barometer 03\/2011)<\/p>\n<p>\u009f Licht und Leistung \u2013 Die Parodontitistherapie mit Laser (Laser Journal 1\/2011)<\/p>\n<p>\u009f Den \u201eKnutschfleck\u201c auf der Lippe einfach weglasern? (Dental Barometer 03\/2010)<\/p>\n<p>\u009f Respekt vor der Zunge? (Laser Journal 2\/2010)<\/p>\n<p>\u009f Schmerztabletten oder Softlaser (Dental Barometer 02\/2010)<\/p>\n<p>\u009f Laser Ridge Preservation (Laser Journal 03\/2011 &amp; Dental Barometer 08\/2011)<\/p>\n<p>\u009f Zeitgem\u00e4\u00dfe Vestibulumpraxis in der Implantologie (Laser Journal 02\/2012 &amp; Dental Barometer 08\/2011)<\/p>\n<p>\u009f De me expertus sum \/Fibromtherapie (Laser Journal 03\/2012 &amp; Dental Barometer 06\/2012)<\/p>\n<p>\u009f A Kiss is just a kiss..\/H\u00e4mangiomtherapie (Laser Journal 04\/2012 &amp; Dental Barometer 01\/2013)<\/p>\n<p>\u009f Das Gleiche in gr\u00fcn?\/Periogreentherapie (Laser Journal 02\/2013 &amp; Dental Barometer 03\/2013)<\/p>\n<p>\u009f Pro und Kontra der Lasertherapie in der Zahnmedizin\/Teil 1\/Chirurgie (Laser Journal 03\/2013 &amp; Dental Barometer 04\/2013)<\/p>\n<p>\u009f Pro und Kontra der Lasertherapie in der Zahnmedizin\/Teil 2 Parodontologie (Laser Journal 01\/2014 &amp; Dental Barometer 02\/2014)<\/p>\n<p><strong>Internationale Publikationen:<\/strong><\/p>\n<p>\u009f Periodontitis therapy with 3000% more power (Laser international 01\/2011) und (international newspaper Dental Tribune USA)<\/p>\n<p>\u009f Laser ridge preservation (Laser international 03\/2011) und (international newspaper Dental Tribune Russia)<\/p>\n<p>\u009f Up-to-date vestibuloplastic at the age of implantdentistry (Laser international 03\/2012)und (international newspaper Dental Tribune China)<\/p>\n<p>\u009f Does the tongue get attention it deserves (Laser international 04\/2012)(international newspaper Dental Tribune France)<\/p>\n<p>\u009f Becomming kisssable: Laser assisted Haemangioma removal (Laser international 01\/2013)<\/p>\n<p>\u009f The green power (Laser international 03\/2013)<\/p>\n<p><strong>Kongresse und Tagungen:<\/strong><\/p>\n<p>\u009f Laser in der zahn\u00e4rztlichen Praxis Champions\/VIP-ZM Kongress Mainz 05\/2010<\/p>\n<p>\u009f Photodynamische Therapie Champions\/VIP-ZM Kongress Mainz 05\/2010<\/p>\n<p>\u009f Therapie eines invasiven H\u00e4mangioms\/Jahrestagung der DGL Leipzig 09\/2012<\/p>\n<p>\u009f Lasereinsatz in der Parodontologie Laser Start Up 09\/2012 Leipzig<\/p>\n<p>\u009f Workshop: Periogreen bei der DGL Jahrestagung D\u00fcsseldorf 09\/2012 Leipzig<\/p>\n<p>\u009f Laser Socket Sealing\/Jahrestagung der DGL Berlin 11\/2013<\/p>\n<p>\u009f Vorteile der hochenergetischen, hochgepulsten Laserparodontaltherapie\/Jahrestagung der DGL D\u00fcsseldorf 09\/2014<\/p>\n<p>\u009f Workshop: Die fantastischen Vier: Ein Teamkonzept bei PA und PI\/Jahrestagung bei der DGL D\u00fcsseldorf 09\/2014<\/p>\n<p><strong>Online Live Webinar:<\/strong><\/p>\n<p>\u009f Flexible response in der Parodontaltherapie (DT STUDY CLUB 5\/2014)[\/vc_toggle][\/vc_column_inner][\/vc_row_inner][\/vc_column][\/vc_row][\/vc_section]<\/p>\n","protected":false},"excerpt":{"rendered":"<p>[vc_section css=&#8220;.vc_custom_1641993216972{padding-top: 80px !important;padding-bottom: 80px !important;}&#8220; el_id=&#8220;home&#8220; el_class=&#8220;produkte team fortbildung&#8220;][vc_row el_class=&#8220;fm-seo-breadcrumbs&#8220;][vc_column el_class=&#8220;smaller&#8220;][vc_column_text][\/vc_column_text][\/vc_column][\/vc_row][vc_row][vc_column width=&#8220;1\/3&#8243; el_class=&#8220;smaller&#8220; offset=&#8220;vc_col-lg-3 vc_col-md-3 vc_col-xs-12&#8243;][\/vc_column][vc_column width=&#8220;2\/3&#8243; offset=&#8220;vc_col-lg-9 vc_col-md-9&#8230;<\/p>\n","protected":false},"author":1,"featured_media":0,"parent":1546,"menu_order":0,"comment_status":"closed","ping_status":"open","template":"","meta":[],"yoast_head":"<!-- This site is optimized with the Yoast SEO plugin v17.9 - https:\/\/yoast.com\/wordpress\/plugins\/seo\/ -->\n<title>Referenten - Events - elexxion AG - dental laser - dentale Diodenlaser (Weichgewebe)<\/title>\n<meta name=\"description\" content=\"elexxion ag - deutscher Hersteller von Dental Lasern. Diodenlaser f\u00fcr Weichgewebe und Er:YAG-Laser f\u00fcr Hartgewebe\" \/>\n<meta name=\"robots\" content=\"index, follow, max-snippet:-1, max-image-preview:large, max-video-preview:-1\" \/>\n<link rel=\"canonical\" href=\"https:\/\/www.elexxion.com\/de\/events\/referenten\/\" \/>\n<meta property=\"og:locale\" content=\"de_DE\" \/>\n<meta property=\"og:type\" content=\"article\" \/>\n<meta property=\"og:title\" content=\"Referenten - Events - elexxion AG - dental laser - dentale Diodenlaser (Weichgewebe)\" \/>\n<meta property=\"og:description\" content=\"elexxion ag - deutscher Hersteller von Dental Lasern. Diodenlaser f\u00fcr Weichgewebe und Er:YAG-Laser f\u00fcr Hartgewebe\" \/>\n<meta property=\"og:url\" content=\"https:\/\/www.elexxion.com\/de\/events\/referenten\/\" \/>\n<meta property=\"og:site_name\" content=\"elexxion AG - dental laser - dentale Diodenlaser (Weichgewebe)\" \/>\n<meta property=\"article:modified_time\" content=\"2022-01-12T13:13:45+00:00\" \/>\n<meta name=\"twitter:card\" content=\"summary_large_image\" \/>\n<meta name=\"twitter:label1\" content=\"Gesch\u00e4tzte Lesezeit\" \/>\n\t<meta name=\"twitter:data1\" content=\"9 Minuten\" \/>\n<script type=\"application\/ld+json\" class=\"yoast-schema-graph\">{\"@context\":\"https:\/\/schema.org\",\"@graph\":[{\"@type\":\"WebSite\",\"@id\":\"https:\/\/www.elexxion.com\/de\/#website\",\"url\":\"https:\/\/www.elexxion.com\/de\/\",\"name\":\"elexxion AG - dental laser - dentale Diodenlaser (Weichgewebe)\",\"description\":\"elexxion AG - dental laser - dentale Diodenlaser (Weichgewebe)\",\"potentialAction\":[{\"@type\":\"SearchAction\",\"target\":{\"@type\":\"EntryPoint\",\"urlTemplate\":\"https:\/\/www.elexxion.com\/de\/?s={search_term_string}\"},\"query-input\":\"required name=search_term_string\"}],\"inLanguage\":\"de-DE\"},{\"@type\":\"WebPage\",\"@id\":\"https:\/\/www.elexxion.com\/de\/events\/referenten\/#webpage\",\"url\":\"https:\/\/www.elexxion.com\/de\/events\/referenten\/\",\"name\":\"Referenten - Events - elexxion AG - dental laser - dentale Diodenlaser (Weichgewebe)\",\"isPartOf\":{\"@id\":\"https:\/\/www.elexxion.com\/de\/#website\"},\"datePublished\":\"2019-04-11T11:45:37+00:00\",\"dateModified\":\"2022-01-12T13:13:45+00:00\",\"description\":\"elexxion ag - deutscher Hersteller von Dental Lasern. Diodenlaser f\\u00fcr Weichgewebe und Er:YAG-Laser f\\u00fcr Hartgewebe\",\"breadcrumb\":{\"@id\":\"https:\/\/www.elexxion.com\/de\/events\/referenten\/#breadcrumb\"},\"inLanguage\":\"de-DE\",\"potentialAction\":[{\"@type\":\"ReadAction\",\"target\":[\"https:\/\/www.elexxion.com\/de\/events\/referenten\/\"]}]},{\"@type\":\"BreadcrumbList\",\"@id\":\"https:\/\/www.elexxion.com\/de\/events\/referenten\/#breadcrumb\",\"itemListElement\":[{\"@type\":\"ListItem\",\"position\":1,\"name\":\"Home\",\"item\":\"https:\/\/www.elexxion.com\/de\/\"},{\"@type\":\"ListItem\",\"position\":2,\"name\":\"Events\",\"item\":\"https:\/\/www.elexxion.com\/de\/events\/\"},{\"@type\":\"ListItem\",\"position\":3,\"name\":\"Referenten\"}]}]}<\/script>\n<!-- \/ Yoast SEO plugin. -->","yoast_head_json":{"title":"Referenten - Events - elexxion AG - dental laser - dentale Diodenlaser (Weichgewebe)","description":"elexxion ag - deutscher Hersteller von Dental Lasern. Diodenlaser f\u00fcr Weichgewebe und Er:YAG-Laser f\u00fcr Hartgewebe","robots":{"index":"index","follow":"follow","max-snippet":"max-snippet:-1","max-image-preview":"max-image-preview:large","max-video-preview":"max-video-preview:-1"},"canonical":"https:\/\/www.elexxion.com\/de\/events\/referenten\/","og_locale":"de_DE","og_type":"article","og_title":"Referenten - Events - elexxion AG - dental laser - dentale Diodenlaser (Weichgewebe)","og_description":"elexxion ag - deutscher Hersteller von Dental Lasern. Diodenlaser f\u00fcr Weichgewebe und Er:YAG-Laser f\u00fcr Hartgewebe","og_url":"https:\/\/www.elexxion.com\/de\/events\/referenten\/","og_site_name":"elexxion AG - dental laser - dentale Diodenlaser (Weichgewebe)","article_modified_time":"2022-01-12T13:13:45+00:00","twitter_card":"summary_large_image","twitter_misc":{"Gesch\u00e4tzte Lesezeit":"9 Minuten"},"schema":{"@context":"https:\/\/schema.org","@graph":[{"@type":"WebSite","@id":"https:\/\/www.elexxion.com\/de\/#website","url":"https:\/\/www.elexxion.com\/de\/","name":"elexxion AG - dental laser - dentale Diodenlaser (Weichgewebe)","description":"elexxion AG - dental laser - dentale Diodenlaser (Weichgewebe)","potentialAction":[{"@type":"SearchAction","target":{"@type":"EntryPoint","urlTemplate":"https:\/\/www.elexxion.com\/de\/?s={search_term_string}"},"query-input":"required name=search_term_string"}],"inLanguage":"de-DE"},{"@type":"WebPage","@id":"https:\/\/www.elexxion.com\/de\/events\/referenten\/#webpage","url":"https:\/\/www.elexxion.com\/de\/events\/referenten\/","name":"Referenten - Events - elexxion AG - dental laser - dentale Diodenlaser (Weichgewebe)","isPartOf":{"@id":"https:\/\/www.elexxion.com\/de\/#website"},"datePublished":"2019-04-11T11:45:37+00:00","dateModified":"2022-01-12T13:13:45+00:00","description":"elexxion ag - deutscher Hersteller von Dental Lasern. Diodenlaser f\u00fcr Weichgewebe und Er:YAG-Laser f\u00fcr Hartgewebe","breadcrumb":{"@id":"https:\/\/www.elexxion.com\/de\/events\/referenten\/#breadcrumb"},"inLanguage":"de-DE","potentialAction":[{"@type":"ReadAction","target":["https:\/\/www.elexxion.com\/de\/events\/referenten\/"]}]},{"@type":"BreadcrumbList","@id":"https:\/\/www.elexxion.com\/de\/events\/referenten\/#breadcrumb","itemListElement":[{"@type":"ListItem","position":1,"name":"Home","item":"https:\/\/www.elexxion.com\/de\/"},{"@type":"ListItem","position":2,"name":"Events","item":"https:\/\/www.elexxion.com\/de\/events\/"},{"@type":"ListItem","position":3,"name":"Referenten"}]}]}},"_links":{"self":[{"href":"https:\/\/www.elexxion.com\/de\/wp-json\/wp\/v2\/pages\/1555"}],"collection":[{"href":"https:\/\/www.elexxion.com\/de\/wp-json\/wp\/v2\/pages"}],"about":[{"href":"https:\/\/www.elexxion.com\/de\/wp-json\/wp\/v2\/types\/page"}],"author":[{"embeddable":true,"href":"https:\/\/www.elexxion.com\/de\/wp-json\/wp\/v2\/users\/1"}],"replies":[{"embeddable":true,"href":"https:\/\/www.elexxion.com\/de\/wp-json\/wp\/v2\/comments?post=1555"}],"version-history":[{"count":36,"href":"https:\/\/www.elexxion.com\/de\/wp-json\/wp\/v2\/pages\/1555\/revisions"}],"predecessor-version":[{"id":5047,"href":"https:\/\/www.elexxion.com\/de\/wp-json\/wp\/v2\/pages\/1555\/revisions\/5047"}],"up":[{"embeddable":true,"href":"https:\/\/www.elexxion.com\/de\/wp-json\/wp\/v2\/pages\/1546"}],"wp:attachment":[{"href":"https:\/\/www.elexxion.com\/de\/wp-json\/wp\/v2\/media?parent=1555"}],"curies":[{"name":"wp","href":"https:\/\/api.w.org\/{rel}","templated":true}]}}