{"id":1443,"date":"2019-04-11T10:09:29","date_gmt":"2019-04-11T08:09:29","guid":{"rendered":"https:\/\/elexxion.dev.felix.media\/?page_id=1443"},"modified":"2022-01-12T14:22:53","modified_gmt":"2022-01-12T13:22:53","slug":"elexxion-claros","status":"publish","type":"page","link":"https:\/\/www.elexxion.com\/de\/produkte\/elexxion-claros\/","title":{"rendered":"claros\u00ae 50W"},"content":{"rendered":"<p>[vc_section css=&#8220;.vc_custom_1641993732491{padding-top: 80px !important;padding-bottom: 80px !important;}&#8220; el_id=&#8220;home&#8220; el_class=&#8220;produkte&#8220;][vc_row el_class=&#8220;fm-seo-breadcrumbs&#8220;][vc_column el_class=&#8220;smaller&#8220;][vc_column_text]<span><span><a href=\"https:\/\/www.elexxion.com\/de\/\">Home<\/a><\/span>[\/vc_column_text][\/vc_column][\/vc_row][vc_row][vc_column width=&#8220;1\/3&#8243; el_class=&#8220;smaller&#8220; offset=&#8220;vc_col-lg-3 vc_col-md-3 vc_col-xs-12&#8243;][\/vc_column][vc_column width=&#8220;2\/3&#8243; offset=&#8220;vc_col-lg-9 vc_col-md-9 vc_col-xs-12&#8243;][vc_column_text]<\/p>\n<h3>claros\u00ae 50W<\/h3>\n<h3 class=\"font-weight-400\">Leistungsprofil der Spitzenklasse in<br \/>\nergonomischem Praxisdesign<\/h3>\n<p>[\/vc_column_text][\/vc_column][\/vc_row][vc_row][vc_column width=&#8220;1\/3&#8243; offset=&#8220;vc_col-lg-3 vc_col-md-3 vc_col-xs-12&#8243; el_class=&#8220;side-navi-wrapper&#8220;][vc_column_text]<\/p>\n<div class=\"smaller side-navi\"><a href=\"https:\/\/www.elexxion.com\/de\/produkte\/elexxion-pico\/\">claros\u00ae pico<\/a><br \/>\n<a href=\"https:\/\/www.elexxion.com\/de\/produkte\/elexxion-nano\/\">claros\u00ae nano<\/a><br \/>\n<span class=\"active\">claros\u00ae 50W<\/span><br \/>\n<a href=\"https:\/\/www.elexxion.com\/de\/produkte\/snore3\/\">SNORE3<\/a><\/div>\n<p>[\/vc_column_text][vc_column_text]<\/p>\n<div class=\"smaller side-navi\"><strong>Downloads zu elexxion claros\u00ae<\/strong><br \/>\n<a href=\"https:\/\/www.elexxion.com\/de\/downloads\/\">Zu den Downloads<\/a><\/div>\n<p>[\/vc_column_text][\/vc_column][vc_column width=&#8220;2\/3&#8243; offset=&#8220;vc_col-lg-9 vc_col-md-9 vc_col-xs-12&#8243;][vc_tta_tabs style=&#8220;flat&#8220; spacing=&#8220;3&#8243; active_section=&#8220;1&#8243;][vc_tta_section title=&#8220;Beschreibung&#8220; tab_id=&#8220;beschreibung&#8220;][vc_row_inner][vc_column_inner offset=&#8220;vc_col-lg-3 vc_col-md-3&#8243;][vc_single_image image=&#8220;1444&#8243; img_size=&#8220;medium&#8220; alignment=&#8220;center&#8220;][\/vc_column_inner][vc_column_inner offset=&#8220;vc_col-lg-9 vc_col-md-9&#8243;][vc_column_text]Mit bis zu 50 Watt Power und einer variablen Pulsierung bis zu 20.000 Hz ist dieser Diodenlaser der leistungsst\u00e4rkste seiner Zeit. Erstmalig macht die gro\u00dfe Chirurgie mit einem Diodenlaser wirklich Sinn.<\/p>\n<p>Der elexxion claros ist jederzeit aufr\u00fcstbar zum elexxion delos!<\/p>\n<p>Der elexxion claros ist ein hoch innovativer Dentallaser mit einem Leistungsprofil der Spitzenklasse. Bei einer Applikationsleistung von bis zu 50 Watt werden enorm hohe Schnittgeschwindigkeiten erzielt, und das bei einer Pulsrate von bis zu 20.000 Hz, die eine Karbonisierung nahezu ausschlie\u00dft. Der elexxion claros arbeitet bei geringer Eindringtiefe absolut gewebeschonend und ist vorbildlich in jeder Hinsicht.<\/p>\n<p>Ergonomisch clever durchdacht ist das Multifunktionshandst\u00fcck des elexxion claros. Es liegt sehr gut in der Hand und sorgt f\u00fcr eine sichere Schnittf\u00fchrung, ist autoklavierbar und erm\u00f6glicht den Einsatz von g\u00fcnstigen Applikationsfasern.<\/p>\n<p>Ein Design der Spitzenklasse rundet den elexxion claros optisch wie auch ergonomisch ab. Dies schafft Funktionalit\u00e4t und Sicherheit in seiner H\u00f6chstform.[\/vc_column_text][\/vc_column_inner][\/vc_row_inner][\/vc_tta_section][vc_tta_section title=&#8220;Applikationen&#8220; tab_id=&#8220;applikationen&#8220;][vc_row_inner equal_height=&#8220;yes&#8220;][vc_column_inner width=&#8220;1\/2&#8243; offset=&#8220;vc_col-lg-4 vc_col-md-4&#8243;][vc_column_text]<\/p>\n<div class=\"bigger\">Chirurgie<\/div>\n<p>[\/vc_column_text][vc_single_image image=&#8220;1422&#8243; img_size=&#8220;medium&#8220;][vc_column_text]26 frei programmierbare Einstellungen z.B. f\u00fcr Blutstillung, Hyperplasien, Schlotterkamm, Vestibulumplastik.[\/vc_column_text][\/vc_column_inner][vc_column_inner width=&#8220;1\/2&#8243; offset=&#8220;vc_col-lg-4 vc_col-md-4&#8243;][vc_column_text]<\/p>\n<div class=\"bigger\">Implantologie<\/div>\n<p>[\/vc_column_text][vc_single_image image=&#8220;1439&#8243; img_size=&#8220;medium&#8220;][vc_column_text]<\/p>\n<ul>\n<li>Implantatfreilegung<\/li>\n<li>Dekontamination<\/li>\n<li>Periimplantitis<\/li>\n<\/ul>\n<p>[\/vc_column_text][\/vc_column_inner][vc_column_inner width=&#8220;1\/2&#8243; offset=&#8220;vc_col-lg-4 vc_col-md-4&#8243;][vc_column_text]<\/p>\n<div class=\"bigger\">Endodontie<\/div>\n<p>[\/vc_column_text][vc_single_image image=&#8220;1423&#8243; img_size=&#8220;medium&#8220;][vc_column_text]<\/p>\n<ul>\n<li>Keimreduktion im Kanal<\/li>\n<li>Keimreduktion retrograd<\/li>\n<li>Hohe Penetration in den Tubuli<\/li>\n<\/ul>\n<p>[\/vc_column_text][\/vc_column_inner][vc_column_inner width=&#8220;1\/2&#8243; offset=&#8220;vc_col-lg-4 vc_col-md-4&#8243;][vc_column_text]<\/p>\n<div class=\"bigger\">Parodontologie<\/div>\n<p>[\/vc_column_text][vc_single_image image=&#8220;1425&#8243; img_size=&#8220;medium&#8220;][vc_column_text]<\/p>\n<ul>\n<li>Keimreduktion in den Taschen<\/li>\n<li>Entfernung von Granulationsgewebe<\/li>\n<li>Dekontaminierung der Membranen<\/li>\n<\/ul>\n<p>[\/vc_column_text][\/vc_column_inner][vc_column_inner width=&#8220;1\/2&#8243; offset=&#8220;vc_col-lg-4 vc_col-md-4&#8243;][vc_column_text]<\/p>\n<div class=\"bigger\">Laser-Bleaching<\/div>\n<p>[\/vc_column_text][vc_single_image image=&#8220;1424&#8243; img_size=&#8220;medium&#8220;][vc_column_text]<\/p>\n<ul>\n<li>Optimierung der Behandlungszeit<\/li>\n<li>Zahnschonend<\/li>\n<li>Bessere Ergebnisse<\/li>\n<li>In office<\/li>\n<li>In einer Sitzung<\/li>\n<\/ul>\n<p>[\/vc_column_text][\/vc_column_inner][vc_column_inner width=&#8220;1\/2&#8243; offset=&#8220;vc_col-lg-4 vc_col-md-4&#8243;][vc_column_text]<\/p>\n<div class=\"bigger\">Therapie-Laser<\/div>\n<p>[\/vc_column_text][vc_single_image image=&#8220;1390&#8243; img_size=&#8220;medium&#8220;][vc_column_text]<\/p>\n<ul>\n<li>Schmerztherapie (allgemein)<\/li>\n<li>Aphthen<\/li>\n<li>Herpes<\/li>\n<li>Wundbehandlung<\/li>\n<li>W\u00fcrgereizunterdr\u00fcckung<\/li>\n<li>Kiefergelenkbeschwerden<\/li>\n<\/ul>\n<p>[\/vc_column_text][\/vc_column_inner][\/vc_row_inner][\/vc_tta_section][vc_tta_section title=&#8220;Technische Daten&#8220; tab_id=&#8220;technische-daten&#8220;]<div class=\"gem-table  gem-table-style-1\"><table style=\"width: 100%;\">\n<tbody>\n<tr>\n<td>Netzanschluss:<\/td>\n<td>230 V \/ 50 Hz<\/td>\n<\/tr>\n<tr>\n<td>Stromaufnahme:<\/td>\n<td>1,5 A<\/td>\n<\/tr>\n<tr>\n<td>Sicherungen:<\/td>\n<td>1,6 A T entsprechend IEC 60127-2\/III ( 2 St\u00fcck )<\/td>\n<\/tr>\n<tr>\n<td>Betriebsart:<\/td>\n<td>Kurzzeitbetrieb: Laseremission 2 min AN \/ 1 min AUS<\/td>\n<\/tr>\n<tr>\n<td>Schutzklasse:<\/td>\n<td>I Anwendungsteil Typ B\u00a0 IP X0<\/td>\n<\/tr>\n<tr>\n<td>Elektro-Magnetische Vertr\u00e4glichkeit:<\/td>\n<td>Klasse A<\/td>\n<\/tr>\n<tr>\n<td>Wellenl\u00e4nge:<\/td>\n<td>810 nm +\/- 10 nm<\/td>\n<\/tr>\n<tr>\n<td>Pulsleistung:<\/td>\n<td>50 W +\/- 5 W<\/td>\n<\/tr>\n<tr>\n<td>CW &#8211; Betrieb:<\/td>\n<td>15 W +\/- 2 W<\/td>\n<\/tr>\n<tr>\n<td>Pulsrate:<\/td>\n<td>variabel CW &#8211; 20.000 Hz<\/td>\n<\/tr>\n<tr>\n<td>Pulsdauer:<\/td>\n<td>2,5 \u00b5s &#8211; CW<\/td>\n<\/tr>\n<tr>\n<td>Zielstrahl:<\/td>\n<td>635 nm +\/- 5nm &lt; 1 mW<\/td>\n<\/tr>\n<tr>\n<td>Abmessungen:<\/td>\n<td>H 85 cm, B 45 cm, T 50 cm<\/td>\n<\/tr>\n<tr>\n<td>Gewicht:<\/td>\n<td>22 kg<\/td>\n<\/tr>\n<tr>\n<td>Laserklasse:<\/td>\n<td>4<\/td>\n<\/tr>\n<tr>\n<td><\/td>\n<td><\/td>\n<\/tr>\n<\/tbody>\n<\/table>\n<\/div>[\/vc_tta_section][vc_tta_section title=&#8220;Zubeh\u00f6r&#8220; tab_id=&#8220;zubehoer&#8220;]<div class=\"gem-button-container gem-button-position-center thegem-button-69d25fc3c20b39740 no-text-transform\" ><a title=\"Shop\" class=\"gem-button gem-button-size-medium gem-button-style-flat gem-button-text-weight-normal gem-button-icon-position-right\" style=\"border-radius: 0px;\" onmouseleave=\"\" onmouseenter=\"\" href=\"https:\/\/www.elexxion.com\/de\/shop\/\" target=\"_self\">Zum Shop<i class=\"gem-print-icon gem-icon-pack-elegant \">&#x35;<\/i><\/a><\/div> [\/vc_tta_section][\/vc_tta_tabs]<div class=\"gem-button-container gem-button-position-center thegem-button-69d25fc3c20fe2403 no-text-transform\" ><a title=\"Shop\" class=\"gem-button gem-button-size-medium gem-button-style-flat gem-button-text-weight-normal gem-button-icon-position-right\" style=\"border-radius: 0px;\" onmouseleave=\"\" onmouseenter=\"\" href=\"https:\/\/www.elexxion.com\/de\/shop\/\" target=\"_self\">Bestellen<i class=\"gem-print-icon gem-icon-pack-elegant \">&#x35;<\/i><\/a><\/div> [\/vc_column][\/vc_row][\/vc_section]<\/p>\n","protected":false},"excerpt":{"rendered":"<p>[vc_section css=&#8220;.vc_custom_1641993732491{padding-top: 80px !important;padding-bottom: 80px !important;}&#8220; el_id=&#8220;home&#8220; el_class=&#8220;produkte&#8220;][vc_row el_class=&#8220;fm-seo-breadcrumbs&#8220;][vc_column el_class=&#8220;smaller&#8220;][vc_column_text][\/vc_column_text][\/vc_column][\/vc_row][vc_row][vc_column width=&#8220;1\/3&#8243; el_class=&#8220;smaller&#8220; offset=&#8220;vc_col-lg-3 vc_col-md-3 vc_col-xs-12&#8243;][\/vc_column][vc_column width=&#8220;2\/3&#8243; offset=&#8220;vc_col-lg-9 vc_col-md-9 vc_col-xs-12&#8243;][vc_column_text] claros\u00ae&#8230;<\/p>\n","protected":false},"author":1,"featured_media":0,"parent":1371,"menu_order":0,"comment_status":"closed","ping_status":"open","template":"","meta":[],"yoast_head":"<!-- This site is optimized with the Yoast SEO plugin v17.9 - https:\/\/yoast.com\/wordpress\/plugins\/seo\/ -->\n<title>claros\u00ae 50W - elexxion AG - dental laser - dentale Diodenlaser (Weichgewebe)<\/title>\n<meta name=\"description\" content=\"elexxion ag - deutscher Hersteller von Dental Lasern. Diodenlaser f\u00fcr Weichgewebe und Er:YAG-Laser f\u00fcr Hartgewebe\" \/>\n<meta name=\"robots\" content=\"index, follow, max-snippet:-1, max-image-preview:large, max-video-preview:-1\" \/>\n<link rel=\"canonical\" href=\"https:\/\/www.elexxion.com\/de\/produkte\/elexxion-claros\/\" \/>\n<meta property=\"og:locale\" content=\"de_DE\" \/>\n<meta property=\"og:type\" content=\"article\" \/>\n<meta property=\"og:title\" content=\"claros\u00ae 50W - elexxion AG - dental laser - dentale Diodenlaser (Weichgewebe)\" \/>\n<meta property=\"og:description\" content=\"elexxion ag - deutscher Hersteller von Dental Lasern. Diodenlaser f\u00fcr Weichgewebe und Er:YAG-Laser f\u00fcr Hartgewebe\" \/>\n<meta property=\"og:url\" content=\"https:\/\/www.elexxion.com\/de\/produkte\/elexxion-claros\/\" \/>\n<meta property=\"og:site_name\" content=\"elexxion AG - dental laser - dentale Diodenlaser (Weichgewebe)\" \/>\n<meta property=\"article:modified_time\" content=\"2022-01-12T13:22:53+00:00\" \/>\n<meta name=\"twitter:card\" content=\"summary_large_image\" \/>\n<meta name=\"twitter:label1\" content=\"Gesch\u00e4tzte Lesezeit\" \/>\n\t<meta name=\"twitter:data1\" content=\"3 Minuten\" \/>\n<script type=\"application\/ld+json\" class=\"yoast-schema-graph\">{\"@context\":\"https:\/\/schema.org\",\"@graph\":[{\"@type\":\"WebSite\",\"@id\":\"https:\/\/www.elexxion.com\/de\/#website\",\"url\":\"https:\/\/www.elexxion.com\/de\/\",\"name\":\"elexxion AG - dental laser - dentale Diodenlaser (Weichgewebe)\",\"description\":\"elexxion AG - dental laser - dentale Diodenlaser (Weichgewebe)\",\"potentialAction\":[{\"@type\":\"SearchAction\",\"target\":{\"@type\":\"EntryPoint\",\"urlTemplate\":\"https:\/\/www.elexxion.com\/de\/?s={search_term_string}\"},\"query-input\":\"required name=search_term_string\"}],\"inLanguage\":\"de-DE\"},{\"@type\":\"WebPage\",\"@id\":\"https:\/\/www.elexxion.com\/de\/produkte\/elexxion-claros\/#webpage\",\"url\":\"https:\/\/www.elexxion.com\/de\/produkte\/elexxion-claros\/\",\"name\":\"claros\\u00ae 50W - elexxion AG - dental laser - dentale Diodenlaser (Weichgewebe)\",\"isPartOf\":{\"@id\":\"https:\/\/www.elexxion.com\/de\/#website\"},\"datePublished\":\"2019-04-11T08:09:29+00:00\",\"dateModified\":\"2022-01-12T13:22:53+00:00\",\"description\":\"elexxion ag - deutscher Hersteller von Dental Lasern. Diodenlaser f\\u00fcr Weichgewebe und Er:YAG-Laser f\\u00fcr Hartgewebe\",\"breadcrumb\":{\"@id\":\"https:\/\/www.elexxion.com\/de\/produkte\/elexxion-claros\/#breadcrumb\"},\"inLanguage\":\"de-DE\",\"potentialAction\":[{\"@type\":\"ReadAction\",\"target\":[\"https:\/\/www.elexxion.com\/de\/produkte\/elexxion-claros\/\"]}]},{\"@type\":\"BreadcrumbList\",\"@id\":\"https:\/\/www.elexxion.com\/de\/produkte\/elexxion-claros\/#breadcrumb\",\"itemListElement\":[{\"@type\":\"ListItem\",\"position\":1,\"name\":\"Home\",\"item\":\"https:\/\/www.elexxion.com\/de\/\"},{\"@type\":\"ListItem\",\"position\":2,\"name\":\"Produkte\",\"item\":\"https:\/\/www.elexxion.com\/de\/produkte\/\"},{\"@type\":\"ListItem\",\"position\":3,\"name\":\"claros\\u00ae 50W\"}]}]}<\/script>\n<!-- \/ Yoast SEO plugin. -->","yoast_head_json":{"title":"claros\u00ae 50W - elexxion AG - dental laser - dentale Diodenlaser (Weichgewebe)","description":"elexxion ag - deutscher Hersteller von Dental Lasern. Diodenlaser f\u00fcr Weichgewebe und Er:YAG-Laser f\u00fcr Hartgewebe","robots":{"index":"index","follow":"follow","max-snippet":"max-snippet:-1","max-image-preview":"max-image-preview:large","max-video-preview":"max-video-preview:-1"},"canonical":"https:\/\/www.elexxion.com\/de\/produkte\/elexxion-claros\/","og_locale":"de_DE","og_type":"article","og_title":"claros\u00ae 50W - elexxion AG - dental laser - dentale Diodenlaser (Weichgewebe)","og_description":"elexxion ag - deutscher Hersteller von Dental Lasern. Diodenlaser f\u00fcr Weichgewebe und Er:YAG-Laser f\u00fcr Hartgewebe","og_url":"https:\/\/www.elexxion.com\/de\/produkte\/elexxion-claros\/","og_site_name":"elexxion AG - dental laser - dentale Diodenlaser (Weichgewebe)","article_modified_time":"2022-01-12T13:22:53+00:00","twitter_card":"summary_large_image","twitter_misc":{"Gesch\u00e4tzte Lesezeit":"3 Minuten"},"schema":{"@context":"https:\/\/schema.org","@graph":[{"@type":"WebSite","@id":"https:\/\/www.elexxion.com\/de\/#website","url":"https:\/\/www.elexxion.com\/de\/","name":"elexxion AG - dental laser - dentale Diodenlaser (Weichgewebe)","description":"elexxion AG - dental laser - dentale Diodenlaser (Weichgewebe)","potentialAction":[{"@type":"SearchAction","target":{"@type":"EntryPoint","urlTemplate":"https:\/\/www.elexxion.com\/de\/?s={search_term_string}"},"query-input":"required name=search_term_string"}],"inLanguage":"de-DE"},{"@type":"WebPage","@id":"https:\/\/www.elexxion.com\/de\/produkte\/elexxion-claros\/#webpage","url":"https:\/\/www.elexxion.com\/de\/produkte\/elexxion-claros\/","name":"claros\u00ae 50W - elexxion AG - dental laser - dentale Diodenlaser (Weichgewebe)","isPartOf":{"@id":"https:\/\/www.elexxion.com\/de\/#website"},"datePublished":"2019-04-11T08:09:29+00:00","dateModified":"2022-01-12T13:22:53+00:00","description":"elexxion ag - deutscher Hersteller von Dental Lasern. Diodenlaser f\u00fcr Weichgewebe und Er:YAG-Laser f\u00fcr Hartgewebe","breadcrumb":{"@id":"https:\/\/www.elexxion.com\/de\/produkte\/elexxion-claros\/#breadcrumb"},"inLanguage":"de-DE","potentialAction":[{"@type":"ReadAction","target":["https:\/\/www.elexxion.com\/de\/produkte\/elexxion-claros\/"]}]},{"@type":"BreadcrumbList","@id":"https:\/\/www.elexxion.com\/de\/produkte\/elexxion-claros\/#breadcrumb","itemListElement":[{"@type":"ListItem","position":1,"name":"Home","item":"https:\/\/www.elexxion.com\/de\/"},{"@type":"ListItem","position":2,"name":"Produkte","item":"https:\/\/www.elexxion.com\/de\/produkte\/"},{"@type":"ListItem","position":3,"name":"claros\u00ae 50W"}]}]}},"_links":{"self":[{"href":"https:\/\/www.elexxion.com\/de\/wp-json\/wp\/v2\/pages\/1443"}],"collection":[{"href":"https:\/\/www.elexxion.com\/de\/wp-json\/wp\/v2\/pages"}],"about":[{"href":"https:\/\/www.elexxion.com\/de\/wp-json\/wp\/v2\/types\/page"}],"author":[{"embeddable":true,"href":"https:\/\/www.elexxion.com\/de\/wp-json\/wp\/v2\/users\/1"}],"replies":[{"embeddable":true,"href":"https:\/\/www.elexxion.com\/de\/wp-json\/wp\/v2\/comments?post=1443"}],"version-history":[{"count":34,"href":"https:\/\/www.elexxion.com\/de\/wp-json\/wp\/v2\/pages\/1443\/revisions"}],"predecessor-version":[{"id":5089,"href":"https:\/\/www.elexxion.com\/de\/wp-json\/wp\/v2\/pages\/1443\/revisions\/5089"}],"up":[{"embeddable":true,"href":"https:\/\/www.elexxion.com\/de\/wp-json\/wp\/v2\/pages\/1371"}],"wp:attachment":[{"href":"https:\/\/www.elexxion.com\/de\/wp-json\/wp\/v2\/media?parent=1443"}],"curies":[{"name":"wp","href":"https:\/\/api.w.org\/{rel}","templated":true}]}}