{"id":1431,"date":"2019-04-11T10:00:19","date_gmt":"2019-04-11T08:00:19","guid":{"rendered":"https:\/\/elexxion.dev.felix.media\/?page_id=1431"},"modified":"2022-01-12T14:22:46","modified_gmt":"2022-01-12T13:22:46","slug":"elexxion-nano","status":"publish","type":"page","link":"https:\/\/www.elexxion.com\/de\/produkte\/elexxion-nano\/","title":{"rendered":"claros\u00ae nano"},"content":{"rendered":"<p>[vc_section css=&#8220;.vc_custom_1641993733312{padding-top: 80px !important;padding-bottom: 80px !important;}&#8220; el_id=&#8220;home&#8220; el_class=&#8220;produkte&#8220;][vc_row el_class=&#8220;fm-seo-breadcrumbs&#8220;][vc_column el_class=&#8220;smaller&#8220;][vc_column_text]<span><span><a href=\"https:\/\/www.elexxion.com\/de\/\">Home<\/a><\/span>[\/vc_column_text][\/vc_column][\/vc_row][vc_row][vc_column width=&#8220;1\/3&#8243; el_class=&#8220;smaller&#8220; offset=&#8220;vc_col-lg-3 vc_col-md-3 vc_col-xs-12&#8243;][\/vc_column][vc_column width=&#8220;2\/3&#8243; offset=&#8220;vc_col-lg-9 vc_col-md-9 vc_col-xs-12&#8243;][vc_column_text]<\/p>\n<h3>claros nano<\/h3>\n<h3 class=\"font-weight-400\">Kompakt: Die n\u00e4chste Leistungsklasse<\/h3>\n<p>[\/vc_column_text][\/vc_column][\/vc_row][vc_row][vc_column width=&#8220;1\/3&#8243; offset=&#8220;vc_col-lg-3 vc_col-md-3 vc_col-xs-12&#8243; el_class=&#8220;side-navi-wrapper&#8220;][vc_column_text]<\/p>\n<div class=\"smaller side-navi\"><a href=\"https:\/\/www.elexxion.com\/de\/produkte\/elexxion-pico\/\">claros\u00ae pico<\/a><br \/>\n<span class=\"active\">claros\u00ae nano<\/span><br \/>\n<a href=\"https:\/\/www.elexxion.com\/de\/produkte\/elexxion-claros\/\">claros\u00ae 50W<\/a><br \/>\n<a href=\"https:\/\/www.elexxion.com\/de\/produkte\/snore3\/\">SNORE3<\/a><\/div>\n<p>[\/vc_column_text][vc_column_text]<\/p>\n<div class=\"smaller side-navi\"><strong>Downloads zu elexxion nano<\/strong><br \/>\n<a href=\"https:\/\/www.elexxion.com\/de\/downloads\/\">Zu den Downloads<\/a><\/div>\n<p>[\/vc_column_text][\/vc_column][vc_column width=&#8220;2\/3&#8243; offset=&#8220;vc_col-lg-9 vc_col-md-9 vc_col-xs-12&#8243;][vc_tta_tabs style=&#8220;flat&#8220; spacing=&#8220;3&#8243; active_section=&#8220;1&#8243;][vc_tta_section title=&#8220;Beschreibung&#8220; tab_id=&#8220;beschreibung&#8220;][vc_row_inner][vc_column_inner offset=&#8220;vc_col-lg-3 vc_col-md-3&#8243;][vc_single_image image=&#8220;1433&#8243; img_size=&#8220;medium&#8220; alignment=&#8220;center&#8220;][\/vc_column_inner][vc_column_inner offset=&#8220;vc_col-lg-9 vc_col-md-9&#8243;][vc_column_text]Effiziente Leistung &#8211; sanfte Schnittf\u00fchrung &#8211; innovatives Design. Das ist es, was man heute von einem modernen Diodenlaser erwarten kann. Der elexxion claros nano arbeitet mit der \u00fcberlegenen DPL-Pulstechnologie und er\u00f6ffnet damit die M\u00f6glichkeit f\u00fcr dutzende von Weichgewebsanwendungen. Schmerzarm, effizient und schonend.<\/p>\n<p>Die patentierte Pulstechnologie des elexxion claros nano kombiniert die Vorteile der hohen Pulsleistung mit der Kompaktheit, Sicherheit und Einfachheit der bisher verf\u00fcgbaren Diodenlaser. Die ultrakurze Pulsdauer von 16 \u03bcs erlaubt Pausen, die dem Gewebe Zeit zur thermischen Relaxation geben. Dadurch wird die unerw\u00fcnschte thermische Sch\u00e4digung des Gewebes minimiert.<\/p>\n<p>Durch die Kombination der hohen Ausgangsleistung und der extrem kurzen Pulse, wird eine enorme Schnittgeschwindigkeit und Pr\u00e4zision erreicht. Die patentierte Pulstechnik verhindert nahezu jegliche Karbonisierung des Gewebes und verk\u00fcrzt damit die Heilungszeit.<\/p>\n<p>Die Wellenl\u00e4nge von 810 nm liefert ein ausbalanciertes Verh\u00e4ltnis aus Keim- und Bakterienreduktion sowie hervorragender Koagulation.[\/vc_column_text][\/vc_column_inner][\/vc_row_inner][\/vc_tta_section][vc_tta_section title=&#8220;Applikationen&#8220; tab_id=&#8220;applikationen&#8220;][vc_row_inner equal_height=&#8220;yes&#8220;][vc_column_inner width=&#8220;1\/2&#8243; offset=&#8220;vc_col-lg-4 vc_col-md-4&#8243;][vc_column_text]<\/p>\n<div class=\"bigger\">Chirurgie<\/div>\n<p>[\/vc_column_text][vc_single_image image=&#8220;1422&#8243; img_size=&#8220;medium&#8220;][vc_column_text]5 vorprogrammierte Einstellungen plus 4 frei programmierbare Einstellungen z.B. f\u00fcr Abszess \u00d6fnungen, Blutstillung, Retentionszyten, Frenektomien, Gingivektomie<br \/>\noder Sulkuserweiterung[\/vc_column_text][\/vc_column_inner][vc_column_inner width=&#8220;1\/2&#8243; offset=&#8220;vc_col-lg-4 vc_col-md-4&#8243;][vc_column_text]<\/p>\n<div class=\"bigger\">Implantologie<\/div>\n<p>[\/vc_column_text][vc_single_image image=&#8220;1439&#8243; img_size=&#8220;medium&#8220;][vc_column_text]<\/p>\n<ul>\n<li>Implantatfreilegung<\/li>\n<li>Dekontamination<\/li>\n<li>Periimplantitis<\/li>\n<\/ul>\n<p>[\/vc_column_text][\/vc_column_inner][vc_column_inner width=&#8220;1\/2&#8243; offset=&#8220;vc_col-lg-4 vc_col-md-4&#8243;][vc_column_text]<\/p>\n<div class=\"bigger\">Endodontie<\/div>\n<p>[\/vc_column_text][vc_single_image image=&#8220;1423&#8243; img_size=&#8220;medium&#8220;][vc_column_text]<\/p>\n<ul>\n<li>Keimreduktion im Kanal<\/li>\n<li>Keimreduktion retrograd<\/li>\n<li>Hohe Penetrationin den Tubuli<\/li>\n<\/ul>\n<p>[\/vc_column_text][\/vc_column_inner][vc_column_inner width=&#8220;1\/2&#8243; offset=&#8220;vc_col-lg-4 vc_col-md-4&#8243;][vc_column_text]<\/p>\n<div class=\"bigger\">Parodontologie<\/div>\n<p>[\/vc_column_text][vc_single_image image=&#8220;1425&#8243; img_size=&#8220;medium&#8220;][vc_column_text]<\/p>\n<ul>\n<li>Keimreduktion in den Taschen<\/li>\n<li>Entfernung Granulationsgewebe<\/li>\n<li>Dekontaminierung der Membranen<\/li>\n<\/ul>\n<p>[\/vc_column_text][\/vc_column_inner][vc_column_inner width=&#8220;1\/2&#8243; offset=&#8220;vc_col-lg-4 vc_col-md-4&#8243;][vc_column_text]<\/p>\n<div class=\"bigger\">Laser-Bleaching<\/div>\n<p>[\/vc_column_text][vc_single_image image=&#8220;1424&#8243; img_size=&#8220;medium&#8220;][vc_column_text]<\/p>\n<ul>\n<li>Optimierung der Behandlungszeit<\/li>\n<li>Zahnschonend<\/li>\n<li>Bessere Ergebnisse<\/li>\n<li>In office<\/li>\n<li>In einer Sitzung<\/li>\n<\/ul>\n<p>[\/vc_column_text][\/vc_column_inner][vc_column_inner width=&#8220;1\/2&#8243; offset=&#8220;vc_col-lg-4 vc_col-md-4&#8243;][vc_column_text]<\/p>\n<div class=\"bigger\">Therapie-Laser<\/div>\n<p>[\/vc_column_text][vc_single_image image=&#8220;1390&#8243; img_size=&#8220;medium&#8220;][vc_column_text]<\/p>\n<ul>\n<li>Schmerztherapie (allgemein)<\/li>\n<li>Aphthen<\/li>\n<li>Herpes<\/li>\n<li>Wundbehandlung<\/li>\n<li>W\u00fcrgereizunterdr\u00fcckung<\/li>\n<li>Kiefergelenkbeschwerden<\/li>\n<\/ul>\n<p>[\/vc_column_text][\/vc_column_inner][\/vc_row_inner][\/vc_tta_section][vc_tta_section title=&#8220;Technische Daten&#8220; tab_id=&#8220;technische-daten&#8220;]<div class=\"gem-table  gem-table-style-1\"><table style=\"width: 100%;\">\n<tbody>\n<tr>\n<td>Wellenl\u00e4nge:<\/td>\n<td>808 nm +\/- 10 nm<\/td>\n<\/tr>\n<tr>\n<td>Pulsleistung:<\/td>\n<td>0 &#8211; 15 W<\/td>\n<\/tr>\n<tr>\n<td>CW &#8211; Betrieb:<\/td>\n<td>7 W<\/td>\n<\/tr>\n<tr>\n<td>Pulsrate:<\/td>\n<td>CW . 20.000 Hz<\/td>\n<\/tr>\n<tr>\n<td>Pulsdauer:<\/td>\n<td>16 \u00b5s \/ CW<\/td>\n<\/tr>\n<tr>\n<td>Abmessungen:<\/td>\n<td>H 34 cm, B 18 cm, T 20 cm<\/td>\n<\/tr>\n<tr>\n<td>Gewicht:<\/td>\n<td>3,7<\/td>\n<\/tr>\n<tr>\n<td>Laserklasse:<\/td>\n<td>4<\/td>\n<\/tr>\n<tr>\n<td><\/td>\n<td><\/td>\n<\/tr>\n<\/tbody>\n<\/table>\n<\/div>[\/vc_tta_section][vc_tta_section title=&#8220;Zubeh\u00f6r&#8220; tab_id=&#8220;zubehoer&#8220;]<div class=\"gem-button-container gem-button-position-center thegem-button-69d3e44371ef86513 no-text-transform\" ><a title=\"Shop\" class=\"gem-button gem-button-size-medium gem-button-style-flat gem-button-text-weight-normal gem-button-icon-position-right\" style=\"border-radius: 0px;\" onmouseleave=\"\" onmouseenter=\"\" href=\"https:\/\/www.elexxion.com\/de\/shop\/\" target=\"_self\">Zum Shop<i class=\"gem-print-icon gem-icon-pack-elegant \">&#x35;<\/i><\/a><\/div> [\/vc_tta_section][\/vc_tta_tabs]<div class=\"gem-button-container gem-button-position-center thegem-button-69d3e44371f442630 no-text-transform\" ><a title=\"Shop\" class=\"gem-button gem-button-size-medium gem-button-style-flat gem-button-text-weight-normal gem-button-icon-position-right\" style=\"border-radius: 0px;\" onmouseleave=\"\" onmouseenter=\"\" href=\"https:\/\/www.elexxion.com\/de\/shop\/\" target=\"_self\">Bestellen<i class=\"gem-print-icon gem-icon-pack-elegant \">&#x35;<\/i><\/a><\/div> [\/vc_column][\/vc_row][\/vc_section]<\/p>\n","protected":false},"excerpt":{"rendered":"<p>[vc_section css=&#8220;.vc_custom_1641993733312{padding-top: 80px !important;padding-bottom: 80px !important;}&#8220; el_id=&#8220;home&#8220; el_class=&#8220;produkte&#8220;][vc_row el_class=&#8220;fm-seo-breadcrumbs&#8220;][vc_column el_class=&#8220;smaller&#8220;][vc_column_text][\/vc_column_text][\/vc_column][\/vc_row][vc_row][vc_column width=&#8220;1\/3&#8243; el_class=&#8220;smaller&#8220; offset=&#8220;vc_col-lg-3 vc_col-md-3 vc_col-xs-12&#8243;][\/vc_column][vc_column width=&#8220;2\/3&#8243; offset=&#8220;vc_col-lg-9 vc_col-md-9 vc_col-xs-12&#8243;][vc_column_text] claros&#8230;<\/p>\n","protected":false},"author":1,"featured_media":0,"parent":1371,"menu_order":0,"comment_status":"closed","ping_status":"open","template":"","meta":[],"yoast_head":"<!-- This site is optimized with the Yoast SEO plugin v17.9 - https:\/\/yoast.com\/wordpress\/plugins\/seo\/ -->\n<title>claros\u00ae nano - elexxion AG - dental laser - dentale Diodenlaser (Weichgewebe)<\/title>\n<meta name=\"description\" content=\"elexxion ag - deutscher Hersteller von Dental Lasern. Diodenlaser f\u00fcr Weichgewebe und Er:YAG-Laser f\u00fcr Hartgewebe\" \/>\n<meta name=\"robots\" content=\"index, follow, max-snippet:-1, max-image-preview:large, max-video-preview:-1\" \/>\n<link rel=\"canonical\" href=\"https:\/\/www.elexxion.com\/de\/produkte\/elexxion-nano\/\" \/>\n<meta property=\"og:locale\" content=\"de_DE\" \/>\n<meta property=\"og:type\" content=\"article\" \/>\n<meta property=\"og:title\" content=\"claros\u00ae nano - elexxion AG - dental laser - dentale Diodenlaser (Weichgewebe)\" \/>\n<meta property=\"og:description\" content=\"elexxion ag - deutscher Hersteller von Dental Lasern. Diodenlaser f\u00fcr Weichgewebe und Er:YAG-Laser f\u00fcr Hartgewebe\" \/>\n<meta property=\"og:url\" content=\"https:\/\/www.elexxion.com\/de\/produkte\/elexxion-nano\/\" \/>\n<meta property=\"og:site_name\" content=\"elexxion AG - dental laser - dentale Diodenlaser (Weichgewebe)\" \/>\n<meta property=\"article:modified_time\" content=\"2022-01-12T13:22:46+00:00\" \/>\n<meta name=\"twitter:card\" content=\"summary_large_image\" \/>\n<meta name=\"twitter:label1\" content=\"Gesch\u00e4tzte Lesezeit\" \/>\n\t<meta name=\"twitter:data1\" content=\"3 Minuten\" \/>\n<script type=\"application\/ld+json\" class=\"yoast-schema-graph\">{\"@context\":\"https:\/\/schema.org\",\"@graph\":[{\"@type\":\"WebSite\",\"@id\":\"https:\/\/www.elexxion.com\/de\/#website\",\"url\":\"https:\/\/www.elexxion.com\/de\/\",\"name\":\"elexxion AG - dental laser - dentale Diodenlaser (Weichgewebe)\",\"description\":\"elexxion AG - dental laser - dentale Diodenlaser (Weichgewebe)\",\"potentialAction\":[{\"@type\":\"SearchAction\",\"target\":{\"@type\":\"EntryPoint\",\"urlTemplate\":\"https:\/\/www.elexxion.com\/de\/?s={search_term_string}\"},\"query-input\":\"required name=search_term_string\"}],\"inLanguage\":\"de-DE\"},{\"@type\":\"WebPage\",\"@id\":\"https:\/\/www.elexxion.com\/de\/produkte\/elexxion-nano\/#webpage\",\"url\":\"https:\/\/www.elexxion.com\/de\/produkte\/elexxion-nano\/\",\"name\":\"claros\\u00ae nano - elexxion AG - dental laser - dentale Diodenlaser (Weichgewebe)\",\"isPartOf\":{\"@id\":\"https:\/\/www.elexxion.com\/de\/#website\"},\"datePublished\":\"2019-04-11T08:00:19+00:00\",\"dateModified\":\"2022-01-12T13:22:46+00:00\",\"description\":\"elexxion ag - deutscher Hersteller von Dental Lasern. Diodenlaser f\\u00fcr Weichgewebe und Er:YAG-Laser f\\u00fcr Hartgewebe\",\"breadcrumb\":{\"@id\":\"https:\/\/www.elexxion.com\/de\/produkte\/elexxion-nano\/#breadcrumb\"},\"inLanguage\":\"de-DE\",\"potentialAction\":[{\"@type\":\"ReadAction\",\"target\":[\"https:\/\/www.elexxion.com\/de\/produkte\/elexxion-nano\/\"]}]},{\"@type\":\"BreadcrumbList\",\"@id\":\"https:\/\/www.elexxion.com\/de\/produkte\/elexxion-nano\/#breadcrumb\",\"itemListElement\":[{\"@type\":\"ListItem\",\"position\":1,\"name\":\"Home\",\"item\":\"https:\/\/www.elexxion.com\/de\/\"},{\"@type\":\"ListItem\",\"position\":2,\"name\":\"Produkte\",\"item\":\"https:\/\/www.elexxion.com\/de\/produkte\/\"},{\"@type\":\"ListItem\",\"position\":3,\"name\":\"claros\\u00ae nano\"}]}]}<\/script>\n<!-- \/ Yoast SEO plugin. -->","yoast_head_json":{"title":"claros\u00ae nano - elexxion AG - dental laser - dentale Diodenlaser (Weichgewebe)","description":"elexxion ag - deutscher Hersteller von Dental Lasern. Diodenlaser f\u00fcr Weichgewebe und Er:YAG-Laser f\u00fcr Hartgewebe","robots":{"index":"index","follow":"follow","max-snippet":"max-snippet:-1","max-image-preview":"max-image-preview:large","max-video-preview":"max-video-preview:-1"},"canonical":"https:\/\/www.elexxion.com\/de\/produkte\/elexxion-nano\/","og_locale":"de_DE","og_type":"article","og_title":"claros\u00ae nano - elexxion AG - dental laser - dentale Diodenlaser (Weichgewebe)","og_description":"elexxion ag - deutscher Hersteller von Dental Lasern. Diodenlaser f\u00fcr Weichgewebe und Er:YAG-Laser f\u00fcr Hartgewebe","og_url":"https:\/\/www.elexxion.com\/de\/produkte\/elexxion-nano\/","og_site_name":"elexxion AG - dental laser - dentale Diodenlaser (Weichgewebe)","article_modified_time":"2022-01-12T13:22:46+00:00","twitter_card":"summary_large_image","twitter_misc":{"Gesch\u00e4tzte Lesezeit":"3 Minuten"},"schema":{"@context":"https:\/\/schema.org","@graph":[{"@type":"WebSite","@id":"https:\/\/www.elexxion.com\/de\/#website","url":"https:\/\/www.elexxion.com\/de\/","name":"elexxion AG - dental laser - dentale Diodenlaser (Weichgewebe)","description":"elexxion AG - dental laser - dentale Diodenlaser (Weichgewebe)","potentialAction":[{"@type":"SearchAction","target":{"@type":"EntryPoint","urlTemplate":"https:\/\/www.elexxion.com\/de\/?s={search_term_string}"},"query-input":"required name=search_term_string"}],"inLanguage":"de-DE"},{"@type":"WebPage","@id":"https:\/\/www.elexxion.com\/de\/produkte\/elexxion-nano\/#webpage","url":"https:\/\/www.elexxion.com\/de\/produkte\/elexxion-nano\/","name":"claros\u00ae nano - elexxion AG - dental laser - dentale Diodenlaser (Weichgewebe)","isPartOf":{"@id":"https:\/\/www.elexxion.com\/de\/#website"},"datePublished":"2019-04-11T08:00:19+00:00","dateModified":"2022-01-12T13:22:46+00:00","description":"elexxion ag - deutscher Hersteller von Dental Lasern. Diodenlaser f\u00fcr Weichgewebe und Er:YAG-Laser f\u00fcr Hartgewebe","breadcrumb":{"@id":"https:\/\/www.elexxion.com\/de\/produkte\/elexxion-nano\/#breadcrumb"},"inLanguage":"de-DE","potentialAction":[{"@type":"ReadAction","target":["https:\/\/www.elexxion.com\/de\/produkte\/elexxion-nano\/"]}]},{"@type":"BreadcrumbList","@id":"https:\/\/www.elexxion.com\/de\/produkte\/elexxion-nano\/#breadcrumb","itemListElement":[{"@type":"ListItem","position":1,"name":"Home","item":"https:\/\/www.elexxion.com\/de\/"},{"@type":"ListItem","position":2,"name":"Produkte","item":"https:\/\/www.elexxion.com\/de\/produkte\/"},{"@type":"ListItem","position":3,"name":"claros\u00ae nano"}]}]}},"_links":{"self":[{"href":"https:\/\/www.elexxion.com\/de\/wp-json\/wp\/v2\/pages\/1431"}],"collection":[{"href":"https:\/\/www.elexxion.com\/de\/wp-json\/wp\/v2\/pages"}],"about":[{"href":"https:\/\/www.elexxion.com\/de\/wp-json\/wp\/v2\/types\/page"}],"author":[{"embeddable":true,"href":"https:\/\/www.elexxion.com\/de\/wp-json\/wp\/v2\/users\/1"}],"replies":[{"embeddable":true,"href":"https:\/\/www.elexxion.com\/de\/wp-json\/wp\/v2\/comments?post=1431"}],"version-history":[{"count":30,"href":"https:\/\/www.elexxion.com\/de\/wp-json\/wp\/v2\/pages\/1431\/revisions"}],"predecessor-version":[{"id":5088,"href":"https:\/\/www.elexxion.com\/de\/wp-json\/wp\/v2\/pages\/1431\/revisions\/5088"}],"up":[{"embeddable":true,"href":"https:\/\/www.elexxion.com\/de\/wp-json\/wp\/v2\/pages\/1371"}],"wp:attachment":[{"href":"https:\/\/www.elexxion.com\/de\/wp-json\/wp\/v2\/media?parent=1431"}],"curies":[{"name":"wp","href":"https:\/\/api.w.org\/{rel}","templated":true}]}}