{"id":1414,"date":"2019-04-10T17:40:50","date_gmt":"2019-04-10T15:40:50","guid":{"rendered":"https:\/\/elexxion.dev.felix.media\/?page_id=1414"},"modified":"2022-01-12T14:22:39","modified_gmt":"2022-01-12T13:22:39","slug":"elexxion-pico","status":"publish","type":"page","link":"https:\/\/www.elexxion.com\/de\/produkte\/elexxion-pico\/","title":{"rendered":"claros\u00ae pico"},"content":{"rendered":"<p>[vc_section css=&#8220;.vc_custom_1641993733972{padding-top: 80px !important;padding-bottom: 80px !important;}&#8220; el_id=&#8220;home&#8220; el_class=&#8220;produkte&#8220;][vc_row el_class=&#8220;fm-seo-breadcrumbs&#8220;][vc_column el_class=&#8220;smaller&#8220;][vc_column_text]<span><span><a href=\"https:\/\/www.elexxion.com\/de\/\">Home<\/a><\/span>[\/vc_column_text][\/vc_column][\/vc_row][vc_row][vc_column width=&#8220;1\/3&#8243; el_class=&#8220;smaller&#8220; offset=&#8220;vc_col-lg-3 vc_col-md-3 vc_col-xs-12&#8243;][\/vc_column][vc_column width=&#8220;2\/3&#8243; offset=&#8220;vc_col-lg-9 vc_col-md-9 vc_col-xs-12&#8243;][vc_column_text]<\/p>\n<h3>claros\u00ae pico<\/h3>\n<h3 class=\"font-weight-400\">Entwickelt speziell f\u00fcr Praktiker<\/h3>\n<p>[\/vc_column_text][\/vc_column][\/vc_row][vc_row][vc_column width=&#8220;1\/3&#8243; offset=&#8220;vc_col-lg-3 vc_col-md-3 vc_col-xs-12&#8243; el_class=&#8220;side-navi-wrapper&#8220;][vc_column_text]<\/p>\n<div class=\"smaller side-navi\"><span class=\"active\">claros\u00ae pico<\/span><br \/>\n<a href=\"https:\/\/www.elexxion.com\/de\/produkte\/elexxion-nano\/\">claros\u00ae nano<\/a><br \/>\n<a href=\"https:\/\/www.elexxion.com\/de\/produkte\/elexxion-claros\/\">claros\u00ae 50W<\/a><br \/>\n<a href=\"https:\/\/www.elexxion.com\/de\/produkte\/snore3\/\">SNORE3<\/a><\/div>\n<p>[\/vc_column_text][vc_column_text]<\/p>\n<div class=\"smaller side-navi\"><strong>Downloads zu elexxion pico<\/strong><br \/>\n<a href=\"https:\/\/www.elexxion.com\/de\/downloads\/\">Zu den Downloads<\/a><\/div>\n<p>[\/vc_column_text][\/vc_column][vc_column width=&#8220;2\/3&#8243; offset=&#8220;vc_col-lg-9 vc_col-md-9 vc_col-xs-12&#8243;][vc_tta_tabs style=&#8220;flat&#8220; spacing=&#8220;3&#8243; active_section=&#8220;1&#8243;][vc_tta_section title=&#8220;Beschreibung&#8220; tab_id=&#8220;beschreibung&#8220;][vc_row_inner][vc_column_inner offset=&#8220;vc_col-lg-3 vc_col-md-3&#8243;][vc_single_image image=&#8220;1417&#8243; img_size=&#8220;medium&#8220; alignment=&#8220;center&#8220;][\/vc_column_inner][vc_column_inner offset=&#8220;vc_col-lg-9 vc_col-md-9&#8243;][vc_column_text]Viele Zahn\u00e4rzte waren bislang eher kritisch, wenn es um den Einsatz von Dentallasern in der eigenen Praxis geht. Jetzt aber wandelt sich das Bild. Immer mehr Zahn\u00e4rzte erkennen, dass die Patienten die Laserbehandlung, dort wo es indiziert ist, der konventionellen Therapie vorziehen. Denn die Patienten sp\u00fcren: Die Lasertherapie ist im Vergleich schneller, schmerz\u00e4rmer, effektiver und erfolgt blutungsfrei.<\/p>\n<p>Mit der Einf\u00fchrung eines mobilen, auf das Wesentliche reduzierten Diodenlasers \u201eMade in Germany\u201c, ist es nun allen Zahn\u00e4rzten m\u00f6glich, diese anerkannte Therapieform auch in ihrer Praxis unkompliziert einzuf\u00fchren.<\/p>\n<p>Genial einfach und doch professionell: Mit nur f\u00fcnf \u201eTasten\u201c kann sich der Zahnarzt beim claros pico\u00ae durch eine F\u00fclle von wissenschaftlich anerkannten Behandlungsm\u00f6glichkeiten steuern. Erwiesen ist: Hochwertige Dentallaser erlauben schnellere Erfolge und effektiveres Arbeiten. Das schont auch die Nerven der Patienten.<\/p>\n<p>Endlich ein auf das Wesentliche reduzierter Dental-Laser \u201eMade in Germany\u201c, der Mobilit\u00e4t und Professionalit\u00e4t vereinigt.[\/vc_column_text][\/vc_column_inner][\/vc_row_inner][\/vc_tta_section][vc_tta_section title=&#8220;Applikationen&#8220; tab_id=&#8220;applikationen&#8220;][vc_row_inner][vc_column_inner width=&#8220;1\/2&#8243; offset=&#8220;vc_col-lg-4 vc_col-md-4&#8243;][vc_column_text]<\/p>\n<div class=\"bigger\">Chirurgie<\/div>\n<p>[\/vc_column_text][vc_single_image image=&#8220;1422&#8243; img_size=&#8220;medium&#8220;][vc_column_text]3 Chirurgie &#8211; Tasten f\u00fcr diverse Indikationen, z.B. Abzess \u00d6ffnungen, Blutstillung, Retentionszyten[\/vc_column_text][\/vc_column_inner][vc_column_inner width=&#8220;1\/2&#8243; offset=&#8220;vc_col-lg-4 vc_col-md-4&#8243;][vc_column_text]<\/p>\n<div class=\"bigger\">Endodontie<\/div>\n<p>[\/vc_column_text][vc_single_image image=&#8220;1423&#8243; img_size=&#8220;medium&#8220;][vc_column_text]<\/p>\n<ul>\n<li>Keimreduktion im Kanal<\/li>\n<li>Keimreduktion retrograd<\/li>\n<li>Hohe Penetration in den Tubuli<\/li>\n<\/ul>\n<p>[\/vc_column_text][\/vc_column_inner][vc_column_inner width=&#8220;1\/2&#8243; offset=&#8220;vc_col-lg-4 vc_col-md-4&#8243;][vc_column_text]<\/p>\n<div class=\"bigger\">Parodontologie<\/div>\n<p>[\/vc_column_text][vc_single_image image=&#8220;1425&#8243; img_size=&#8220;medium&#8220;][vc_column_text]<\/p>\n<ul>\n<li>Keimreduktion in den Taschen<\/li>\n<li>Entfernung von Granulationsgewebe<\/li>\n<li>Dekontaminierung der Membranen<\/li>\n<\/ul>\n<p>[\/vc_column_text][\/vc_column_inner][vc_column_inner width=&#8220;1\/2&#8243; offset=&#8220;vc_col-lg-4 vc_col-md-4&#8243;][vc_column_text]<\/p>\n<div class=\"bigger\">Laser-Bleaching<\/div>\n<p>[\/vc_column_text][vc_single_image image=&#8220;1424&#8243; img_size=&#8220;medium&#8220;][vc_column_text]<\/p>\n<ul>\n<li>Optimierung der Behandlungszeit<\/li>\n<li>Zahnschonend<\/li>\n<li>Bessere Ergebnisse<\/li>\n<li>In office<\/li>\n<li>In einer Sitzung<\/li>\n<\/ul>\n<p>[\/vc_column_text][\/vc_column_inner][vc_column_inner width=&#8220;1\/2&#8243; offset=&#8220;vc_col-lg-4 vc_col-md-4&#8243;][vc_column_text]<\/p>\n<div class=\"bigger\">Therapie-Laser<\/div>\n<p>[\/vc_column_text][vc_single_image image=&#8220;1390&#8243; img_size=&#8220;medium&#8220;][vc_column_text]<\/p>\n<ul>\n<li>Schmerztherapie (allgemein)<\/li>\n<li>Aphthen<\/li>\n<li>Herpes<\/li>\n<li>Wundbehandlung<\/li>\n<li>W\u00fcrgereizunterdr\u00fcckung<\/li>\n<li>Kiefergelenkbeschwerden<\/li>\n<\/ul>\n<p>[\/vc_column_text][\/vc_column_inner][\/vc_row_inner][\/vc_tta_section][vc_tta_section title=&#8220;Technische Daten&#8220; tab_id=&#8220;technische-daten&#8220;]<div class=\"gem-table  gem-table-style-1\"><table style=\"width: 100%;\">\n<tbody>\n<tr>\n<td>Wellenl\u00e4nge:<\/td>\n<td>808 nm +\/- 10 nm<\/td>\n<\/tr>\n<tr>\n<td>Pulsleistung:<\/td>\n<td>5 W<\/td>\n<\/tr>\n<tr>\n<td>CW &#8211; Betrieb:<\/td>\n<td>1 W<\/td>\n<\/tr>\n<tr>\n<td>Pulsrate:<\/td>\n<td>12.000 &#8211; 20.000 Hz<\/td>\n<\/tr>\n<tr>\n<td>Pulsdauer:<\/td>\n<td>26 \u00b5s \/ CW<\/td>\n<\/tr>\n<tr>\n<td>Abmessungen:<\/td>\n<td>H 11,5 cm, B 9 cm, T 2,8 cm<\/td>\n<\/tr>\n<tr>\n<td>Gewicht:<\/td>\n<td>590 g<\/td>\n<\/tr>\n<tr>\n<td>Laserklasse:<\/td>\n<td>4<\/td>\n<\/tr>\n<tr>\n<td><\/td>\n<td><\/td>\n<\/tr>\n<\/tbody>\n<\/table>\n<\/div>[\/vc_tta_section][vc_tta_section title=&#8220;Zubeh\u00f6r&#8220; tab_id=&#8220;zubehoer&#8220;]<div class=\"gem-button-container gem-button-position-center thegem-button-69df589212f9c7469 no-text-transform\" ><a title=\"Shop\" class=\"gem-button gem-button-size-medium gem-button-style-flat gem-button-text-weight-normal gem-button-icon-position-right\" style=\"border-radius: 0px;\" onmouseleave=\"\" onmouseenter=\"\" href=\"https:\/\/www.elexxion.com\/de\/shop\/\" target=\"_self\">Zum Shop<i class=\"gem-print-icon gem-icon-pack-elegant \">&#x35;<\/i><\/a><\/div> [\/vc_tta_section][\/vc_tta_tabs]<div class=\"gem-button-container gem-button-position-center thegem-button-69df589212fe63805 no-text-transform\" ><a title=\"Shop\" class=\"gem-button gem-button-size-medium gem-button-style-flat gem-button-text-weight-normal gem-button-icon-position-right\" style=\"border-radius: 0px;\" onmouseleave=\"\" onmouseenter=\"\" href=\"https:\/\/www.elexxion.com\/de\/shop\/\" target=\"_self\">Bestellen<i class=\"gem-print-icon gem-icon-pack-elegant \">&#x35;<\/i><\/a><\/div> [\/vc_column][\/vc_row][\/vc_section]<\/p>\n","protected":false},"excerpt":{"rendered":"<p>[vc_section css=&#8220;.vc_custom_1641993733972{padding-top: 80px !important;padding-bottom: 80px !important;}&#8220; el_id=&#8220;home&#8220; el_class=&#8220;produkte&#8220;][vc_row el_class=&#8220;fm-seo-breadcrumbs&#8220;][vc_column el_class=&#8220;smaller&#8220;][vc_column_text][\/vc_column_text][\/vc_column][\/vc_row][vc_row][vc_column width=&#8220;1\/3&#8243; el_class=&#8220;smaller&#8220; offset=&#8220;vc_col-lg-3 vc_col-md-3 vc_col-xs-12&#8243;][\/vc_column][vc_column width=&#8220;2\/3&#8243; offset=&#8220;vc_col-lg-9 vc_col-md-9 vc_col-xs-12&#8243;][vc_column_text] claros\u00ae&#8230;<\/p>\n","protected":false},"author":1,"featured_media":0,"parent":1371,"menu_order":0,"comment_status":"closed","ping_status":"open","template":"","meta":[],"yoast_head":"<!-- This site is optimized with the Yoast SEO plugin v17.9 - https:\/\/yoast.com\/wordpress\/plugins\/seo\/ -->\n<title>claros\u00ae pico - elexxion AG - dental laser - dentale Diodenlaser (Weichgewebe)<\/title>\n<meta name=\"description\" content=\"elexxion ag - deutscher Hersteller von Dental Lasern. Diodenlaser f\u00fcr Weichgewebe und Er:YAG-Laser f\u00fcr Hartgewebe\" \/>\n<meta name=\"robots\" content=\"index, follow, max-snippet:-1, max-image-preview:large, max-video-preview:-1\" \/>\n<link rel=\"canonical\" href=\"https:\/\/www.elexxion.com\/de\/produkte\/elexxion-pico\/\" \/>\n<meta property=\"og:locale\" content=\"de_DE\" \/>\n<meta property=\"og:type\" content=\"article\" \/>\n<meta property=\"og:title\" content=\"claros\u00ae pico - elexxion AG - dental laser - dentale Diodenlaser (Weichgewebe)\" \/>\n<meta property=\"og:description\" content=\"elexxion ag - deutscher Hersteller von Dental Lasern. Diodenlaser f\u00fcr Weichgewebe und Er:YAG-Laser f\u00fcr Hartgewebe\" \/>\n<meta property=\"og:url\" content=\"https:\/\/www.elexxion.com\/de\/produkte\/elexxion-pico\/\" \/>\n<meta property=\"og:site_name\" content=\"elexxion AG - dental laser - dentale Diodenlaser (Weichgewebe)\" \/>\n<meta property=\"article:modified_time\" content=\"2022-01-12T13:22:39+00:00\" \/>\n<meta name=\"twitter:card\" content=\"summary_large_image\" \/>\n<meta name=\"twitter:label1\" content=\"Gesch\u00e4tzte Lesezeit\" \/>\n\t<meta name=\"twitter:data1\" content=\"2 Minuten\" \/>\n<script type=\"application\/ld+json\" class=\"yoast-schema-graph\">{\"@context\":\"https:\/\/schema.org\",\"@graph\":[{\"@type\":\"WebSite\",\"@id\":\"https:\/\/www.elexxion.com\/de\/#website\",\"url\":\"https:\/\/www.elexxion.com\/de\/\",\"name\":\"elexxion AG - dental laser - dentale Diodenlaser (Weichgewebe)\",\"description\":\"elexxion AG - dental laser - dentale Diodenlaser (Weichgewebe)\",\"potentialAction\":[{\"@type\":\"SearchAction\",\"target\":{\"@type\":\"EntryPoint\",\"urlTemplate\":\"https:\/\/www.elexxion.com\/de\/?s={search_term_string}\"},\"query-input\":\"required name=search_term_string\"}],\"inLanguage\":\"de-DE\"},{\"@type\":\"WebPage\",\"@id\":\"https:\/\/www.elexxion.com\/de\/produkte\/elexxion-pico\/#webpage\",\"url\":\"https:\/\/www.elexxion.com\/de\/produkte\/elexxion-pico\/\",\"name\":\"claros\\u00ae pico - elexxion AG - dental laser - dentale Diodenlaser (Weichgewebe)\",\"isPartOf\":{\"@id\":\"https:\/\/www.elexxion.com\/de\/#website\"},\"datePublished\":\"2019-04-10T15:40:50+00:00\",\"dateModified\":\"2022-01-12T13:22:39+00:00\",\"description\":\"elexxion ag - deutscher Hersteller von Dental Lasern. Diodenlaser f\\u00fcr Weichgewebe und Er:YAG-Laser f\\u00fcr Hartgewebe\",\"breadcrumb\":{\"@id\":\"https:\/\/www.elexxion.com\/de\/produkte\/elexxion-pico\/#breadcrumb\"},\"inLanguage\":\"de-DE\",\"potentialAction\":[{\"@type\":\"ReadAction\",\"target\":[\"https:\/\/www.elexxion.com\/de\/produkte\/elexxion-pico\/\"]}]},{\"@type\":\"BreadcrumbList\",\"@id\":\"https:\/\/www.elexxion.com\/de\/produkte\/elexxion-pico\/#breadcrumb\",\"itemListElement\":[{\"@type\":\"ListItem\",\"position\":1,\"name\":\"Home\",\"item\":\"https:\/\/www.elexxion.com\/de\/\"},{\"@type\":\"ListItem\",\"position\":2,\"name\":\"Produkte\",\"item\":\"https:\/\/www.elexxion.com\/de\/produkte\/\"},{\"@type\":\"ListItem\",\"position\":3,\"name\":\"claros\\u00ae pico\"}]}]}<\/script>\n<!-- \/ Yoast SEO plugin. -->","yoast_head_json":{"title":"claros\u00ae pico - elexxion AG - dental laser - dentale Diodenlaser (Weichgewebe)","description":"elexxion ag - deutscher Hersteller von Dental Lasern. Diodenlaser f\u00fcr Weichgewebe und Er:YAG-Laser f\u00fcr Hartgewebe","robots":{"index":"index","follow":"follow","max-snippet":"max-snippet:-1","max-image-preview":"max-image-preview:large","max-video-preview":"max-video-preview:-1"},"canonical":"https:\/\/www.elexxion.com\/de\/produkte\/elexxion-pico\/","og_locale":"de_DE","og_type":"article","og_title":"claros\u00ae pico - elexxion AG - dental laser - dentale Diodenlaser (Weichgewebe)","og_description":"elexxion ag - deutscher Hersteller von Dental Lasern. Diodenlaser f\u00fcr Weichgewebe und Er:YAG-Laser f\u00fcr Hartgewebe","og_url":"https:\/\/www.elexxion.com\/de\/produkte\/elexxion-pico\/","og_site_name":"elexxion AG - dental laser - dentale Diodenlaser (Weichgewebe)","article_modified_time":"2022-01-12T13:22:39+00:00","twitter_card":"summary_large_image","twitter_misc":{"Gesch\u00e4tzte Lesezeit":"2 Minuten"},"schema":{"@context":"https:\/\/schema.org","@graph":[{"@type":"WebSite","@id":"https:\/\/www.elexxion.com\/de\/#website","url":"https:\/\/www.elexxion.com\/de\/","name":"elexxion AG - dental laser - dentale Diodenlaser (Weichgewebe)","description":"elexxion AG - dental laser - dentale Diodenlaser (Weichgewebe)","potentialAction":[{"@type":"SearchAction","target":{"@type":"EntryPoint","urlTemplate":"https:\/\/www.elexxion.com\/de\/?s={search_term_string}"},"query-input":"required name=search_term_string"}],"inLanguage":"de-DE"},{"@type":"WebPage","@id":"https:\/\/www.elexxion.com\/de\/produkte\/elexxion-pico\/#webpage","url":"https:\/\/www.elexxion.com\/de\/produkte\/elexxion-pico\/","name":"claros\u00ae pico - elexxion AG - dental laser - dentale Diodenlaser (Weichgewebe)","isPartOf":{"@id":"https:\/\/www.elexxion.com\/de\/#website"},"datePublished":"2019-04-10T15:40:50+00:00","dateModified":"2022-01-12T13:22:39+00:00","description":"elexxion ag - deutscher Hersteller von Dental Lasern. Diodenlaser f\u00fcr Weichgewebe und Er:YAG-Laser f\u00fcr Hartgewebe","breadcrumb":{"@id":"https:\/\/www.elexxion.com\/de\/produkte\/elexxion-pico\/#breadcrumb"},"inLanguage":"de-DE","potentialAction":[{"@type":"ReadAction","target":["https:\/\/www.elexxion.com\/de\/produkte\/elexxion-pico\/"]}]},{"@type":"BreadcrumbList","@id":"https:\/\/www.elexxion.com\/de\/produkte\/elexxion-pico\/#breadcrumb","itemListElement":[{"@type":"ListItem","position":1,"name":"Home","item":"https:\/\/www.elexxion.com\/de\/"},{"@type":"ListItem","position":2,"name":"Produkte","item":"https:\/\/www.elexxion.com\/de\/produkte\/"},{"@type":"ListItem","position":3,"name":"claros\u00ae pico"}]}]}},"_links":{"self":[{"href":"https:\/\/www.elexxion.com\/de\/wp-json\/wp\/v2\/pages\/1414"}],"collection":[{"href":"https:\/\/www.elexxion.com\/de\/wp-json\/wp\/v2\/pages"}],"about":[{"href":"https:\/\/www.elexxion.com\/de\/wp-json\/wp\/v2\/types\/page"}],"author":[{"embeddable":true,"href":"https:\/\/www.elexxion.com\/de\/wp-json\/wp\/v2\/users\/1"}],"replies":[{"embeddable":true,"href":"https:\/\/www.elexxion.com\/de\/wp-json\/wp\/v2\/comments?post=1414"}],"version-history":[{"count":35,"href":"https:\/\/www.elexxion.com\/de\/wp-json\/wp\/v2\/pages\/1414\/revisions"}],"predecessor-version":[{"id":5086,"href":"https:\/\/www.elexxion.com\/de\/wp-json\/wp\/v2\/pages\/1414\/revisions\/5086"}],"up":[{"embeddable":true,"href":"https:\/\/www.elexxion.com\/de\/wp-json\/wp\/v2\/pages\/1371"}],"wp:attachment":[{"href":"https:\/\/www.elexxion.com\/de\/wp-json\/wp\/v2\/media?parent=1414"}],"curies":[{"name":"wp","href":"https:\/\/api.w.org\/{rel}","templated":true}]}}